{"id":3468,"date":"2022-09-10T08:30:44","date_gmt":"2022-09-10T08:30:44","guid":{"rendered":"https:\/\/conferences.sigappfr.org\/medes2025\/?page_id=3468"},"modified":"2025-05-22T13:51:21","modified_gmt":"2025-05-22T13:51:21","slug":"program-committee","status":"publish","type":"page","link":"https:\/\/conferences.sigappfr.org\/medes2025\/program-committee\/","title":{"rendered":"Program Committee"},"content":{"rendered":"<p>[vc_row][vc_column][vc_column_text]<\/p>\n<table style=\"height: 1196px;\" width=\"842\">\n<tbody>\n<tr>\n<td width=\"156\">Khalid Benali<\/td>\n<td width=\"469\">Universit\u00e9 de Lorraine<\/td>\n<\/tr>\n<tr>\n<td>Allel Hadjali<\/td>\n<td>Universit\u00e9 de Poitiers<\/td>\n<\/tr>\n<tr>\n<td>Hao Han<\/td>\n<td>Konica Minolta<\/td>\n<\/tr>\n<tr>\n<td>Raffaele Montella<\/td>\n<td>University of Naples &#8220;Parthenope&#8221;<\/td>\n<\/tr>\n<tr>\n<td>Imad Saleh<\/td>\n<td>Universit\u00e9 Paris 8<\/td>\n<\/tr>\n<tr>\n<td>Lionel Seinturier<\/td>\n<td>University of Lille<\/td>\n<\/tr>\n<tr>\n<td>Qiang Zhu<\/td>\n<td>University of Michigan &#8211; Dearborn<\/td>\n<\/tr>\n<tr>\n<td>Yannis Manolopoulos<\/td>\n<td>Aristotle University of Thessaloniki<\/td>\n<\/tr>\n<tr>\n<td>Rodrigo Santos<\/td>\n<td>Universidade Federal do Estado do Rio de Janeiro<\/td>\n<\/tr>\n<tr>\n<td>Morad Benyoucef<\/td>\n<td>\u00a0University of Ottawa<\/td>\n<\/tr>\n<tr>\n<td>Adel Jebali<\/td>\n<td>\u00a0Concordia University<\/td>\n<\/tr>\n<tr>\n<td>Christoph Bussler<\/td>\n<td><\/td>\n<\/tr>\n<tr>\n<td>Amel Benna<\/td>\n<td>Centre de recherche sur l&#8217;information scientifique et technique<\/td>\n<\/tr>\n<tr>\n<td>Ngoc-Thanh Nguyen<\/td>\n<td>Wroclaw University of Science and Technology<\/td>\n<\/tr>\n<tr>\n<td>Antonio Corral<\/td>\n<td>\u00a0University of Almeria<\/td>\n<\/tr>\n<tr>\n<td>Yasufumi Takama<\/td>\n<td>Tokyo Metropolitan University<\/td>\n<\/tr>\n<tr>\n<td>Adel Alti<\/td>\n<td>University of Setif &#8211; Algeria<\/td>\n<\/tr>\n<tr>\n<td>Tommi Mikkonen<\/td>\n<td>University of Jyv\u00e4skyl\u00e4<\/td>\n<\/tr>\n<tr>\n<td>Sana Sellami<\/td>\n<td>Aix Marseille University<\/td>\n<\/tr>\n<tr>\n<td>Wieland Schwinger<\/td>\n<td>Johannes Kepler University Linz<\/td>\n<\/tr>\n<tr>\n<td>Nikolaos Polatidis<\/td>\n<td>University of Brighton<\/td>\n<\/tr>\n<tr>\n<td>Santiago Melia<\/td>\n<td>Universidad de Alicante<\/td>\n<\/tr>\n<tr>\n<td>Epaminondas Kapetanios<\/td>\n<td>University of Hertfordshire &#8211; School of Physics<\/td>\n<\/tr>\n<tr>\n<td>Mirjana Ivanovic<\/td>\n<td>University of Novi Sad<\/td>\n<\/tr>\n<tr>\n<td>Djamal Benslimane<\/td>\n<td>Lyon 1 University<\/td>\n<\/tr>\n<tr>\n<td>Caetano Traina<\/td>\n<td>USP<\/td>\n<\/tr>\n<tr>\n<td>Aimad Qazdar<\/td>\n<td>Ibn Zohr University<\/td>\n<\/tr>\n<tr>\n<td>Chrisa Tsinaraki<\/td>\n<td>Technical University of Crete<\/td>\n<\/tr>\n<tr>\n<td>Gefei Zhang<\/td>\n<td>University of Applied Sciences (Hochschule f\u00fcr Technik und Wirtschaft Berlin)<\/td>\n<\/tr>\n<tr>\n<td>Anne Laurent<\/td>\n<td>University of Montpellier<\/td>\n<\/tr>\n<tr>\n<td>Benkrid Soumia<\/td>\n<td>\u00a0ESI<\/td>\n<\/tr>\n<tr>\n<td>Sergio Ilarri<\/td>\n<td>University of Zaragoza<\/td>\n<\/tr>\n<tr>\n<td>Joe Tekli<\/td>\n<td>Lebanese American University<\/td>\n<\/tr>\n<tr>\n<td>Masashi Tsuchida<\/td>\n<td>Tokyo Metropolitan University<\/td>\n<\/tr>\n<tr>\n<td>Tulay Yildirim<\/td>\n<td>Yildiz Technical University<\/td>\n<\/tr>\n<tr>\n<td>Sylvain Lefebvre<\/td>\n<td><a href=\"mailto:L@b%20ISEN\">L@b ISEN<\/a><\/td>\n<\/tr>\n<tr>\n<td>Tetsuya Araki<\/td>\n<td>Yamaguchi University<\/td>\n<\/tr>\n<tr>\n<td>Jutta Eckstein<\/td>\n<td>Independent<\/td>\n<\/tr>\n<\/tbody>\n<\/table>\n<p>[\/vc_column_text][\/vc_column][\/vc_row][vc_row disable_element=&#8221;yes&#8221;][vc_column][vc_column_text]<\/p>\n<h3 style=\"text-align: center;\">To be announced!<\/h3>\n<p>[\/vc_column_text][\/vc_column][\/vc_row]<\/p>\n","protected":false},"excerpt":{"rendered":"<p>[vc_row][vc_column][vc_column_text] Khalid Benali Universit\u00e9 de Lorraine Allel Hadjali Universit\u00e9 de Poitiers Hao Han Konica Minolta Raffaele Montella University of Naples &#8220;Parthenope&#8221; Imad Saleh Universit\u00e9 Paris 8 Lionel Seinturier University of Lille Qiang Zhu University of Michigan &#8211; Dearborn Yannis Manolopoulos&#8230;<\/p>\n","protected":false},"author":1,"featured_media":0,"parent":0,"menu_order":0,"comment_status":"closed","ping_status":"closed","template":"","meta":{"footnotes":""},"class_list":["post-3468","page","type-page","status-publish","hentry"],"_links":{"self":[{"href":"https:\/\/conferences.sigappfr.org\/medes2025\/wp-json\/wp\/v2\/pages\/3468","targetHints":{"allow":["GET"]}}],"collection":[{"href":"https:\/\/conferences.sigappfr.org\/medes2025\/wp-json\/wp\/v2\/pages"}],"about":[{"href":"https:\/\/conferences.sigappfr.org\/medes2025\/wp-json\/wp\/v2\/types\/page"}],"author":[{"embeddable":true,"href":"https:\/\/conferences.sigappfr.org\/medes2025\/wp-json\/wp\/v2\/users\/1"}],"replies":[{"embeddable":true,"href":"https:\/\/conferences.sigappfr.org\/medes2025\/wp-json\/wp\/v2\/comments?post=3468"}],"version-history":[{"count":15,"href":"https:\/\/conferences.sigappfr.org\/medes2025\/wp-json\/wp\/v2\/pages\/3468\/revisions"}],"predecessor-version":[{"id":5264,"href":"https:\/\/conferences.sigappfr.org\/medes2025\/wp-json\/wp\/v2\/pages\/3468\/revisions\/5264"}],"wp:attachment":[{"href":"https:\/\/conferences.sigappfr.org\/medes2025\/wp-json\/wp\/v2\/media?parent=3468"}],"curies":[{"name":"wp","href":"https:\/\/api.w.org\/{rel}","templated":true}]}}