{"id":4879,"date":"2024-10-21T13:57:08","date_gmt":"2024-10-21T13:57:08","guid":{"rendered":"https:\/\/conferences.sigappfr.org\/medes2024\/?page_id=4879"},"modified":"2024-10-29T13:46:20","modified_gmt":"2024-10-29T13:46:20","slug":"main-conference","status":"publish","type":"page","link":"https:\/\/conferences.sigappfr.org\/medes2024\/main-conference\/","title":{"rendered":"Main conference"},"content":{"rendered":"<p>[vc_row][vc_column][vc_column_text]<\/p>\n<table width=\"871\">\n<tbody>\n<tr>\n<td width=\"36\"><\/td>\n<td width=\"367\">Authors<\/td>\n<td width=\"367\">Title<\/td>\n<td width=\"101\">Type<\/td>\n<\/tr>\n<tr>\n<td width=\"36\">0207<\/td>\n<td width=\"367\">Nadia Ben Hadj Boubaker, Nadia Yacoubi Ayadi and Zahra Kodia<\/td>\n<td width=\"367\">Personalized E-Learning Knowledge Graph-based Recommender<br \/>\nSystem using Ensemble Attention Networks<\/td>\n<td width=\"101\">Regular<\/td>\n<\/tr>\n<tr>\n<td width=\"36\">0757<\/td>\n<td width=\"367\">Juan Alberto Llopis, Luis Iribarne, Javier Criado, Antonio<br \/>\nJes\u00fas Fern\u00e1ndez Garc\u00eda and Richard Chbeir<\/td>\n<td width=\"367\">Federated Discovery on the Web of Things<\/td>\n<td width=\"101\">Regular<\/td>\n<\/tr>\n<tr>\n<td width=\"36\">1989<\/td>\n<td width=\"367\">Saman Fouladi, Gabriele Gianini, Deborah Fazzini,<br \/>\nAlessandro Maiocchi, Ernesto Damiani, Sergio Papa and Marco<br \/>\nAl\u00ec<\/td>\n<td width=\"367\">Advanced Prostate MRI Analysis: UNET-based Models for Zonal<br \/>\nand Lesion Segmentation<\/td>\n<td width=\"101\">Regular<\/td>\n<\/tr>\n<tr>\n<td width=\"36\">2049<\/td>\n<td width=\"367\">Halima Amekran and Adel Noureddine<\/td>\n<td width=\"367\">Green IT and Sustainable Practices of Local Authorities in<br \/>\nFrance<\/td>\n<td width=\"101\">Regular<\/td>\n<\/tr>\n<tr>\n<td width=\"36\">2176<\/td>\n<td width=\"367\">Shera Potka, Isla Li, Jason Kepler and Alex Thomo<\/td>\n<td width=\"367\">Enhancing Structural Minority Visibility in Link<br \/>\nRecommendations<\/td>\n<td width=\"101\">Regular<\/td>\n<\/tr>\n<tr>\n<td width=\"36\">3153<\/td>\n<td width=\"367\">Duha Al-Darras, Nesreen Hamad and Bashar Al-Shboul<\/td>\n<td width=\"367\">Exploring Clustering Improvement: A Comparative Study of<br \/>\nUtilizing Metaheuristics and Initialization Strategies<\/td>\n<td width=\"101\">Regular<\/td>\n<\/tr>\n<tr>\n<td width=\"36\">3163<\/td>\n<td width=\"367\">Mariem Haous and Raouia Mokni<\/td>\n<td width=\"367\">A Hybrid Deep Learning Model for Predicting the Mental<br \/>\nHealth States of Individuals from Digital Media Content to<br \/>\nPrevent Suicide<\/td>\n<td width=\"101\">Regular<\/td>\n<\/tr>\n<tr>\n<td width=\"36\">3421<\/td>\n<td width=\"367\">Ines Ramos, Gabriele Gianini and Ernesto Damiani<\/td>\n<td width=\"367\">Unlabeled multimodal datasets for robust emotion recognition<\/td>\n<td width=\"101\">Regular<\/td>\n<\/tr>\n<tr>\n<td width=\"36\">3801<\/td>\n<td width=\"367\">Imen Ouled Dlala, Said Jabbour and Badran Raddaoui<\/td>\n<td width=\"367\">Boosting the Discovery of Interval Patterns using SAT<\/td>\n<td width=\"101\">Regular<\/td>\n<\/tr>\n<tr>\n<td width=\"36\">4241<\/td>\n<td width=\"367\">Awatef Messaoudi, Hayet Boughrara and Zied Lachiri<\/td>\n<td width=\"367\">Assessing Pre-trained Transformer Models for Textual<br \/>\nEmotion Sensing In Continuous Space<\/td>\n<td width=\"101\">Regular<\/td>\n<\/tr>\n<tr>\n<td width=\"36\">4466<\/td>\n<td width=\"367\">Sabri Allani, Karam Bou Chaaya and Helmi Rais<\/td>\n<td width=\"367\">ELISAR: An Adaptive Framework for Cybersecurity Risk<br \/>\nAssessment Powered by GenAI<\/td>\n<td width=\"101\">Regular<\/td>\n<\/tr>\n<tr>\n<td width=\"36\">5270<\/td>\n<td width=\"367\">Mohammad Hajarian<\/td>\n<td width=\"367\">Sociogamify 2.0: Innovating Application Design with<br \/>\nGamified Social Networking for Enhanced User Engagement<\/td>\n<td width=\"101\">Regular<\/td>\n<\/tr>\n<tr>\n<td width=\"36\">5741<\/td>\n<td width=\"367\">Natalia Selini Hadjidimitriou, Thorsten Koch, Milena<br \/>\nPetkovic, Marco Lippi and Marco Mamei<\/td>\n<td width=\"367\">Analysis of the impact of COVID-19 and Russo-Ukraine war on<br \/>\nnatural gas transmission using time series forecasting<\/td>\n<td width=\"101\">Regular<\/td>\n<\/tr>\n<tr>\n<td width=\"36\">6264<\/td>\n<td width=\"367\">Antonios Kagias and Georgios Evangelidis<\/td>\n<td width=\"367\">Classification on Multi-label Data with Ordered Labels<\/td>\n<td width=\"101\">Regular<\/td>\n<\/tr>\n<tr>\n<td width=\"36\">6291<\/td>\n<td width=\"367\">Vasileios Tsogkas and Georgia Koloniari<\/td>\n<td width=\"367\">Parallel Suffix Array Blocking for Efficient Entity<br \/>\nResolution based on Spark<\/td>\n<td width=\"101\">Regular<\/td>\n<\/tr>\n<tr>\n<td width=\"36\">6302<\/td>\n<td width=\"367\">Rania Abidi, Wissem Inoubli and Mouhamed Ghaith Ayadi<\/td>\n<td width=\"367\">Leveraging Large Language Models (LLMs) to match job offers<br \/>\nwith candidate CVs<\/td>\n<td width=\"101\">Regular<\/td>\n<\/tr>\n<tr>\n<td width=\"36\">6687<\/td>\n<td width=\"367\">Fabio Turazza, Marcello Pietri, Natalia Hadjidimitriou and<br \/>\nMarco Mamei<\/td>\n<td width=\"367\">Forecasting Energy Availability in Local Energy Communities<br \/>\nvia LSTM Federated Learning<\/td>\n<td width=\"101\">Regular<\/td>\n<\/tr>\n<tr>\n<td width=\"36\">7005<\/td>\n<td width=\"367\">Bachar Kachouh, Layth Sliman, Abed Ellatif Samhat and Kamel<br \/>\nBarkaoui<\/td>\n<td width=\"367\">Data-Centric Security Model Based on Attribute-based<br \/>\ncryptography For healthcare systems<\/td>\n<td width=\"101\">Regular<\/td>\n<\/tr>\n<tr>\n<td width=\"36\">7051<\/td>\n<td width=\"367\">Ngoc Luyen Le and Marie-H\u00e9l\u00e8ne Abel<\/td>\n<td width=\"367\">From Individual to Group: Developing a Context-Aware<br \/>\nMulti-Criteria Group Recommender System<\/td>\n<td width=\"101\">Regular<\/td>\n<\/tr>\n<tr>\n<td width=\"36\">7497<\/td>\n<td width=\"367\">Manel Mena, Jos\u00e9 Andr\u00e9s Asensio, Juan Alberto Llopis,<br \/>\nJavier Criado and Nicol\u00e1s Padilla<\/td>\n<td width=\"367\">Towards the integration of lightweight components in<br \/>\nCyber-Physical Systems<\/td>\n<td width=\"101\">Regular<\/td>\n<\/tr>\n<tr>\n<td width=\"36\">8509<\/td>\n<td width=\"367\">Shahad Al-Khalifa and Hend Alkhalifa<\/td>\n<td width=\"367\">Understanding Users\u2019 Behavior in Food Delivery<br \/>\nApplications: The EBAI Conceptual Model for<br \/>\nClickstream-Based Segmentation<\/td>\n<td width=\"101\">Regular<\/td>\n<\/tr>\n<tr>\n<td width=\"36\">2559<\/td>\n<td width=\"367\">Gerald Kremer, Pia Maas, Sophie Schwartz, Morgan Geldenhuys<br \/>\nand Rainer Stark<\/td>\n<td width=\"367\">Visual Analytics for Qualification Support of an<br \/>\nInterpretable Machine Learning Application for Predictive<br \/>\nMaintenance of Gas Turbine Blades<\/td>\n<td width=\"101\">Short Paper<\/td>\n<\/tr>\n<tr>\n<td width=\"36\">3785<\/td>\n<td width=\"367\">Manuel Alves, Tiago Ribeiro, Anabela Marto, Alexandrino<br \/>\nGon\u00e7alves, Carlos Rabad\u00e3o, Leonel Santos and Rog\u00e9rio Lu\u00eds<br \/>\nCosta<\/td>\n<td width=\"367\">Evaluating Service-based Privacy-Protection for Augmented<br \/>\nReality Applications<\/td>\n<td width=\"101\">Short Paper<\/td>\n<\/tr>\n<tr>\n<td width=\"36\">4678<\/td>\n<td width=\"367\">Gabriele Gianini, Francesca Cappitelli, Sara Goidanich,<br \/>\nFabrizio Passarini and Letizia Berti<\/td>\n<td width=\"367\">The Dual Role of Subaerial Biofilms through the Lens of AI:<br \/>\nthe case for Causal Networks and Targeted Learning<\/td>\n<td width=\"101\">Short Paper<\/td>\n<\/tr>\n<tr>\n<td width=\"36\">5646<\/td>\n<td width=\"367\">Nafea Alhammadi, Mohamed Mabrouk and Mounir Zrigui<\/td>\n<td width=\"367\">A Distributed Multi-agent-based Deep Learning Model for<br \/>\nDetecting DDoS Flooding Attacks in Cloud Computing<br \/>\nEnvironment<\/td>\n<td width=\"101\">Short Paper<\/td>\n<\/tr>\n<tr>\n<td width=\"36\">7091<\/td>\n<td width=\"367\">Mohammad Hajarian<\/td>\n<td width=\"367\">Mars Button: Gamifying Asynchronous Communication for<br \/>\nEnhanced User Engagement Across Digital Platforms<\/td>\n<td width=\"101\">Short Paper<\/td>\n<\/tr>\n<tr>\n<td width=\"36\">7563<\/td>\n<td width=\"367\">Panteleimon Stanimeros and Alexandros Karakasidis<\/td>\n<td width=\"367\">Near: A Mobile Social Network for Finding Nearest Users<br \/>\nwith Privacy Preservation<\/td>\n<td width=\"101\">Short Paper<\/td>\n<\/tr>\n<tr>\n<td width=\"36\">8094<\/td>\n<td width=\"367\">Ilef Ben Slima, Amel Borgi and Feriel Sellem<\/td>\n<td width=\"367\">Clustering and Association Rules Mining for Coral Reef Fish<br \/>\nDistribution: A Data-Driven Approach in the Mediterranean<br \/>\nSea<\/td>\n<td width=\"101\">Short Paper<\/td>\n<\/tr>\n<tr>\n<td width=\"36\">9321<\/td>\n<td width=\"367\">Vincenza Carchiolo, Michele Malgeri and Lorenzo Spadaro<br \/>\nSapari<\/td>\n<td width=\"367\">A Conversational Agent for Handling Health Report Inquiries<\/td>\n<td width=\"101\">Short Paper<\/td>\n<\/tr>\n<tr>\n<td width=\"36\">9886<\/td>\n<td width=\"367\">Bashar Al-Shboul and Reem Abudayah<\/td>\n<td width=\"367\">STYLOMETRIC FEATURES EMBEDDING FOR THE TASK OF AUTHOR<br \/>\nATTRIBUTION<\/td>\n<td width=\"101\">Short Paper<\/td>\n<\/tr>\n<\/tbody>\n<\/table>\n<p>[\/vc_column_text][\/vc_column][\/vc_row]<\/p>\n","protected":false},"excerpt":{"rendered":"<p>[vc_row][vc_column][vc_column_text] Authors Title Type 0207 Nadia Ben Hadj Boubaker, Nadia Yacoubi Ayadi and Zahra Kodia Personalized E-Learning Knowledge Graph-based Recommender System using Ensemble Attention Networks Regular 0757 Juan Alberto Llopis, Luis Iribarne, Javier Criado, Antonio Jes\u00fas Fern\u00e1ndez Garc\u00eda and Richard&#8230;<\/p>\n","protected":false},"author":1,"featured_media":0,"parent":0,"menu_order":0,"comment_status":"closed","ping_status":"closed","template":"","meta":{"footnotes":""},"class_list":["post-4879","page","type-page","status-publish","hentry"],"_links":{"self":[{"href":"https:\/\/conferences.sigappfr.org\/medes2024\/wp-json\/wp\/v2\/pages\/4879","targetHints":{"allow":["GET"]}}],"collection":[{"href":"https:\/\/conferences.sigappfr.org\/medes2024\/wp-json\/wp\/v2\/pages"}],"about":[{"href":"https:\/\/conferences.sigappfr.org\/medes2024\/wp-json\/wp\/v2\/types\/page"}],"author":[{"embeddable":true,"href":"https:\/\/conferences.sigappfr.org\/medes2024\/wp-json\/wp\/v2\/users\/1"}],"replies":[{"embeddable":true,"href":"https:\/\/conferences.sigappfr.org\/medes2024\/wp-json\/wp\/v2\/comments?post=4879"}],"version-history":[{"count":6,"href":"https:\/\/conferences.sigappfr.org\/medes2024\/wp-json\/wp\/v2\/pages\/4879\/revisions"}],"predecessor-version":[{"id":4955,"href":"https:\/\/conferences.sigappfr.org\/medes2024\/wp-json\/wp\/v2\/pages\/4879\/revisions\/4955"}],"wp:attachment":[{"href":"https:\/\/conferences.sigappfr.org\/medes2024\/wp-json\/wp\/v2\/media?parent=4879"}],"curies":[{"name":"wp","href":"https:\/\/api.w.org\/{rel}","templated":true}]}}