{"id":4256,"date":"2023-08-05T08:24:21","date_gmt":"2023-08-05T08:24:21","guid":{"rendered":"https:\/\/conferences.sigappfr.org\/medes2024\/?page_id=4256"},"modified":"2024-11-13T08:58:29","modified_gmt":"2024-11-13T08:58:29","slug":"program","status":"publish","type":"page","link":"https:\/\/conferences.sigappfr.org\/medes2024\/program\/","title":{"rendered":"Final Program"},"content":{"rendered":"<p>[vc_row][vc_column][vc_column_text]<\/p>\n<table style=\"text-align: center;\">\n<tbody>\n<tr>\n<th style=\"border: 1px black solid;\" colspan=\"7\">Final Program<\/th>\n<\/tr>\n<tr>\n<th><\/th>\n<th colspan=\"2\">Monday<br \/>\nNov. 18, 2024<\/th>\n<th colspan=\"2\">Tuesday<br \/>\nNov. 19, 2024<\/th>\n<th colspan=\"2\">Wednesday<br \/>\nNov. 20, 2024<\/th>\n<\/tr>\n<tr>\n<td style=\"width: 8%;\">08:30-09:00<\/td>\n<td class=\"green\" rowspan=\"4\">\n<p style=\"transform: rotate(90deg);\">Registration<\/p>\n<\/td>\n<td class=\"brown\" colspan=\"\">Opening Session<\/td>\n<td class=\"green\" rowspan=\"4\">\n<p style=\"transform: rotate(90deg);\">Registration<\/p>\n<\/td>\n<td><\/td>\n<td class=\"green\" rowspan=\"4\">\n<p style=\"transform: rotate(90deg);\">Registration<\/p>\n<\/td>\n<td><\/td>\n<\/tr>\n<tr>\n<td>09:00-10:15<\/td>\n<td><a href=\"https:\/\/conferences.sigappfr.org\/medes2024\/speaker\/claudia-damato\/\"> Keynote talk by Prof. Claudia d&#8217;Amato (Knowledge Graph Refinement and Need for Semantic Aware Machine Learning and Explanations)<\/a><\/td>\n<td><a href=\"https:\/\/conferences.sigappfr.org\/medes2024\/speaker\/maurizio-lenzerini\/\">Keynote talk by Prof. Maurizio Lenzerini (Leveraging Knowledge Representation for Data Modeling and Data Engineering: from semantic data models to knowledge graphs)<\/a><\/td>\n<td><a href=\"https:\/\/conferences.sigappfr.org\/medes2024\/speaker\/minos-garofalakis\/\">Keynote talk by Prof. Minos Garofalakis (Have your Data and Share it too: Private Data Analytics at Scale)<\/a><\/td>\n<\/tr>\n<tr>\n<td>10:15-10:30<\/td>\n<td class=\"yellow\">Coffee Break<\/td>\n<td class=\"yellow\">Coffee Break<\/td>\n<td class=\"yellow\">Coffee Break<\/td>\n<\/tr>\n<tr>\n<td>10:30-12:00<\/td>\n<td class=\"blue\"><a href=\"#energy_and_environment\">Session<br \/>\nEnergy and Environment <\/a><\/td>\n<td class=\"blue\"><a href=\"#medical_and_health_issues\">Session<br \/>\nMedical and Health Issues<\/a><\/td>\n<td class=\"blue\"><a href=\"#parallel_and_distributed_systems\"> Session<br \/>\nParallel and Distributed Systems<\/a><\/td>\n<\/tr>\n<tr>\n<td>12:00-13:00<\/td>\n<td class=\"yellow\" colspan=\"2\">Conference Lunch<\/td>\n<td class=\"yellow\" colspan=\"2\" rowspan=\"2\">Conference Lunch<\/td>\n<td class=\"yellow\" colspan=\"2\" rowspan=\"2\">Conference Lunch<\/td>\n<\/tr>\n<tr>\n<td>13:00-13:30<\/td>\n<td class=\"green\" rowspan=\"5\">\n<p style=\"transform: rotate(90deg);\">Registration<\/p>\n<\/td>\n<td class=\"orange\" rowspan=\"2\"><a href=\"https:\/\/conferences.sigappfr.org\/medes2024\/tutorial-speakers\/\">Tutorial: Sociogamify 2.0: Innovating Application Design with Gamified Social Networking for Enhanced User Engagement<\/a><\/td>\n<\/tr>\n<tr>\n<td>13:30-15:15<\/td>\n<td class=\"green\" rowspan=\"3\">\n<p style=\"transform: rotate(90deg);\">Registration<\/p>\n<\/td>\n<td class=\"blue\"><a href=\"#cybersecurity_and_privacy\">Session<br \/>\nCybersecurity and Privacy<\/a><\/td>\n<td class=\"blue\" colspan=\"2\"><a href=\"#applications\">Session<br \/>\nApplications<\/a><\/td>\n<\/tr>\n<tr>\n<td>15:15-15:30<\/td>\n<td class=\"yellow\">Coffee Break<\/td>\n<td class=\"yellow\">Coffee Break<\/td>\n<td class=\"yellow\" colspan=\"2\">Coffee Break<\/td>\n<\/tr>\n<tr>\n<td>15:30-17:15<\/td>\n<td class=\"blue\"><a href=\"#recommendation_systems\"> Session<br \/>\nRecommendation Systems<\/a><\/td>\n<td class=\"blue\"><a href=\"#data_mining_operations\"> Session<br \/>\nData Mining Operations<\/a><\/td>\n<td class=\"blue\" colspan=\"2\"><a href=\"#session_network_aspects\">Session<br \/>\nNetwork Aspects<\/a><\/td>\n<\/tr>\n<tr>\n<td>17:15-18:15<\/td>\n<td class=\"blue\"><a href=\"#social_networks_and_emotion_recognition\">Session<br \/>\nSocial Networks and Emotion Recognition<\/a><\/td>\n<td class=\"orange\" colspan=\"2\" rowspan=\"2\">Transfer to the conference Banquet<br \/>\nConference Banquet<\/td>\n<td class=\"brown\" colspan=\"2\">Closing Session<\/td>\n<\/tr>\n<tr>\n<td>18:15-20:00<\/td>\n<td class=\"yellow\" colspan=\"2\">Welcome Reception<\/td>\n<td colspan=\"2\"><\/td>\n<\/tr>\n<\/tbody>\n<\/table>\n<p>[\/vc_column_text][\/vc_column][\/vc_row][vc_row][vc_column][vc_column_text]<\/p>\n<table id=\"energy_and_environment\" width=\"1225\">\n<tbody>\n<tr style=\"background-color: #9bc2e6;\">\n<td width=\"460\">Energy and Environment<\/td>\n<td width=\"579\"><\/td>\n<td width=\"78\"><\/td>\n<td width=\"108\"><\/td>\n<\/tr>\n<tr>\n<td width=\"460\">Natalia Selini Hadjidimitriou, Thorsten Koch, Milena Petkovic, Marco Lippi and Marco Mamei<\/td>\n<td width=\"579\">Analysis of the Impact of COVID-19 and Russo-Ukraine War on Natural Gas Transmission Using Time Series Forecasting<\/td>\n<td width=\"78\">Regular<\/td>\n<td width=\"108\">Main Conference<\/td>\n<\/tr>\n<tr>\n<td width=\"460\">Fabio Turazza, Marcello Pietri, Natalia Hadjidimitriou and Marco Mamei<\/td>\n<td width=\"579\">Forecasting Energy Availability in Local Energy Communities via LSTM Federated Learning<\/td>\n<td width=\"78\">Regular<\/td>\n<td width=\"108\">Main Conference<\/td>\n<\/tr>\n<tr>\n<td width=\"460\">Halima Amekran and Adel Noureddine<\/td>\n<td width=\"579\">Green IT and Sustainable Practices of Local Authorities in France (Online)<\/td>\n<td width=\"78\">Regular<\/td>\n<td width=\"108\">Main Conference<\/td>\n<\/tr>\n<tr>\n<td width=\"460\">Gerald Kremer, Pia Maas, Sophie Schwartz, Morgan Geldenhuys and Rainer Stark<\/td>\n<td width=\"579\">Visual Analytics for Qualification Support of an Interpretable Machine Learning Application for Predictive Maintenance of Gas Turbine Blades<\/td>\n<td width=\"78\">Short Paper<\/td>\n<td width=\"108\">Main Conference<\/td>\n<\/tr>\n<\/tbody>\n<\/table>\n<table id=\"recommendation_systems\">\n<tbody>\n<tr style=\"background-color: #9bc2e6;\">\n<td>Recommendation Systems<\/td>\n<td><\/td>\n<td><\/td>\n<td><\/td>\n<\/tr>\n<tr>\n<td width=\"460\">Shera Potka, Isla Li, Jason Kepler and Alex Thomo<\/td>\n<td width=\"579\">Enhancing Structural Minority Visibility in Link Recommendations<\/td>\n<td width=\"78\">Regular<\/td>\n<td width=\"108\">Main Conference<\/td>\n<\/tr>\n<tr>\n<td width=\"460\">Ngoc Luyen Le and Marie-H\u00e9l\u00e8ne Abel<\/td>\n<td width=\"579\">From Individual to Group: Developing a Context-Aware Multi-Criteria Group Recommender System<\/td>\n<td width=\"78\">Regular<\/td>\n<td width=\"108\">Main Conference<\/td>\n<\/tr>\n<tr>\n<td width=\"460\">Nadia Ben Hadj Boubaker, Nadia Yacoubi Ayadi and Zahra Kodia<\/td>\n<td width=\"579\">Personalized E-Learning Knowledge Graph-based Recommender System using Ensemble Attention Networks<\/td>\n<td width=\"78\">Regular<\/td>\n<td width=\"108\">Main Conference<\/td>\n<\/tr>\n<tr>\n<td width=\"460\">Antonio Becerra-Teron, Antonio Jes\u00fas Fern\u00e1ndez-Garc\u00eda and Azahara Mart\u00ednez-Manzanares<\/td>\n<td width=\"579\">Optimizing Recommender Systems through Enhanced User-Item Pair Exchanges<\/td>\n<td width=\"78\">Regular<\/td>\n<td width=\"108\">Student Track<\/td>\n<\/tr>\n<\/tbody>\n<\/table>\n<table id=\"social_networks_and_emotion_recognition\">\n<tbody>\n<tr style=\"background-color: #9bc2e6;\">\n<td width=\"460\">Social Networks and Emotion Recognition<\/td>\n<td><\/td>\n<td><\/td>\n<td><\/td>\n<\/tr>\n<tr>\n<td width=\"460\">Awatef Messaoudi, Hayet Boughrara and Zied Lachiri<\/td>\n<td width=\"579\">Assessing Pre-trained Transformer Models for Textual Emotion Sensing In Continuous Space<\/td>\n<td width=\"78\">Regular<\/td>\n<td width=\"108\">Main Conference<\/td>\n<\/tr>\n<tr>\n<td width=\"460\">Ines Ramos, Gabriele Gianini and Ernesto Damiani<\/td>\n<td width=\"579\">Unlabeled Multimodal Datasets for Robust Emotion Recognition<\/td>\n<td width=\"78\">Regular<\/td>\n<td width=\"108\">Main Conference<\/td>\n<\/tr>\n<tr>\n<td width=\"460\">Panteleimon Stanimeros and Alexandros Karakasidis<\/td>\n<td width=\"579\">Near: A Mobile Social Network for Finding Nearest Users with Privacy Preservation<\/td>\n<td width=\"78\">Short Paper<\/td>\n<td width=\"108\">Main Conference<\/td>\n<\/tr>\n<\/tbody>\n<\/table>\n<table id=\"medical_and_health_issues\">\n<tbody>\n<tr style=\"background-color: #9bc2e6;\">\n<td width=\"460\">Medical and Health issues<\/td>\n<td><\/td>\n<td><\/td>\n<td><\/td>\n<\/tr>\n<tr>\n<td width=\"460\">Mariem Haous and Raouia Mokni<\/td>\n<td width=\"579\">A Hybrid Deep Learning Model for Predicting the Mental Health States of Individuals from Digital Media Content to Prevent Suicide<\/td>\n<td width=\"78\">Regular<\/td>\n<td width=\"108\">Main Conference<\/td>\n<\/tr>\n<tr>\n<td width=\"460\">Saman Fouladi, Gabriele Gianini, Deborah Fazzini, Alessandro Maiocchi, Ernesto Damiani, Sergio Papa and Marco Al\u00ec<\/td>\n<td width=\"579\">Advanced Prostate MRI Analysis: UNET-based Models for Zonal and Lesion Segmentation<\/td>\n<td width=\"78\">Regular<\/td>\n<td width=\"108\">Main Conference<\/td>\n<\/tr>\n<tr>\n<td width=\"460\">Bachar Kachouh, Layth Sliman, Abed Ellatif Samhat and Kamel Barkaoui<\/td>\n<td width=\"579\">Data-Centric Security Model Based on Attribute-based cryptography For healthcare systems<\/td>\n<td width=\"78\">Regular<\/td>\n<td width=\"108\">Main Conference<\/td>\n<\/tr>\n<tr>\n<td width=\"460\">Vincenza Carchiolo, Michele Malgeri and Lorenzo Spadaro Sapari<\/td>\n<td width=\"579\">A Conversational Agent for Handling Health Report Inquiries<\/td>\n<td width=\"78\">Short Paper<\/td>\n<td width=\"108\">Main Conference<\/td>\n<\/tr>\n<\/tbody>\n<\/table>\n<table id=\"cybersecurity_and_privacy\">\n<tbody>\n<tr style=\"background-color: #9bc2e6;\">\n<td>Cybersecurity and Privacy<\/td>\n<td><\/td>\n<td><\/td>\n<td><\/td>\n<\/tr>\n<tr>\n<td width=\"460\">Sabri Allani, Karam Bou Chaaya and Helmi Rais<\/td>\n<td width=\"579\">ELISAR: An Adaptive Framework for Cybersecurity Risk Assessment Powered by GenAI<\/td>\n<td width=\"78\">Regular<\/td>\n<td width=\"108\">Main Conference<\/td>\n<\/tr>\n<tr>\n<td width=\"460\">Manel Mena, Jos\u00e9 Andr\u00e9s Asensio, Juan Alberto Llopis, Javier Criado and Nicol\u00e1s Padilla<\/td>\n<td width=\"579\">Towards the Integration of Lightweight Components in Cyber-Physical Systems<\/td>\n<td width=\"78\">Regular<\/td>\n<td width=\"108\">Main Conference<\/td>\n<\/tr>\n<tr>\n<td width=\"460\">Nafea Alhammadi, Mohamed Mabrouk and Mounir Zrigui<\/td>\n<td width=\"579\">A Distributed Multi-agent-based Deep Learning Model for Detecting DDoS Flooding Attacks in Cloud Computing Environment<\/td>\n<td width=\"78\">Short Paper<\/td>\n<td width=\"108\">Main Conference<\/td>\n<\/tr>\n<tr>\n<td width=\"460\">Manuel Alves, Tiago Ribeiro, Anabela Marto, Alexandrino Gon\u00e7alves, Carlos Rabad\u00e3o, Leonel Santos and Rog\u00e9rio Lu\u00eds Costa<\/td>\n<td width=\"579\">Evaluating Service-based Privacy-Protection for Augmented Reality Applications<\/td>\n<td width=\"78\">Short Paper<\/td>\n<td width=\"108\">Main Conference<\/td>\n<\/tr>\n<\/tbody>\n<\/table>\n<table id=\"data_mining_operations\">\n<tbody>\n<tr style=\"background-color: #9bc2e6;\">\n<td>Data Mining Operations<\/td>\n<td><\/td>\n<td><\/td>\n<td><\/td>\n<\/tr>\n<tr>\n<td width=\"460\">Imen Ouled Dlala, Said Jabbour and Badran Raddaoui<\/td>\n<td width=\"579\">Boosting the Discovery of Interval Patterns using SAT<\/td>\n<td width=\"78\">Regular<\/td>\n<td width=\"108\">Main Conference<\/td>\n<\/tr>\n<tr>\n<td width=\"460\">Antonios Kagias and Georgios Evangelidis<\/td>\n<td width=\"579\">Classification on Multi-label Data with Ordered Labels<\/td>\n<td width=\"78\">Regular<\/td>\n<td width=\"108\">Main Conference<\/td>\n<\/tr>\n<tr>\n<td width=\"460\">Duha Al-Darras, Nesreen Hamad and Bashar Al-Shboul<\/td>\n<td width=\"579\">Exploring Clustering Improvement: A Comparative Study of Utilizing Metaheuristics and Initialization Strategies<\/td>\n<td width=\"78\">Regular<\/td>\n<td width=\"108\">Main Conference<\/td>\n<\/tr>\n<tr>\n<td width=\"460\">Shahad Al-Khalifa and Hend Alkhalifa<\/td>\n<td width=\"579\">Understanding Users\u2019 Behavior in Food Delivery Applications: The EBAI Conceptual Model for Clickstream-Based Segmentation<\/td>\n<td width=\"78\">Regular<\/td>\n<td width=\"108\">Main Conference<\/td>\n<\/tr>\n<\/tbody>\n<\/table>\n<p>[\/vc_column_text][\/vc_column][\/vc_row][vc_row][vc_column][vc_column_text]<\/p>\n<table id=\"parallel_and_distributed_systems\">\n<tbody>\n<tr style=\"background-color: #9bc2e6;\">\n<td>Parallel and Distributed Systems<\/td>\n<td><\/td>\n<td><\/td>\n<td><\/td>\n<\/tr>\n<tr>\n<td width=\"460\">Juan Alberto Llopis, Luis Iribarne, Javier Criado, Antonio Jes\u00fas Fern\u00e1ndez Garc\u00eda and Richard Chbeir<\/td>\n<td width=\"579\">rog<\/td>\n<td width=\"78\">Regular<\/td>\n<td width=\"108\">Main Conference<\/td>\n<\/tr>\n<tr>\n<td width=\"460\">Vasileios Tsogkas and Georgia Koloniari<\/td>\n<td width=\"579\">Parallel Suffix Array Blocking for Efficient Entity Resolution based on Spark<\/td>\n<td width=\"78\">Regular<\/td>\n<td width=\"108\">Main Conference<\/td>\n<\/tr>\n<tr>\n<td width=\"460\">Mohammad Hajarian<\/td>\n<td width=\"579\">Mars Button: Gamifying Asynchronous Communication for Enhanced User Engagement Across Digital Platforms<\/td>\n<td width=\"78\">Short Paper<\/td>\n<td width=\"108\">Main Conference<\/td>\n<\/tr>\n<tr>\n<td width=\"460\">Nawel Hamdi, Chiraz El Hog, Raoudha Ben Djemaa and Layth Sliman<\/td>\n<td width=\"579\">Semantic SLA Ontology for Blockchain Smart Contract<\/td>\n<td width=\"78\">Short Paper<\/td>\n<td width=\"108\">Main Conference<\/td>\n<\/tr>\n<\/tbody>\n<\/table>\n<table id=\"applications\">\n<tbody>\n<tr style=\"background-color: #9bc2e6;\">\n<td>Applications<\/td>\n<td><\/td>\n<td><\/td>\n<td><\/td>\n<\/tr>\n<tr>\n<td width=\"460\">Kento Yano, Koichiro Ito and Shohei Yokoyama<\/td>\n<td width=\"579\">Whose Smartphone? Pairing each Individual in the Panoramic Video with their Pespective Smartphone<\/td>\n<td width=\"78\">Regular<\/td>\n<td width=\"108\">Student Track<\/td>\n<\/tr>\n<tr>\n<td width=\"460\">Ilef Ben Slima, Amel Borgi and Feriel Sellem<\/td>\n<td width=\"579\">Clustering and Association Rules Mining for Coral Reef Fish Distribution: A Data-Driven Approach in the Mediterranean Sea<\/td>\n<td width=\"78\">Short Paper<\/td>\n<td width=\"108\">Main Conference<\/td>\n<\/tr>\n<tr>\n<td width=\"460\">Taija Kolehmainen, Reetta-Kaisa Ghezzi and Tommi Mikkonen<\/td>\n<td width=\"579\">Modeling Government Business Ecosystems with Ecosystem Governance Compass<\/td>\n<td width=\"78\">Short Paper<\/td>\n<td width=\"108\">Student Track<\/td>\n<\/tr>\n<tr>\n<td width=\"460\">Bashar Al-Shboul and Reem Abudayah<\/td>\n<td width=\"579\">Stylometric Features Embedding for theTask of Author Attibution<\/td>\n<td width=\"78\">Short Paper<\/td>\n<td width=\"108\">Main Conference<\/td>\n<\/tr>\n<\/tbody>\n<\/table>\n<table id=\"session_network_aspects\">\n<tbody>\n<tr style=\"background-color: #9bc2e6;\">\n<td width=\"460\">Network Aspects<\/td>\n<td><\/td>\n<td><\/td>\n<td><\/td>\n<\/tr>\n<tr>\n<td width=\"460\">Maroun Ayli, Youssef El Bakouny, Hani Seifeddine, Nader Jalloul and Rima Kilany<\/td>\n<td width=\"579\">Enhancing UI Tests Robustness With Graph Convolutional Networks<\/td>\n<td width=\"78\">Regular<\/td>\n<td width=\"108\">Student Track<\/td>\n<\/tr>\n<tr>\n<td width=\"460\">Rania Abidi, Wissem Inoubli and Mouhamed Ghaith Ayadi<\/td>\n<td width=\"579\">Leveraging Large Language Models (LLMs) to Match Job Offers with Candidate CVs<\/td>\n<td width=\"78\">Regular<\/td>\n<td width=\"108\">Main Conference<\/td>\n<\/tr>\n<tr>\n<td width=\"460\">Gabriele Gianini, Francesca Cappitelli, Sara Goidanich, Fabrizio Passarini and Letizia Berti<\/td>\n<td width=\"579\">The Dual Role of Subaerial Biofilms through the Lens of AI: the case for Causal Networks and Targeted Learning<\/td>\n<td width=\"78\">Short Paper<\/td>\n<td width=\"108\">Main Conference<\/td>\n<\/tr>\n<\/tbody>\n<\/table>\n<p>[\/vc_column_text][\/vc_column][\/vc_row]<\/p>\n","protected":false},"excerpt":{"rendered":"<p>[vc_row][vc_column][vc_column_text] Final Program Monday Nov. 18, 2024 Tuesday Nov. 19, 2024 Wednesday Nov. 20, 2024 08:30-09:00 Registration Opening Session Registration Registration 09:00-10:15 Keynote talk by Prof. Claudia d&#8217;Amato (Knowledge Graph Refinement and Need for Semantic Aware Machine Learning and Explanations)&#8230;<\/p>\n","protected":false},"author":1,"featured_media":0,"parent":0,"menu_order":0,"comment_status":"closed","ping_status":"closed","template":"","meta":{"footnotes":""},"class_list":["post-4256","page","type-page","status-publish","hentry"],"_links":{"self":[{"href":"https:\/\/conferences.sigappfr.org\/medes2024\/wp-json\/wp\/v2\/pages\/4256","targetHints":{"allow":["GET"]}}],"collection":[{"href":"https:\/\/conferences.sigappfr.org\/medes2024\/wp-json\/wp\/v2\/pages"}],"about":[{"href":"https:\/\/conferences.sigappfr.org\/medes2024\/wp-json\/wp\/v2\/types\/page"}],"author":[{"embeddable":true,"href":"https:\/\/conferences.sigappfr.org\/medes2024\/wp-json\/wp\/v2\/users\/1"}],"replies":[{"embeddable":true,"href":"https:\/\/conferences.sigappfr.org\/medes2024\/wp-json\/wp\/v2\/comments?post=4256"}],"version-history":[{"count":100,"href":"https:\/\/conferences.sigappfr.org\/medes2024\/wp-json\/wp\/v2\/pages\/4256\/revisions"}],"predecessor-version":[{"id":4982,"href":"https:\/\/conferences.sigappfr.org\/medes2024\/wp-json\/wp\/v2\/pages\/4256\/revisions\/4982"}],"wp:attachment":[{"href":"https:\/\/conferences.sigappfr.org\/medes2024\/wp-json\/wp\/v2\/media?parent=4256"}],"curies":[{"name":"wp","href":"https:\/\/api.w.org\/{rel}","templated":true}]}}