{"id":5174,"date":"2025-04-04T14:58:58","date_gmt":"2025-04-04T14:58:58","guid":{"rendered":"https:\/\/conferences.sigappfr.org\/inista2025\/?page_id=5174"},"modified":"2025-08-22T07:18:33","modified_gmt":"2025-08-22T07:18:33","slug":"program-committee-2","status":"publish","type":"page","link":"https:\/\/conferences.sigappfr.org\/inista2025\/program-committee-2\/","title":{"rendered":"Program Committee"},"content":{"rendered":"<p>[vc_row][vc_column][vc_column_text]<\/p>\n<p class=\"x_p2\"><b>Program Committee<\/b><\/p>\n<table style=\"height: 2234px;\" width=\"1187\">\n<tbody>\n<tr>\n<td width=\"197\">Mohammed Awad<\/td>\n<td width=\"286\">American University of Ras Al Khaimah<\/td>\n<td width=\"111\">UAE<\/td>\n<\/tr>\n<tr>\n<td>Mohammed Omari<\/td>\n<td>American University of Ras Al Khaimah<\/td>\n<td>UAE<\/td>\n<\/tr>\n<tr>\n<td>Khaled Balawafi<\/td>\n<td>American University of Ras Al Khaimah<\/td>\n<td>UAE<\/td>\n<\/tr>\n<tr>\n<td><span data-olk-copy-source=\"MessageBody\">Ali Alnoman<\/span><\/td>\n<td>American University of Ras Al Khaimah<\/td>\n<td>UAE<\/td>\n<\/tr>\n<tr>\n<td>Arfan Ghani<\/td>\n<td>American University of Ras Al Khaimah<\/td>\n<td>UAE<\/td>\n<\/tr>\n<tr>\n<td>Lobna Nassar<\/td>\n<td>American University of Ras Al Khaimah<\/td>\n<td>UAE<\/td>\n<\/tr>\n<tr>\n<td>Zubaida Alhazza<\/td>\n<td>American University of Ras Al Khaimah<\/td>\n<td>UAE<\/td>\n<\/tr>\n<tr>\n<td><span data-olk-copy-source=\"MessageBody\">Maissa Farhat<\/span><\/td>\n<td>American University of Ras Al Khaimah<\/td>\n<td>UAE<\/td>\n<\/tr>\n<tr>\n<td>Ali Al Ataby<\/td>\n<td>American University of Ras Al Khaimah<\/td>\n<td>UAE<\/td>\n<\/tr>\n<tr>\n<td>Veljko Aleksi\u0107<\/td>\n<td>University of Kragujevac<\/td>\n<td>Serbia<\/td>\n<\/tr>\n<tr>\n<td>Vultureanu-Albisi Alexandra<\/td>\n<td>University of Craiova<\/td>\n<td>Romania<\/td>\n<\/tr>\n<tr>\n<td>Hamid Allaoui<\/td>\n<td>University of Artois<\/td>\n<td>France<\/td>\n<\/tr>\n<tr>\n<td>Costin Badica<\/td>\n<td>University of Craiova<\/td>\n<td>Romania<\/td>\n<\/tr>\n<tr>\n<td>Amelia Badica<\/td>\n<td>University of Craiova<\/td>\n<td>Romania<\/td>\n<\/tr>\n<tr>\n<td>Lucian-Florentin Barbulescu<\/td>\n<td>University of Craiova<\/td>\n<td>Romania<\/td>\n<\/tr>\n<tr>\n<td>B\u00fclent Bolat<\/td>\n<td>Y\u0131ld\u0131z Teknik \u00dcniversitesi<\/td>\n<td>Turkey<\/td>\n<\/tr>\n<tr>\n<td>Krisztian Buza<\/td>\n<td>Jo\u017eef Stefan Institute<\/td>\n<td>Slovenia<\/td>\n<\/tr>\n<tr>\n<td>Ozgu Can<\/td>\n<td>Ege University<\/td>\n<td>Turkey<\/td>\n<\/tr>\n<tr>\n<td>Petru Ca\u0219caval<\/td>\n<td>Technical University of Ia\u0219i<\/td>\n<td>Romania<\/td>\n<\/tr>\n<tr>\n<td>Aydin Cetin<\/td>\n<td>Gazi University<\/td>\n<td>Turkey<\/td>\n<\/tr>\n<tr>\n<td>Mihaela Colhon<\/td>\n<td>University of Craiova<\/td>\n<td>Romania<\/td>\n<\/tr>\n<tr>\n<td>Gyorodi Cornelia<\/td>\n<td>University of Oradea<\/td>\n<td>Romania<\/td>\n<\/tr>\n<tr>\n<td>Antonio Corral<\/td>\n<td>University of Almeria<\/td>\n<td>Spain<\/td>\n<\/tr>\n<tr>\n<td>Mirel Cosulschi<\/td>\n<td>University of Craiova<\/td>\n<td>Romania<\/td>\n<\/tr>\n<tr>\n<td>Sabrina De Capitani di Vimercati<\/td>\n<td>Universita&#8217; degli Studi di Milano<\/td>\n<td>Italy<\/td>\n<\/tr>\n<tr>\n<td>Dinu Dragan<\/td>\n<td>University of Novi Sad<\/td>\n<td>Serbia<\/td>\n<\/tr>\n<tr>\n<td>Luminita Dumitriu<\/td>\n<td>Dunarea de Jos University<\/td>\n<td>Romania<\/td>\n<\/tr>\n<tr>\n<td>Mihai Gabroveanu<\/td>\n<td>University of Craiova<\/td>\n<td>Romania<\/td>\n<\/tr>\n<tr>\n<td>Adrian Iftene<\/td>\n<td>Alexandru Ioan Cuza University of Iasi<\/td>\n<td>Romania<\/td>\n<\/tr>\n<tr>\n<td>Sorin Ilie<\/td>\n<td>Universidad Cat\u00f3lica de Valencia<\/td>\n<td>Spain<\/td>\n<\/tr>\n<tr>\n<td>Galina Ilieva<\/td>\n<td>University of Plovdiv Paisii Hilendarsky<\/td>\n<td>Bulgaria<\/td>\n<\/tr>\n<tr>\n<td>Mirjana Ivanovic<\/td>\n<td>University of Novi Sad<\/td>\n<td>Serbia<\/td>\n<\/tr>\n<tr>\n<td>Petia Koprinkova-Hristova<\/td>\n<td>Bulgarian Academy of Sciences<\/td>\n<td>Bulgaria<\/td>\n<\/tr>\n<tr>\n<td>Ivan Koychev<\/td>\n<td>University of Sofia St. Kliment Ohridski<\/td>\n<td>Bulgaria<\/td>\n<\/tr>\n<tr>\n<td>Kalliopi Kravari<\/td>\n<td>Aristotle University of Thessaloniki<\/td>\n<td>Greece<\/td>\n<\/tr>\n<tr>\n<td>Vladimir Kurbalija<\/td>\n<td>University of Novi Sad<\/td>\n<td>Serbia<\/td>\n<\/tr>\n<tr>\n<td>Florin Leon<\/td>\n<td>Gheorghe Asachi Technical University of Iasi<\/td>\n<td>Romania<\/td>\n<\/tr>\n<tr>\n<td>Yannis Manolopoulos<\/td>\n<td>Aristotle University of Thessaloniki<\/td>\n<td>Greece<\/td>\n<\/tr>\n<tr>\n<td>Agon Memeti<\/td>\n<td>State University of Tetovo<\/td>\n<td>North Macedonia<\/td>\n<\/tr>\n<tr>\n<td>Maria Viorela Muntean<\/td>\n<td>University of Alba Iulia<\/td>\n<td>Romania<\/td>\n<\/tr>\n<tr>\n<td>Ionut Muraretu<\/td>\n<td>University of Craiova<\/td>\n<td>Romania<\/td>\n<\/tr>\n<tr>\n<td>Ngoc-Thanh Nguyen<\/td>\n<td>Wroclaw University of Science and Technology<\/td>\n<td>Poland<\/td>\n<\/tr>\n<tr>\n<td>Mihaela Oprea<\/td>\n<td>University Petroleum-Gas of Ploiesti<\/td>\n<td>Romania<\/td>\n<\/tr>\n<tr>\n<td>Vincenzo Piuri<\/td>\n<td>University of Milan<\/td>\n<td>Italy<\/td>\n<\/tr>\n<tr>\n<td>Alexandru Popa<\/td>\n<td>University of Bucharest<\/td>\n<td>Romania<\/td>\n<\/tr>\n<tr>\n<td>Ioan Stefan Sacala<\/td>\n<td>University POLITEHNICA of Bucharest<\/td>\n<td>Romania<\/td>\n<\/tr>\n<tr>\n<td>Claudio Savaglio<\/td>\n<td>Universit\u00e0 della Calabria<\/td>\n<td>Italy<\/td>\n<\/tr>\n<tr>\n<td>Aysegul Ucar<\/td>\n<td>Firat university<\/td>\n<td>Turkey<\/td>\n<\/tr>\n<tr>\n<td>Erkan Uslu<\/td>\n<td>Yildiz Technical University<\/td>\n<td>Turkey<\/td>\n<\/tr>\n<tr>\n<td>Panagiotis Vlamos<\/td>\n<td>Ionian University<\/td>\n<td>Greece<\/td>\n<\/tr>\n<tr>\n<td>Tulay Yildirim<\/td>\n<td>Yildiz Technical University<\/td>\n<td>Turkey<\/td>\n<\/tr>\n<tr>\n<td>Drago \u00c5\u00bdagar<\/td>\n<td>University of Osijek<\/td>\n<td>Croatia<\/td>\n<\/tr>\n<tr>\n<td>Daniela Zaharie<\/td>\n<td>West University of Timisoara<\/td>\n<td>Romania<\/td>\n<\/tr>\n<tr>\n<td>Sergiu Zaporojan<\/td>\n<td>Technical University of Moldova<\/td>\n<td>Moldova<\/td>\n<\/tr>\n<\/tbody>\n<\/table>\n<p>[\/vc_column_text][\/vc_column][\/vc_row]<\/p>\n","protected":false},"excerpt":{"rendered":"<p>[vc_row][vc_column][vc_column_text] Program Committee Mohammed Awad American University of Ras Al Khaimah UAE Mohammed Omari American University of Ras Al Khaimah UAE Khaled Balawafi American University of Ras Al Khaimah UAE Ali Alnoman American University of Ras Al Khaimah UAE Arfan&#8230;<\/p>\n","protected":false},"author":2,"featured_media":0,"parent":0,"menu_order":0,"comment_status":"closed","ping_status":"closed","template":"","meta":{"footnotes":""},"class_list":["post-5174","page","type-page","status-publish","hentry"],"_links":{"self":[{"href":"https:\/\/conferences.sigappfr.org\/inista2025\/wp-json\/wp\/v2\/pages\/5174","targetHints":{"allow":["GET"]}}],"collection":[{"href":"https:\/\/conferences.sigappfr.org\/inista2025\/wp-json\/wp\/v2\/pages"}],"about":[{"href":"https:\/\/conferences.sigappfr.org\/inista2025\/wp-json\/wp\/v2\/types\/page"}],"author":[{"embeddable":true,"href":"https:\/\/conferences.sigappfr.org\/inista2025\/wp-json\/wp\/v2\/users\/2"}],"replies":[{"embeddable":true,"href":"https:\/\/conferences.sigappfr.org\/inista2025\/wp-json\/wp\/v2\/comments?post=5174"}],"version-history":[{"count":4,"href":"https:\/\/conferences.sigappfr.org\/inista2025\/wp-json\/wp\/v2\/pages\/5174\/revisions"}],"predecessor-version":[{"id":5408,"href":"https:\/\/conferences.sigappfr.org\/inista2025\/wp-json\/wp\/v2\/pages\/5174\/revisions\/5408"}],"wp:attachment":[{"href":"https:\/\/conferences.sigappfr.org\/inista2025\/wp-json\/wp\/v2\/media?parent=5174"}],"curies":[{"name":"wp","href":"https:\/\/api.w.org\/{rel}","templated":true}]}}