{"id":3468,"date":"2022-09-10T08:30:44","date_gmt":"2022-09-10T08:30:44","guid":{"rendered":"https:\/\/conferences.sigappfr.org\/idc2026\/?page_id=3468"},"modified":"2026-02-08T18:42:41","modified_gmt":"2026-02-08T18:42:41","slug":"program-committee","status":"publish","type":"page","link":"https:\/\/conferences.sigappfr.org\/idc2026\/program-committee\/","title":{"rendered":"Program Committee"},"content":{"rendered":"<p>[vc_row][vc_column][vc_column_text]<\/p>\n<ul>\n<li>Salvador Abreu, University of Evora, Portugal<\/li>\n<li>Cesar Analide, University of Minho, Portugal<\/li>\n<li>Mehmet Aydin, University of the West Of England, UK<\/li>\n<li>Costin B\u0103dic\u0103, University of Craiova, Romania<\/li>\n<li>Amelia B\u0103dic\u0103, University of Craiova, Romania<\/li>\n<li>Nick Bassiliades, Aristotle University of Thessaloniki, Greece<\/li>\n<li>David Bedn\u00e1rek, Charles University in Prague, Czechia<\/li>\n<li>Doina Bein, California State University, Fullerton, USA<\/li>\n<li>Lars Braubach, University of Applied Sciences, Bremen, Germany<\/li>\n<li>Drazen Brdjanin, University of Banja Luka, Serbia<\/li>\n<li>Giacomo Cabri, University of Modena and Reggio Emilia, Italy<\/li>\n<li>Mario Cannataro, University of Catanzaro, Italy<\/li>\n<li>Aniello Castiglione, University of Salerno, Italy<\/li>\n<li>Andrey Chechulin, SPC Russian Academy of Sciences, Russia<\/li>\n<li>Paul Davidsson, Malm\u00f6 University, Sweden<\/li>\n<li>Ioanna Dionysiou, University of Nicosia, Cyprus<\/li>\n<li>Luminita Dumitriu, Lower Danube University, Romania<\/li>\n<li>Du\u0161an Gaji\u0107, University of Novi Sad, Serbia<\/li>\n<li>Tihana Galinac Grbac, Juraj Dobrila University of Pula, Croatia<\/li>\n<li>Maria Ganzha, Warsaw University of Technology, Poland<\/li>\n<li>Marjan Gusev, Ss. Cyril and Methodius University in Skopje, North Macedonia<\/li>\n<li>Marko H\u00f6lbl, University of Maribor, Slovenia<\/li>\n<li>Saeid Hosseini, Sohar University, Oman<\/li>\n<li>Sergio Ilarri, University of Zaragoza, Spain<\/li>\n<li>Galina Ilieva, Plovdiv University Paisii Hilendarski, Bulgaria<\/li>\n<li>Mirjana Ivanovic, University of Novi Sad, Serbia<\/li>\n<li>Vicente Julian, Technical University of Valencia, Spain<\/li>\n<li>Petros Kefalas, University of York, Europe Campus, Greece<\/li>\n<li>Michael K\u00f6hler-Bussmeier, University of Applied Science, Hamburg, Germany<\/li>\n<li>Petia Koprinkova-Hristova, IICT, Bulgarian Academy of Sciences, Bulgaria<\/li>\n<li>Igor Kotenko, ITMO University, Russia<\/li>\n<li>Vladimir Kurbalija, University of Novi Sad, Serbia<\/li>\n<li>Florin Leon, Gheorghe Asachi Technical University of Iasi, Romania<\/li>\n<li>Marin Lujak, University Rey Juan Carlos, Spain<\/li>\n<li>Jose Manchado, University of Minho, Portugal<\/li>\n<li>Giuseppe Mangioni, University of Catania, Italy<\/li>\n<li>Fabrizio Messina, University of Catania, Italy<\/li>\n<li>Kjetil N\u00f8rv\u00e5g, Norwegian University of Science and Technology, Norway<\/li>\n<li>Paulo Novais, University of Minho, Portugal<\/li>\n<li>Marcin Paprzycki, SRI, Polish Academy of Sciences, Poland<\/li>\n<li>Dana Petcu, West University of Timisoara, Romania<\/li>\n<li>Radu-Emil Precup, Polytechnic University of Timisoara, Romania<\/li>\n<li>Milos Radovanovic, University of Novi Sad, Serbia<\/li>\n<li>Wolfgang Renz, University of Applied Science, Hamburg, Germany<\/li>\n<li>Sashko Ristov, University of Innsbruck, Austria<\/li>\n<li>Ilias Sakellariou, University of Macedonia, North Macedonia<\/li>\n<li>Ioan Salomie, Technical University of Cluj-Napoca, Romania<\/li>\n<li>Corrado Santoro, University of Catania, Italy<\/li>\n<li>Milos Savic, University of Novi Sad, Serbia<\/li>\n<li>Spyros Sioutas, University of Patras, Greece<\/li>\n<li>Stanimir Stoyanov, Plovdiv University, Bulgaria<\/li>\n<li>Jan Sudeikat, University of Applied Science, Hamburg, Germany<\/li>\n<li>Michail-Antisthenis Tsompanas, University of the West of England, UK<\/li>\n<li>J\u00f8rgen Villadsen, Technical University of Denmark, Denmark<\/li>\n<li>Martijn Warnier, Delft University of Technology, Netherlands<\/li>\n<li>Daniela Zaharie, West University of Timisoara, Romania<\/li>\n<li>Constantin Zamfirescu, Lucian Blaga University of Sibiu, Romania<\/li>\n<\/ul>\n<p>[\/vc_column_text][\/vc_column][\/vc_row]<\/p>\n","protected":false},"excerpt":{"rendered":"<p>[vc_row][vc_column][vc_column_text] Salvador Abreu, University of Evora, Portugal Cesar Analide, University of Minho, Portugal Mehmet Aydin, University of the West Of England, UK Costin B\u0103dic\u0103, University of Craiova, Romania Amelia B\u0103dic\u0103, University of Craiova, Romania Nick Bassiliades, Aristotle University of Thessaloniki,&#8230;<\/p>\n","protected":false},"author":1,"featured_media":0,"parent":0,"menu_order":0,"comment_status":"closed","ping_status":"closed","template":"","meta":{"footnotes":""},"class_list":["post-3468","page","type-page","status-publish","hentry"],"_links":{"self":[{"href":"https:\/\/conferences.sigappfr.org\/idc2026\/wp-json\/wp\/v2\/pages\/3468","targetHints":{"allow":["GET"]}}],"collection":[{"href":"https:\/\/conferences.sigappfr.org\/idc2026\/wp-json\/wp\/v2\/pages"}],"about":[{"href":"https:\/\/conferences.sigappfr.org\/idc2026\/wp-json\/wp\/v2\/types\/page"}],"author":[{"embeddable":true,"href":"https:\/\/conferences.sigappfr.org\/idc2026\/wp-json\/wp\/v2\/users\/1"}],"replies":[{"embeddable":true,"href":"https:\/\/conferences.sigappfr.org\/idc2026\/wp-json\/wp\/v2\/comments?post=3468"}],"version-history":[{"count":19,"href":"https:\/\/conferences.sigappfr.org\/idc2026\/wp-json\/wp\/v2\/pages\/3468\/revisions"}],"predecessor-version":[{"id":5606,"href":"https:\/\/conferences.sigappfr.org\/idc2026\/wp-json\/wp\/v2\/pages\/3468\/revisions\/5606"}],"wp:attachment":[{"href":"https:\/\/conferences.sigappfr.org\/idc2026\/wp-json\/wp\/v2\/media?parent=3468"}],"curies":[{"name":"wp","href":"https:\/\/api.w.org\/{rel}","templated":true}]}}