{"id":5697,"date":"2026-01-06T09:00:10","date_gmt":"2026-01-06T09:00:10","guid":{"rendered":"https:\/\/conferences.sigappfr.org\/egc2026\/?page_id=5697"},"modified":"2026-01-07T09:21:57","modified_gmt":"2026-01-07T09:21:57","slug":"demos-posters-acceptes","status":"publish","type":"page","link":"https:\/\/conferences.sigappfr.org\/egc2026\/demos-posters-acceptes\/","title":{"rendered":"D\u00e9monstrations et Posters accept\u00e9s"},"content":{"rendered":"<p>[vc_row][vc_column][vc_tta_tabs][vc_tta_section title=&#8221;Demonstrations accept\u00e9es&#8221; tab_id=&#8221;1767689669957-6178d9c7-48f3&#8243;][vc_column_text]<\/p>\n<h2 style=\"text-align: center;\"><span data-olk-copy-source=\"MessageBody\">Demonstrations<\/span><\/h2>\n<ul>\n<li><b><\/b><span class=\"s1\"><b>[D1] Morfetik : Une ressource lexicale morphologique extensible et modulaire pour le fran\u00e7ais<\/b><br \/>\n<i>Jaime Arias, Othman Boudarga and Aude Grezka<\/i><i><\/i><\/span><\/li>\n<li><b><\/b><span class=\"s1\"><b>[D2] Text2Stories : Extraction et G\u00e9n\u00e9ration de User Stories \u00e0 partir de Documentation Fonctionnelle et Non-Fonctionnelle<\/b><br \/>\n<i>Marius Ortega, Hassan Imhah, Vanande Khatchatrian, N\u00e9dra Mellouli, Christophe Rodrigues and Nicolas Travers<\/i><i><\/i><\/span><\/li>\n<li><b><\/b><span class=\"s1\"><b>[D3] Encyclopedia2GeoKG : un outil pour l\u2019extraction d\u2019informations et la g\u00e9n\u00e9ration de graphes de connaissances g\u00e9o-historiques \u00e0 partir d\u2019articles encyclop\u00e9diques<\/b><br \/>\n<i>Bin Yang, Ludovic Moncla, Fabien Duchateau and Fr\u00e9d\u00e9rique Laforest<\/i><i><\/i><\/span><\/li>\n<li><b><\/b><span class=\"s1\"><b>[D4] GeoDescriber x GeoLLM : Faire parler la donn\u00e9e \u00e9nerg\u00e9tique<\/b><br \/>\n<i>Axel Declercq, Aude Lescou\u00ebt, Jacqueline Tricot, L\u00e9on Lim, Eric Lavergne, Lydia Ould Ouali and Beno\u00eet Grossin<\/i><i><\/i><\/span><\/li>\n<li><b><\/b><span class=\"s1\"><b>[D5] TDM Factory : rendre accessibles des algorithmes de fouilles de textes sans connaissances a priori ni param\u00e9trages<\/b><br \/>\n<i>L\u00e9o Gaillard, Val\u00e9rie Bonvallot, Pascal Cuxac and Fran\u00e7ois Parmentier<\/i><i><\/i><\/span><\/li>\n<li><b><\/b><span class=\"s1\"><b>[D6] DataLAC : intelligence artificielle dans un lac de donn\u00e9es pour valoriser les archives arch\u00e9ologiques<\/b><br \/>\n<i>Rajae El-Idrissi, Elias Makhlouf, Mohamed Riad Sahrane, Dewanou Romeo Elohounkpon, Jorje Antonion Sanchez Cristancho, Josefina Simon Reig, Laura Romero, Juba Agoun, Jean-Pierre Girard, Gabriel de Prado, J\u00e9r\u00f4me Darmont and Sabine Loudcher<\/i><i><\/i><\/span><\/li>\n<li><b><\/b><span class=\"s1\"><b>[D7] Syst\u00e8me de matching hybride et explicable entre profils et offres de mission dans le contexte des Entreprises de Services du Num\u00e9rique<\/b><br \/>\n<i>Karim El Haff, Mohammed Yacine Brahmia, Fadi Boussaid and Abdelkader Fourati<\/i><i><\/i><\/span><\/li>\n<li><b><\/b><span class=\"s1\"><b>[D8] Mezanno : des sources s\u00e9rielles aux donn\u00e9es structur\u00e9es pour les humanit\u00e9s num\u00e9riques<\/b><br \/>\n<i>Nathalie Abadie, Marie Carlin, Edwin Carlinet, Joseph Chazalon, Pascal Cristofoli, Bertrand Dum\u00e9nieu, Jean-Philippe Moreux, Julien Perret, Jonathan Perrinet and Marie Puren<\/i><i><\/i><\/span><\/li>\n<li><b><\/b><span class=\"s1\"><b>[D9] Litt\u00e9roscope : une plateforme d\u2019analyse automatique et comparative de textes litt\u00e9raires<\/b><br \/>\n<i>Baptiste Bohet and Nicole Vincent<\/i><i><\/i><\/span><\/li>\n<li><b><\/b><span class=\"s1\"><b>[D10] Neo4MOT : suivi multi-objets dans un r\u00e9seau de cam\u00e9ras \u00e0 l\u2019aide de graphes temporels multicouche<\/b><br \/>\n<i>Pierre Lefebvre, Ahmed Azough and Nicolas Travers<\/i><i><\/i><\/span><\/li>\n<li><b><\/b><span class=\"s1\"><b>[D11] Green Code Optimizer<\/b><br \/>\n<i>Youssef Oubelmouh, Ghita Chahdi and Victor Qian<\/i><i><\/i><\/span><\/li>\n<li><b><\/b><span class=\"s1\"><b>[D12] ASuComP : Apprentissage supervis\u00e9 pour la collecte s\u00e9curis\u00e9e des donn\u00e9es IoT par un prototype de d\u00e9tection de n\u0153uds compromis<\/b><br \/>\n<i>Floribert Katembo Vuseghesa, Mohamed-Lamine Messai and Fadila Bentayeb<\/i><\/span><\/li>\n<\/ul>\n<p>[\/vc_column_text][\/vc_tta_section][vc_tta_section title=&#8221;Posters Accept\u00e9s&#8221; tab_id=&#8221;1767689669964-5a15d551-45b9&#8243;][vc_column_text]<\/p>\n<h2 style=\"text-align: center;\"><span data-olk-copy-source=\"MessageBody\">Posters<\/span><\/h2>\n<ul class=\"ol1\">\n<li class=\"li1\"><span class=\"s1\"><b>[P1] Dimensionnalit\u00e9 et chevauchement de classes : vers une classification adaptative par zones<\/b><br \/>\n<i>Loashan Rasan, Lucas Gumuchian, Ines Ben Kraiem and C\u00e9lia Tassadit Ait Kaci<\/i><i><\/i><\/span><\/li>\n<li class=\"li1\"><b><\/b><span class=\"s1\"><b>[P2] SyDeNoC : Syst\u00e8me dynamique ensembliste pour la d\u00e9tection des n\u0153uds compromis dans les r\u00e9seaux IoT<\/b><br \/>\n<i>Floribert Katembo Vuseghesa, Mohamed-Lamine Messai and Fadila Bentayeb<\/i><i><\/i><\/span><\/li>\n<li class=\"li1\"><b><\/b><span class=\"s1\"><b>[P3] Exploiter la presse \u00e9crite pour l\u2019extraction des s\u00e9quences audiovisuelles li\u00e9es \u00e0 un \u00e9v\u00e9nement d\u2019actualit\u00e9<\/b><br \/>\n<i>Marjolaine Ray, Thierry Poibeau, Sylvain Parasie, Nicolas Herv\u00e9 and B\u00e9atrice Mazoyer<\/i><i><\/i><\/span><\/li>\n<li class=\"li1\"><b><\/b><span class=\"s1\"><b>[P4] Enhancing SHAP Explanation Interpretability Using Subgroup Discovery<\/b><br \/>\n<i>Ma\u00eblle Moranges and Thomas Guyet<\/i><i><\/i><\/span><\/li>\n<li class=\"li1\"><b><\/b><span class=\"s1\"><b>[P5] Frequent Pattern Mining appliqu\u00e9 \u00e0 des multigraphes maritimes orient\u00e9s<\/b><br \/>\n<i>Ana\u00efs Colson, Cyril Ray and Abdel Boudraa<\/i><i><\/i><\/span><\/li>\n<li class=\"li1\"><b><\/b><span class=\"s1\"><b>[P6] Approche pour la classification multi-tables face \u00e0 la d\u00e9rive de concept<\/b><br \/>\n<i>Nicolas Voisine, Alex Szpakiewicz and Ana\u00efs Collin<\/i><i><\/i><\/span><\/li>\n<li class=\"li1\"><b><\/b><span class=\"s1\"><b>[P7] When LLMs Play Annotator: Human\u2013LLM Agreement in Soft Skills Classification<\/b><br \/>\n<i>Elena Rozera, Nedra Mellouli, Patrick Leguide and William Morcombe<\/i><i><\/i><\/span><\/li>\n<li class=\"li1\"><b><\/b><span class=\"s1\"><b>[P8] Analyse du vocabulaire appliqu\u00e9 au transfert s\u00e9mantique phrase vers texte<\/b><br \/>\n<i>Olena Yurchenko, Natalia Grabar and Olga Cherednichenko<\/i><i><\/i><\/span><\/li>\n<li class=\"li1\"><b><\/b><span class=\"s1\"><b>[P9] Acc\u00e9l\u00e9ration des motifs graduels fr\u00e9quents avec r\u00e9duction de la dimensionnalit\u00e9<\/b><br \/>\n<i>Herman Tcheneghon Motcheyo, Issam Falih, Lauraine Tiogning-Djiogue and Engelbert Mephu Nguifo<\/i><i><\/i><\/span><\/li>\n<li class=\"li1\"><b><\/b><span class=\"s1\"><b>[P10] D\u00e9mocratiser l\u2019explicabilit\u00e9 des mod\u00e8les d\u2019IA \u00e0 l\u2019aide des LLMs<\/b><br \/>\n<i>Louenas Bounia and Mor Ndour<\/i><i><\/i><\/span><\/li>\n<li class=\"li1\"><b><\/b><span class=\"s1\"><b>[P11] MMO : une ontologie pour les m\u00e9tadonn\u00e9es<\/b><br \/>\n<i>Valentin Mouche, Manuel Munier and Nouha Laamech<\/i><i><\/i><\/span><\/li>\n<li class=\"li1\"><b><\/b><span class=\"s1\"><b>[P12] Du syst\u00e8me expert au syst\u00e8me d\u2019information et de connaissance, quelle place conf\u00e9rer \u00e0 l\u2019expertise dans une base de connaissance (1985\u20132025)<\/b><br \/>\n<i>Alain Berger<\/i><i><\/i><\/span><\/li>\n<li class=\"li1\"><b><\/b><span class=\"s1\"><b>[P13] Analyse th\u00e9matique de CV synth\u00e9tiques en contexte RH : vers un clustering intelligent avec BERTopic<\/b><br \/>\n<i>Emmanuelle Kelodjoue, Ines Ben Kraiem, Amine Ferdjaoui and Chris Bryan Fotso Tala<\/i><i><\/i><\/span><\/li>\n<li class=\"li1\"><b><\/b><span class=\"s1\"><b>[P14] Energy-Guided Compressive Motion Detection under Edge Simulation Environments<\/b><br \/>\n<i>Dung Ha, Nghia Duong-Trung and Hiep Huynh<\/i><\/span><\/li>\n<\/ul>\n<p>[\/vc_column_text][\/vc_tta_section][\/vc_tta_tabs][\/vc_column][\/vc_row]<\/p>\n","protected":false},"excerpt":{"rendered":"<p>[vc_row][vc_column][vc_tta_tabs][vc_tta_section title=&#8221;Demonstrations accept\u00e9es&#8221; tab_id=&#8221;1767689669957-6178d9c7-48f3&#8243;][vc_column_text] Demonstrations [D1] Morfetik : Une ressource lexicale morphologique extensible et modulaire pour le fran\u00e7ais Jaime Arias, Othman Boudarga and Aude Grezka [D2] Text2Stories : Extraction et G\u00e9n\u00e9ration de User Stories \u00e0 partir de Documentation Fonctionnelle et&#8230;<\/p>\n","protected":false},"author":3,"featured_media":0,"parent":0,"menu_order":0,"comment_status":"closed","ping_status":"closed","template":"","meta":{"footnotes":""},"class_list":["post-5697","page","type-page","status-publish","hentry"],"_links":{"self":[{"href":"https:\/\/conferences.sigappfr.org\/egc2026\/wp-json\/wp\/v2\/pages\/5697","targetHints":{"allow":["GET"]}}],"collection":[{"href":"https:\/\/conferences.sigappfr.org\/egc2026\/wp-json\/wp\/v2\/pages"}],"about":[{"href":"https:\/\/conferences.sigappfr.org\/egc2026\/wp-json\/wp\/v2\/types\/page"}],"author":[{"embeddable":true,"href":"https:\/\/conferences.sigappfr.org\/egc2026\/wp-json\/wp\/v2\/users\/3"}],"replies":[{"embeddable":true,"href":"https:\/\/conferences.sigappfr.org\/egc2026\/wp-json\/wp\/v2\/comments?post=5697"}],"version-history":[{"count":3,"href":"https:\/\/conferences.sigappfr.org\/egc2026\/wp-json\/wp\/v2\/pages\/5697\/revisions"}],"predecessor-version":[{"id":5722,"href":"https:\/\/conferences.sigappfr.org\/egc2026\/wp-json\/wp\/v2\/pages\/5697\/revisions\/5722"}],"wp:attachment":[{"href":"https:\/\/conferences.sigappfr.org\/egc2026\/wp-json\/wp\/v2\/media?parent=5697"}],"curies":[{"name":"wp","href":"https:\/\/api.w.org\/{rel}","templated":true}]}}