{"id":5649,"date":"2025-11-27T04:01:54","date_gmt":"2025-11-27T04:01:54","guid":{"rendered":"https:\/\/conferences.sigappfr.org\/egc2026\/?page_id=5649"},"modified":"2025-11-27T05:32:40","modified_gmt":"2025-11-27T05:32:40","slug":"articles-nomines","status":"publish","type":"page","link":"https:\/\/conferences.sigappfr.org\/egc2026\/articles-nomines\/","title":{"rendered":"Papiers nomin\u00e9s pour le meilleur prix"},"content":{"rendered":"<p>[vc_row][vc_column][vc_column_text]<\/p>\n<h2 style=\"text-align: center;\"><span data-olk-copy-source=\"MessageBody\">Nomin\u00e9s pour le prix du meilleur article <\/span><\/h2>\n<h3 class=\"p1\"><b>Cat\u00e9gorie: <em>articles m\u00e9thodologiques<\/em><\/b><\/h3>\n<ol class=\"ol1\">\n<li class=\"li1\"><b>Baptiste Amice, Peggy Cellier and S\u00e9bastien Ferr\u00e9 AlasQA.<\/b> : Syst\u00e8me Neurosymbolique de Questions-R\u00e9ponses sur Graphes de Connaissances<\/li>\n<li class=\"li1\"><b>Mohamed Boukrani, Pierre Nodet and Vincent Lemaire.<\/b> Fonctions d&#8217;influences pour la d\u00e9tection d&#8217;exemples mal \u00e9tiquet\u00e9s : une \u00e9tude comparative<\/li>\n<li class=\"li1\"><b>Lamine Diop and Marc Plantevit. <\/b>Extraction diff\u00e9rentiable d&#8217;ensemble de motifs d&#8217;intervalles<\/li>\n<li class=\"li1\"><b>Th\u00e9o Gueuret, Akrem Sellami and Chaabane Djeraba.<\/b> Repr\u00e9sentation et extraction de connaissances pour la reconnaissance d\u2019expressions faciales dynamiques par r\u00e9seaux de graphes spatio-temporels<\/li>\n<\/ol>\n<h3 class=\"p1\"><b>Cat\u00e9gorie: <em>articles applicatifs<\/em><\/b><\/h3>\n<ol class=\"ol1\">\n<li class=\"li1\"><b>Nour Bouchouchi, Thibault Laugel, Marie-Jeanne Lesot, Christophe Marsala and Xavier Renard.<\/b> Biais de genre encod\u00e9s et exprim\u00e9s dans les LLMs : \u00e9tude conjointe<\/li>\n<li class=\"li1\"><b>Bin Yang, Ludovic Moncla, Fabien Duchateau and Fr\u00e9d\u00e9rique Laforest. <\/b>Construction automatique d&#8217;un graphe de connaissances g\u00e9o-historiques \u00e0 partir de textes encyclop\u00e9diques anciens<\/li>\n<li class=\"li1\"><b>Loic Salmon and Pedro Merino Laso.<\/b> Pr\u00e9diction des transitions spatiales de piraterie maritime : une approche duale multi-r\u00e9solution<\/li>\n<\/ol>\n<p>[\/vc_column_text][\/vc_column][\/vc_row][vc_row disable_element=&#8221;yes&#8221;][vc_column][vc_column_text]<\/p>\n<h3 style=\"text-align: center;\">To be announced!<\/h3>\n<p>[\/vc_column_text][\/vc_column][\/vc_row]<\/p>\n","protected":false},"excerpt":{"rendered":"<p>[vc_row][vc_column][vc_column_text] Nomin\u00e9s pour le prix du meilleur article Cat\u00e9gorie: articles m\u00e9thodologiques Baptiste Amice, Peggy Cellier and S\u00e9bastien Ferr\u00e9 AlasQA. : Syst\u00e8me Neurosymbolique de Questions-R\u00e9ponses sur Graphes de Connaissances Mohamed Boukrani, Pierre Nodet and Vincent Lemaire. Fonctions d&#8217;influences pour la d\u00e9tection&#8230;<\/p>\n","protected":false},"author":3,"featured_media":0,"parent":0,"menu_order":0,"comment_status":"closed","ping_status":"closed","template":"","meta":{"footnotes":""},"class_list":["post-5649","page","type-page","status-publish","hentry"],"_links":{"self":[{"href":"https:\/\/conferences.sigappfr.org\/egc2026\/wp-json\/wp\/v2\/pages\/5649","targetHints":{"allow":["GET"]}}],"collection":[{"href":"https:\/\/conferences.sigappfr.org\/egc2026\/wp-json\/wp\/v2\/pages"}],"about":[{"href":"https:\/\/conferences.sigappfr.org\/egc2026\/wp-json\/wp\/v2\/types\/page"}],"author":[{"embeddable":true,"href":"https:\/\/conferences.sigappfr.org\/egc2026\/wp-json\/wp\/v2\/users\/3"}],"replies":[{"embeddable":true,"href":"https:\/\/conferences.sigappfr.org\/egc2026\/wp-json\/wp\/v2\/comments?post=5649"}],"version-history":[{"count":2,"href":"https:\/\/conferences.sigappfr.org\/egc2026\/wp-json\/wp\/v2\/pages\/5649\/revisions"}],"predecessor-version":[{"id":5673,"href":"https:\/\/conferences.sigappfr.org\/egc2026\/wp-json\/wp\/v2\/pages\/5649\/revisions\/5673"}],"wp:attachment":[{"href":"https:\/\/conferences.sigappfr.org\/egc2026\/wp-json\/wp\/v2\/media?parent=5649"}],"curies":[{"name":"wp","href":"https:\/\/api.w.org\/{rel}","templated":true}]}}