{"id":5636,"date":"2025-11-27T03:41:34","date_gmt":"2025-11-27T03:41:34","guid":{"rendered":"https:\/\/conferences.sigappfr.org\/egc2026\/?page_id=5636"},"modified":"2025-11-27T05:30:54","modified_gmt":"2025-11-27T05:30:54","slug":"papiers-acceptes","status":"publish","type":"page","link":"https:\/\/conferences.sigappfr.org\/egc2026\/papiers-acceptes\/","title":{"rendered":"Articles longs accept\u00e9s"},"content":{"rendered":"<p>[vc_row][vc_column][vc_column_text]<\/p>\n<h2 style=\"text-align: center;\"><span data-olk-copy-source=\"MessageBody\">Articles longs accept\u00e9s<\/span><\/h2>\n<p>&nbsp;<\/p>\n<ol class=\"ol1\">\n<li class=\"li1\"><b>Assaad Zeghina, Aur\u00e9lie Leborgne, Florence Le Ber, Antoine Vacavant<\/b><br \/>\n<i>Am\u00e9lioration de Multi-SPMiner par des m\u00e9canismes attentionnels pour une extraction robuste de motifs fr\u00e9quents<\/i><i><\/i><\/li>\n<li class=\"li1\"><b>Mohamed Boukrani, Pierre Nodet, Vincent Lemaire<\/b><br \/>\n<i>Fonctions d&#8217;influences pour la d\u00e9tection d&#8217;exemples mal \u00e9tiquet\u00e9s : une \u00e9tude comparative<\/i><i><\/i><\/li>\n<li class=\"li1\"><b>Morad Laglil, Emilie Devijver, Eric Gaussier, Bertrand Pracca<\/b><br \/>\n<i>Mod\u00e8les de Fondation et Ajustement : Vers une Nouvelle G\u00e9n\u00e9ration de Mod\u00e8les pour la Pr\u00e9vision des S\u00e9ries Temporelles<\/i><i><\/i><\/li>\n<li class=\"li1\"><b>Nassima Kaid, Zoubida Kedad, St\u00e9phane Lopes<\/b><br \/>\n<i>Une approche hybride pour l\u2019annotation des tables dans un lac de donn\u00e9es<\/i><i><\/i><\/li>\n<li class=\"li1\"><b>Loic Salmon, Pedro Merino Laso<\/b><br \/>\n<i>Pr\u00e9diction des transitions spatiales de piraterie maritime : une approche duale multi-r\u00e9solution<\/i><i><\/i><\/li>\n<li class=\"li1\"><b>Ilyes Oukid, Bilal Faye, Hanane Azzag, Mustapha Lebbah, Said Yacine Boulahia<\/b><br \/>\n<i>MonoASR: un mod\u00e8le de reconnaissance vocale multilingue frugal et unifi\u00e9<\/i><i><\/i><\/li>\n<li class=\"li1\"><b>Gam Le, Khoi Nguyen, Hiep Huynh<\/b><br \/>\n<i>Fairness-Aware Matrix Factorization for Recommendation Systems using Energy Distance<\/i><i><\/i><\/li>\n<li class=\"li1\"><b>Etienne Gael Tajeuna, Rokia Missaoui<\/b><br \/>\n<i>Mod\u00e8le de survie multi-\u00e9tats pour l&#8217;analyse de la dynamique des sentiments dans les m\u00e9dias sociaux.<\/i><i><\/i><\/li>\n<li class=\"li1\"><b>Saber Zahhar, N\u00e9dra Mellouli, Christophe Rodrigues, Nicolas Travers<\/b><br \/>\n<i>Rien ne sert de d\u00e9coder, il faut chercher \u00e0 point : pr\u00e9diction de mots-cl\u00e9s inter-domaine par recherche et classement \u00e0 l\u2019aide de Sentence-Transformers fine-tun\u00e9s<\/i><i><\/i><\/li>\n<li class=\"li1\"><b>Boubacar Diallo, Nd\u00e8ye Niang, Vincent Audigier, Feriel Bouhadjera<\/b><br \/>\n<i>Comparaison de m\u00e9thodes de classification de donn\u00e9es fonctionnelles<\/i><i><\/i><\/li>\n<li class=\"li1\"><b>Baptiste Amice, Peggy Cellier, S\u00e9bastien Ferr\u00e9<\/b><br \/>\n<i>AlasQA : Syst\u00e8me Neurosymbolique de Questions-R\u00e9ponses sur Graphes de Connaissances<\/i><i><\/i><\/li>\n<li class=\"li1\"><b>Synthia Ngotagua Yonkeu, Norbert Tsopze, Jerry Lonlac<\/b><br \/>\n<i>Vers une g\u00e9n\u00e9ration d\u2019explications contrefactuelles plausibles \u00e0 partir des motifs graduels<\/i><i><\/i><\/li>\n<li class=\"li1\"><b>Th\u00e9o Gueuret, Akrem Sellami, Chaabane Djeraba<\/b><br \/>\n<i>Repr\u00e9sentation et extraction de connaissances pour la reconnaissance d\u2019expressions faciales dynamiques par r\u00e9seaux de graphes spatio-temporels<\/i><i><\/i><\/li>\n<li class=\"li1\"><b>Imed Keraghel, Mohamed Nadif<\/b><br \/>\n<i>Ajustement des param\u00e8tres d\u2019UMAP en vue d\u2019un clustering efficace.<\/i><i><\/i><\/li>\n<li class=\"li1\"><b>Hugo Attali, Nadi Tomeh, Thomas Papastergiou, Fragkiskos Malliaros<\/b><br \/>\n<i>Mesurer et exploiter les d\u00e9pendances lointaines dans les GNN<\/i><i><\/i><\/li>\n<li class=\"li1\"><b>Lamine Diop, Marc Plantevit<\/b><br \/>\n<i>Extraction diff\u00e9rentiable d&#8217;ensemble de motifs d&#8217;intervalles<\/i><i><\/i><\/li>\n<li class=\"li1\"><b>Nour Bouchouchi, Thibault Laugel, Marie-Jeanne Lesot, Christophe Marsala, Xavier Renard<\/b><br \/>\n<i>Biais de genre encod\u00e9s et exprim\u00e9s dans les LLMs : \u00e9tude conjointe<\/i><i><\/i><\/li>\n<li class=\"li1\"><b>Jonathan Pattin Cottet, Alexandre Aussem, V\u00e9ronique Eglin<\/b><br \/>\n<i>Mod\u00e8le de langage l\u00e9ger pour la structuration des prescriptions m\u00e9dicales en temps r\u00e9el<\/i><i><\/i><\/li>\n<li class=\"li1\"><b>Bin Yang, Ludovic Moncla, Fabien Duchateau, Fr\u00e9d\u00e9rique Laforest<\/b><br \/>\n<i>Construction automatique d&#8217;un graphe de connaissances g\u00e9o-historiques \u00e0 partir de textes encyclop\u00e9diques anciens<\/i><\/li>\n<li class=\"li1\"><b>Hanane Kteich, Gianluca Quercini, Joe Raad and Fatiha Sa\u00efs<\/b>. BEAM : Un premier benchmark pour l\u2019alignement des microdonn\u00e9es du web avec les graphes de connaissances<\/li>\n<\/ol>\n<p>[\/vc_column_text][vc_column_text]<\/p>\n<h2 style=\"text-align: center;\"><span data-olk-copy-source=\"MessageBody\">Articles courts accept\u00e9s<\/span><\/h2>\n<p>&nbsp;<\/p>\n<ol class=\"ol1\">\n<li class=\"li1\"><b>Antoine Richard, Aoitif Laarej, Thomas Guyet, Naoual Bakrin<\/b><br \/>\n<i>Aide \u00e0 l&#8217;orientation diagnostique des maladies rares par l&#8217;analyse de descriptions cliniques<\/i><i><\/i><\/li>\n<li class=\"li1\"><b>Florent Moulon, Corentin Blanc, Louenas Bounia, Julien Velcin, Juba Agoun<\/b><br \/>\n<i>Impact des repr\u00e9sentations textuelles sur la d\u00e9tection non supervis\u00e9e de d\u00e9rives de donn\u00e9es pour la classification<\/i><i><\/i><\/li>\n<li class=\"li1\"><b>Xingyuan Xu, Bich-Lien Doan, Fabrice Popineau, Bich-Thuy Doan<\/b><br \/>\n<i>LLM-based Continuous Knowledge Graph Construction from Scientific Literature<\/i><i><\/i><\/li>\n<li class=\"li1\"><b>Sara Taoufiq, Molka Dhouib, Amandine Daubresse, Catherine Faron, Meggy Hayotte, St\u00e9phanie Meriaux-Scoffier<\/b><br \/>\n<i>Conception et impl\u00e9mentation d&#8217;une ontologie des facteurs psychosociaux li\u00e9s aux attitudes et comportements alimentaires dysfonctionnels chez les sportifs<\/i><i><\/i><\/li>\n<li class=\"li1\"><b>Ichrak Ennaceur, Haytham Elghazel, Alexandre Aussem, Guillaume Lefebvre, Matthieu Sonnati<\/b><br \/>\n<i>CLARE : un cadre de recommandation d\u2019objets d\u2019apprentissage int\u00e9grant un RAG centr\u00e9 sur les comp\u00e9tences pour l\u2019\u00e9ducation et la formation professionnelle<\/i><i><\/i><\/li>\n<li class=\"li1\"><b>Jean-Jarcke Malasi Mukombelwa, Hajar Moudoud, Rokia Missaoui<\/b><br \/>\n<i>Semantic-Aware Intrusion Detection: A Multimodal Framework with Lightweight LLMs<\/i><i><\/i><\/li>\n<li class=\"li1\"><b>Frederic Guyard, Krzysztof Sapiejewski, Tamara Tosic, Pawe\u0142 Piotrowski, Vincent Lemaire<\/b><br \/>\n<i>How small is big enough? Memory requirements for Time Series Anomaly Detection on embedded devices<\/i><i><\/i><\/li>\n<li class=\"li1\"><b>Paul Malvaud, Brahim Mechaouat, Hakim Hafidi, Malika Smail-Tabbone<\/b><br \/>\n<i>Embedding de Graphes de Connaissances Biom\u00e9dicaux \u00e0 base de GNN et de mod\u00e8les LLM biomol\u00e9culaires pour la pr\u00e9diction de liens<\/i><i><\/i><\/li>\n<li class=\"li1\"><b>Cl\u00e9ment Lens, Pierre Marquis, Karim Tabia, Romain Wallon, Bilal Majed<\/b><br \/>\n<i>Pr\u00e9diction de la d\u00e9gradation critique de l\u2019\u00e9tat des patients aux urgences \u00e0 partir de donn\u00e9es m\u00e9dico-administratives<\/i><i><\/i><\/li>\n<li class=\"li1\"><b>Maxence Gagnant, Abdelhadi Belfadel, Matthieu Dussartre<\/b><br \/>\n<i>Information extraction from French power grid incident reports using open-source LLMs<\/i><i><\/i><\/li>\n<li class=\"li1\"><b>Lazhar Labiod, Mohamed Nadif<\/b><br \/>\n<i>Clustering de graphes attribu\u00e9s dans un cadre multi-vues<\/i><i><\/i><\/li>\n<li class=\"li1\"><b>Kamga Nguifo Durande Berluskoni, Jerry Lonlac, Anthony Fleury, Engelbert Mephu Nguifo<\/b><br \/>\n<i>Exploiter les motifs graduels pour am\u00e9liorer l\u2019explicabilit\u00e9 des mod\u00e8les<\/i><i><\/i><\/li>\n<li class=\"li1\"><b>Bilal Lamsili, Mondher Maddouri, Nida Ben Alhabib M.<\/b><br \/>\n<i>Apprentissage adaptatif en ligne pour une classification interpr\u00e9table fond\u00e9 sur l\u2019Analyse de Concepts Formels<\/i><i><\/i><\/li>\n<li class=\"li1\"><b>Thibaut Martinet, Guillaume Cleuziou, Matthieu Exbrayat, Fr\u00e9d\u00e9ric Flouvat<\/b><br \/>\n<i>Enrichissement d&#8217;embeddings de code par contraintes expertes pour l&#8217;enseignement de la programmation<\/i><\/li>\n<\/ol>\n<p>[\/vc_column_text][vc_column_text]<\/p>\n<h2 style=\"text-align: center;\"><span data-olk-copy-source=\"MessageBody\">Articles d\u00e9j\u00e0 publi\u00e9s au niveau international <\/span><\/h2>\n<p>&nbsp;<\/p>\n<ol class=\"ol1\">\n<li class=\"li1\"><b>Yacine Mokhtari, Gr\u00e9gory Smits<\/b><br \/>\n<i>BeHAVE : G\u00e9n\u00e9rateur de donn\u00e9es synth\u00e9tiques pour les syst\u00e8mes de recommandation de groupe<\/i><i><\/i><\/li>\n<li class=\"li1\"><b>Gauderic Gumbs, Yousra Chabchoub, Maurras Togbe, Florence Rossant, Patrick Perrot<\/b><br \/>\n<i>Adaptive QCAD for contextual anomalies detection using quantile regression forest<\/i><i><\/i><\/li>\n<li class=\"li1\"><b>Alessio Ragno, Marc Plantevit, C\u00e9line Robardet<\/b><br \/>\n<i>Des r\u00e9seaux de neurones sur graphes auto-explicatifs bas\u00e9s sur la logique<\/i><i><\/i><\/li>\n<li class=\"li1\"><b>Th\u00e9ophile Mandon, Sandra Bringay, Pascal Poncelet, Maximilien Servajean<\/b><br \/>\n<i>HALIFacts : Grands mod\u00e8les de langage et v\u00e9rification de faits \u2014 analyse des performances et des \u00e9missions carbones<\/i><i><\/i><\/li>\n<li class=\"li1\"><b>Yousouf Taghzouti, Franck Michel, Tao Jiang, Louis Felix Nothias, Fabien Gandon<\/b><br \/>\n<i>Q\u00b2Forge : G\u00e9n\u00e9rer des Collections de Questions de Comp\u00e9tences et Requ\u00eates SPARQL pour Interroger des Graphes de Connaissances en Langue Naturelle<\/i><i><\/i><\/li>\n<li class=\"li1\"><b>Hassan Abdallah, B\u00e9atrice Markhoff, Louise Parkin, Arnaud Soulet<\/b><br \/>\n<i>D\u00e9couverte d\u2019indicateurs de classement \u00e0 partir de tr\u00e8s grands graphes de connaissances<\/i><i><\/i><\/li>\n<li class=\"li1\"><b>Michael Ben Ali, Imen Megdiche, Andr\u00e9 P\u00e9ninou, Olivier Teste<\/b><br \/>\n<i>Une approche robuste d\u2019apprentissage f\u00e9d\u00e9r\u00e9 par cluster pour des donn\u00e9es non-IID avec d\u00e9s\u00e9quilibre de quantit\u00e9<\/i><i><\/i><\/li>\n<li class=\"li1\"><b>Ghazouani Fethi, Franco Giustozzi, Florence Le Ber<\/b><br \/>\n<i>Apport des LLMs dans l&#8217;extraction de connaissances \u00e0 partir de textes non structur\u00e9s pour peupler une base de cas sur la restauration d&#8217;hydrosyst\u00e8mes<\/i><i><\/i><\/li>\n<li class=\"li1\"><b>Hussam Ghanem, Samir Jabbar, Christophe Cruz<\/b><br \/>\n<i>CoA-Text2OWL : Am\u00e9liorer la construction automatique d&#8217;ontologies via un framework de cha\u00eene d&#8217;agents<\/i><i><\/i><\/li>\n<li class=\"li1\"><b>Motaz Ben Hassine, Mourad Kmimech, Mohamed Graiet<\/b><br \/>\n<i>Effet de la similarit\u00e9 sur la d\u00e9tection de communaut\u00e9s : analyse th\u00e9orique et exp\u00e9rimentale<\/i><i><\/i><\/li>\n<li class=\"li1\"><b>Karima Boutalbi, Rafika Boutalbi, Verjus Herv\u00e9, Kav\u00e9 Salamatian<\/b><br \/>\n<i>Clustering hi\u00e9rarchique de tenseurs pour les multi-graphes<\/i><i><\/i><\/li>\n<li class=\"li1\"><b>F\u00e9lix Chavelli, Paul Boniol, Micha\u00ebl Thomazo<\/b><br \/>\n<i>Vers des mesures d\u2019\u00e9valuation interpr\u00e9tables pour la segmentation de s\u00e9ries temporelles<\/i><i><\/i><\/li>\n<li class=\"li1\"><b>C\u00e9lian Ringwald, Fabien Gandon, Catherine Faron, Franck Michel, Hanna Abi Akl<\/b><br \/>\n<i>G\u00e9n\u00e9raliser l&#8217;adaptation de mod\u00e8les de langue frugaux pour l&#8217;extraction de motifs RDF \u00e0 partir de texte, \u00e0 des relations de type Datatype et Object property<\/i><i><\/i><\/li>\n<li class=\"li1\"><b>Rania Bennetayeb, Giuseppe Berio, Nicolas B\u00e9chet, Albert Murienne<\/b><br \/>\n<i>Construction d&#8217;ontologies guid\u00e9e par des triplets avec des LLM pour la conformit\u00e9 aux r\u00e8gles d&#8217;urbanisme<\/i><\/li>\n<\/ol>\n<p>[\/vc_column_text][vc_column_text]<\/p>\n<h2 style=\"text-align: center;\"><span data-olk-copy-source=\"MessageBody\">Posters<\/span><\/h2>\n<p>&nbsp;<\/p>\n<ol class=\"ol1\">\n<li class=\"li1\"><b>Gagandeep Kaur, Aznam Yacoub, Ismail Badache, Mamaar El Amine Hamri<\/b><br \/>\n<i>DeepSeek R1 \u00e0 l&#8217;\u00e9preuve, au-del\u00e0 des scores : vers une caract\u00e9risation du fact-checking num\u00e9rique<\/i><i><\/i><\/li>\n<li class=\"li1\"><b>Marjolaine Ray, Thierry Poibeau, Sylvain Parasie, Nicolas Herv\u00e9, B\u00e9atrice Mazoyer<\/b><br \/>\n<i>Extraction automatique de s\u00e9quences audiovisuelles li\u00e9es \u00e0 un \u00e9v\u00e9nement d&#8217;actualit\u00e9.<\/i><i><\/i><\/li>\n<li class=\"li1\"><b>Dung Ha, Nghia Duong-Trung, Hiep Huynh<\/b><br \/>\n<i>Energy-Guided Compressive Motion Detection under Edge Simulation Environments<\/i><i><\/i><\/li>\n<li class=\"li1\"><b>Ma\u00eblle Moranges, Thomas Guyet<\/b><br \/>\n<i>Enhancing SHAP Explanation Interpretability Using Subgroup Discovery<\/i><i><\/i><\/li>\n<li class=\"li1\"><b>Emmanuelle Kelodjoue, Ines Ben Kraiem, Amine Ferdjaoui, Chris Bryan Fotso Tala<\/b><br \/>\n<i>Analyse th\u00e9matique de CV synth\u00e9tiques en contexte RH : vers un clustering intelligent avec BERTopic<\/i><i><\/i><\/li>\n<li class=\"li1\"><b>Louenas Bounia, Mor Ndour<\/b><br \/>\n<i>D\u00e9mocratiser l\u2019explicabilit\u00e9 des mod\u00e8les d\u2019IA \u00e0 l\u2019aide des LLMs<\/i><i><\/i><\/li>\n<li class=\"li1\"><b>Alain Berger<\/b><br \/>\n<i>Du syst\u00e8me expert au syst\u00e8me d\u2019information et de connaissance, quelle place conf\u00e9rer \u00e0 l\u2019expertise dans une base de connaissance (1985\u20132025)<\/i><i><\/i><\/li>\n<li class=\"li1\"><b>Loashan Rasan, Lucas Gumuchian, Ines Ben Kraiem<\/b><br \/>\n<i>Dimensionnalit\u00e9 et chevauchement de classes : vers une classification adaptative par zones<\/i><i><\/i><\/li>\n<li class=\"li1\"><b>Herman Tcheneghon Motcheyo, Issam Falih, Lauraine Tiogning-Djiogue, Engelbert Mephu Nguifo<\/b><br \/>\n<i>Acc\u00e9l\u00e9ration des motifs graduels fr\u00e9quents avec r\u00e9duction dimensionnalit\u00e9<\/i><i><\/i><\/li>\n<li class=\"li1\"><b>Elena Rozera, Nedra Mellouli, Patrick Leguide, William Morcombe<\/b><br \/>\n<i>When LLMs Play Annotator: Human\u2013LLM Agreement in Soft Skills Classification<\/i><i><\/i><\/li>\n<li class=\"li1\"><b>Olena Yurchenko, Natalia Grabar, Olga Cherednichenko<\/b><br \/>\n<i>Analyse du vocabulaire appliqu\u00e9 au transfert s\u00e9mantique phrase vers texte<\/i><i><\/i><\/li>\n<li class=\"li1\"><b>Valentin Mouche, Manuel Munier, Nouha Laamech<\/b><br \/>\n<i>MMO : une ontologie pour les m\u00e9tadonn\u00e9es<\/i><i><\/i><\/li>\n<li class=\"li1\"><b>Ana\u00efs Colson, Cyril Ray, Abdel Boudraa<\/b><br \/>\n<i>Frequent Pattern Mining appliqu\u00e9 \u00e0 des multigraphes maritimes orient\u00e9s<\/i><i><\/i><\/li>\n<li class=\"li1\"><b>Floribert Katembo Vuseghesa, Mohamed-Lamine Messai, Fadila Bentayeb<\/b><br \/>\n<i>SyDeNoC : Syst\u00e8me dynamique ensembliste pour la d\u00e9tection des n\u0153uds compromis dans les r\u00e9seaux IoT<\/i><i><\/i><\/li>\n<li class=\"li1\"><b>Nicolas Voisine, Alex Szpakiewicz, Ana\u00efs Collin<\/b><br \/>\n<i>Approche pour la classification multi-tables face \u00e0 la d\u00e9rive de concept<\/i><\/li>\n<\/ol>\n<p>[\/vc_column_text][\/vc_column][\/vc_row][vc_row disable_element=&#8221;yes&#8221;][vc_column][vc_column_text]<\/p>\n<h3 style=\"text-align: center;\">To be announced!<\/h3>\n<p>[\/vc_column_text][\/vc_column][\/vc_row]<\/p>\n","protected":false},"excerpt":{"rendered":"<p>[vc_row][vc_column][vc_column_text] Articles longs accept\u00e9s &nbsp; Assaad Zeghina, Aur\u00e9lie Leborgne, Florence Le Ber, Antoine Vacavant Am\u00e9lioration de Multi-SPMiner par des m\u00e9canismes attentionnels pour une extraction robuste de motifs fr\u00e9quents Mohamed Boukrani, Pierre Nodet, Vincent Lemaire Fonctions d&#8217;influences pour la d\u00e9tection d&#8217;exemples&#8230;<\/p>\n","protected":false},"author":3,"featured_media":0,"parent":0,"menu_order":0,"comment_status":"closed","ping_status":"closed","template":"","meta":{"footnotes":""},"class_list":["post-5636","page","type-page","status-publish","hentry"],"_links":{"self":[{"href":"https:\/\/conferences.sigappfr.org\/egc2026\/wp-json\/wp\/v2\/pages\/5636","targetHints":{"allow":["GET"]}}],"collection":[{"href":"https:\/\/conferences.sigappfr.org\/egc2026\/wp-json\/wp\/v2\/pages"}],"about":[{"href":"https:\/\/conferences.sigappfr.org\/egc2026\/wp-json\/wp\/v2\/types\/page"}],"author":[{"embeddable":true,"href":"https:\/\/conferences.sigappfr.org\/egc2026\/wp-json\/wp\/v2\/users\/3"}],"replies":[{"embeddable":true,"href":"https:\/\/conferences.sigappfr.org\/egc2026\/wp-json\/wp\/v2\/comments?post=5636"}],"version-history":[{"count":4,"href":"https:\/\/conferences.sigappfr.org\/egc2026\/wp-json\/wp\/v2\/pages\/5636\/revisions"}],"predecessor-version":[{"id":5672,"href":"https:\/\/conferences.sigappfr.org\/egc2026\/wp-json\/wp\/v2\/pages\/5636\/revisions\/5672"}],"wp:attachment":[{"href":"https:\/\/conferences.sigappfr.org\/egc2026\/wp-json\/wp\/v2\/media?parent=5636"}],"curies":[{"name":"wp","href":"https:\/\/api.w.org\/{rel}","templated":true}]}}