{"id":5631,"date":"2025-11-27T03:35:53","date_gmt":"2025-11-27T03:35:53","guid":{"rendered":"https:\/\/conferences.sigappfr.org\/egc2026\/?page_id=5631"},"modified":"2025-12-20T08:03:06","modified_gmt":"2025-12-20T08:03:06","slug":"comite-programme","status":"publish","type":"page","link":"https:\/\/conferences.sigappfr.org\/egc2026\/comite-programme\/","title":{"rendered":"Comit\u00e9 de Programme"},"content":{"rendered":"<p>[vc_row][vc_column][vc_column_text]<\/p>\n<h2 style=\"text-align: center;\"><span data-olk-copy-source=\"MessageBody\">Membres s\u00e9niors du comit\u00e9 de programme<\/span><\/h2>\n<ul class=\"ul1\">\n<li class=\"li1\">Peggy Cellier (IRISA\/INSA Rennes)<\/li>\n<li class=\"li1\">J\u00e9r\u00f4me David (Universit\u00e9 Grenoble Alpes \u2013 INRIA)<\/li>\n<li class=\"li1\">Thomas Guyet (Inria)<\/li>\n<li class=\"li1\">Nicolas Lachiche (University of Strasbourg)<\/li>\n<li class=\"li1\">Christine Largeron (Universit\u00e9 de Lyon)<\/li>\n<li class=\"li1\">Nadjib Lazaar (LISN, University Paris-Saclay)<\/li>\n<li class=\"li1\">Elsa Negre (LAMSADE, Universit\u00e9 Paris-Dauphine)<\/li>\n<li class=\"li1\">Nathalie Pernelle (LIPN, Universit\u00e9 Sorbonne Paris Nord)<\/li>\n<li class=\"li1\">Marc Plantevit (LRE \u2014 EPITA)<\/li>\n<li class=\"li1\">Pascal Poncelet (LIRMM Montpellier)<\/li>\n<li class=\"li1\">Ahmed Samet (<span data-olk-copy-source=\"MessageBody\">INSA Strasbourg<\/span>)<\/li>\n<li class=\"li1\">Malika Smail-Tabbone (University of Lorraine)<\/li>\n<\/ul>\n<h2 style=\"text-align: center;\"><span data-olk-copy-source=\"MessageBody\">Membres du comit\u00e9 de programme <\/span><\/h2>\n<ul class=\"ul1\">\n<li class=\"li1\">Nathalie Abadie (LASTIG, Univ. Gustave Eiffel, IGN-ENSG)<\/li>\n<li class=\"li1\">Said Assar (Institut Mines-Telecom Business School)<\/li>\n<li class=\"li1\">Baghdad Atmani (Computer Science Laboratory of Oran (LIO), Oran 1 University)<\/li>\n<li class=\"li1\">J\u00e9r\u00f4me Az\u00e9 (LIRMM &#8211; CNRS UMR 5506)<\/li>\n<li class=\"li1\">Fadila Bentayeb (ERIC, Lyon University)<\/li>\n<li class=\"li1\">Giuseppe Berio (IRISA, Universit\u00e9 de Bretagne Sud)<\/li>\n<li class=\"li1\">Marc Bertin (Universit\u00e9 Claude Bernard Lyon 1)<\/li>\n<li class=\"li1\">Alexandre Blansch\u00e9 (LORIA, Universit\u00e9 de Lorraine)<\/li>\n<li class=\"li1\">Amel Borgi (ISI \/ LIPAH, Universit\u00e9 de Tunis El Manar)<\/li>\n<li class=\"li1\">Fatma Bouali (Lille 2 University)<\/li>\n<li class=\"li1\">Omar Boussaid (ERIC, Lyon University)<\/li>\n<li class=\"li1\">Agn\u00e8s Braud (University of Strasbourg)<\/li>\n<li class=\"li1\">Pierrick Bruneau (Luxembourg Institute of Science and Technology)<\/li>\n<li class=\"li1\">Francesca Bugiotti (LISN, Paris-Saclay University)<\/li>\n<li class=\"li1\">Nicolas B\u00e9chet (IRISA)<\/li>\n<li class=\"li1\">Max Chevalier (IRIT)<\/li>\n<li class=\"li1\">Bruno Cremilleux (Universit\u00e9 de Caen Normandie)<\/li>\n<li class=\"li1\">Camelia Constantin (LIP6, University of Paris 6)<\/li>\n<li class=\"li1\">J\u00e9r\u00f4me Darmont (Universit\u00e9 Lyon 2)<\/li>\n<li class=\"li1\">Sylvie Despres (Laboratoire d&#8217;Informatique M\u00e9dicale et de BIOinformatique (LIM&amp;BIO))<\/li>\n<li class=\"li1\">Francoise Fessant (France telecom R&amp;D)<\/li>\n<li class=\"li1\">Issam Falih (LIMOS CNRS UMR 6158)<\/li>\n<li class=\"li1\">Catherine Faron (Universit\u00e9 C\u00f4te d&#8217;Azur)<\/li>\n<li class=\"li1\">C\u00e9cile Favre (ERIC, Universit\u00e9 Lyon 2)<\/li>\n<li class=\"li1\">Germain Forestier (Universit\u00e9 de Haute Alsace)<\/li>\n<li class=\"li1\">Francoise Fogelman-Souli\u00e9 (Tianjin University &#8211; School of Computer Software)<\/li>\n<li class=\"li1\">Jean-Gabriel Ganascia (LIP6, Pierre and Marie Curie University)<\/li>\n<li class=\"li1\">Dominique Gay (Universit\u00e9 de La R\u00e9union)<\/li>\n<li class=\"li1\">J\u00e9r\u00f4me Gensel (Laboratoire d&#8217;Informatique de Grenoble)<\/li>\n<li class=\"li1\">David Genest (LERIA, Univ Angers, SFR MATHSTIC)<\/li>\n<li class=\"li1\">Fran\u00e7ois Goasdou\u00e9 (Universit\u00e9 de Rennes)<\/li>\n<li class=\"li1\">Daniela Grigori (Paris-Dauphine University)<\/li>\n<li class=\"li1\">Adrien Guille (ERIC, Universit\u00e9 Lyon2)<\/li>\n<li class=\"li1\">Fay\u00e7al Hamdi (CEDRIC &#8211; Conservatoire National des Arts et M\u00e9tiers)<\/li>\n<li class=\"li1\">Mounira Harzallah (LS2N, University of Nantes, France)<\/li>\n<li class=\"li1\">Gilles Hubert (IRIT)<\/li>\n<li class=\"li1\">Dino Ienco (IRSTEA)<\/li>\n<li class=\"li1\">Fabrice Jouanot (Grenoble University)<\/li>\n<li class=\"li1\">Mehdi Kaytoue (Infologic)<\/li>\n<li class=\"li1\">Zoubida Kedad (University of Versailles)<\/li>\n<li class=\"li1\">Pascale Kuntz (Laboratoire d&#8217;Informatique de Nantes Atlantique)<\/li>\n<li class=\"li1\">Camille Kurtz (Universit\u00e9 de Paris)<\/li>\n<li class=\"li1\">Nicolas Labroche (Universite Fran\u00e7ois-Rabelais, Tours)<\/li>\n<li class=\"li1\">Mustapha Lebbah (Universit\u00e9 Paris-Saclay &#8211; UVSQ Versailles Campus)<\/li>\n<li class=\"li1\">Yves Lechevallier (INRIA)<\/li>\n<li class=\"li1\">Florence Le Ber (icube)<\/li>\n<li class=\"li1\">Vincent Lemaire (Orange Labs)<\/li>\n<li class=\"li1\">Jerry Lonlac (IMT Nord Europe, Institut Mines-T\u00e9l\u00e9com, Univ. Lille, Centre for Digital Systems)<\/li>\n<li class=\"li1\">Sabine Loudcher (ERIC, Universit\u00e9 Lyon 2)<\/li>\n<li class=\"li1\">Cristina Manfredotti (AgroParisTech &amp; I.N.R.A.)<\/li>\n<li class=\"li1\">Beatrice Markhoff (CITERES, Universit\u00e9 de Tours)<\/li>\n<li class=\"li1\">Florent Masseglia (INRIA)<\/li>\n<li class=\"li1\">Zoltan Miklos (University of Rennes)<\/li>\n<li class=\"li1\">Rokia Missaoui (LARIM, UQO)<\/li>\n<li class=\"li1\">Pierre Monnin (Universit\u00e9 C\u00f4te d&#8217;Azur, Inria, CNRS, I3S)<\/li>\n<li class=\"li1\">Fabrice Muhlenbach (Laboratoire Hubert-Curien &#8211; Universit\u00e9 de Saint-\u00c9tienne)<\/li>\n<li class=\"li1\">Amedeo Napoli (LORIA Nancy (CNRS &#8211; Inria &#8211; Universit\u00e9 de Lorraine) France)<\/li>\n<li class=\"li1\">Nd\u00e8ye Niang (CNAM)<\/li>\n<li class=\"li1\">Damien Nouvel (INaLCO)<\/li>\n<li class=\"li1\">Pierre-Henri Paris (Paris-Saclay University)<\/li>\n<li class=\"li1\">Andr\u00e9 P\u00e9ninou (IRIT)<\/li>\n<li class=\"li1\">Fr\u00e9d\u00e9ric Pennerath (CentraleSup\u00e9lec)<\/li>\n<li class=\"li1\">Bruno Pinaud (LaBRI, Univ. Bordeaux)<\/li>\n<li class=\"li1\">Suzanne Pinson (Universit\u00e9 Paris-Dauphine PSL)<\/li>\n<li class=\"li1\">Gianluca Quercini (CentraleSup\u00e9lec &#8211; LISN)<\/li>\n<li class=\"li1\">Cyril Ray (Arts et Metiers Institute of Technology, Ecole Navale, IRENav)<\/li>\n<li class=\"li1\">Christophe Roche (Universit\u00e9 Savoie Mont-Blanc &#8211; Condillac)<\/li>\n<li class=\"li1\">Celine Rouveirol (LIPN, Universit\u00e9 Sorbonne Paris Nord)<\/li>\n<li>Fatiha Sais (LISN, Universit\u00e9 Paris Saclay)<\/li>\n<li class=\"li1\">Christian Sallaberry (LIUPPA, University of Pau et Pays de l&#8217;Adour)<\/li>\n<li class=\"li1\">Florence Sedes (Universit\u00e9 Toulouse III Paul Sabatier)<\/li>\n<li class=\"li1\">Nazha Selmaoui-Folcher (ISEA, University of New Caledonia)<\/li>\n<li>Danai Symeonidou (INRAE)<\/li>\n<li class=\"li1\">Thomas Tamisier (Luxembourg Institute of Science and Technology)<\/li>\n<li class=\"li1\">Maguelonne Teisseire (Irstea &#8211; UMR Tetis)<\/li>\n<li class=\"li1\">Olivier Teste (IRIT)<\/li>\n<li class=\"li1\">Christophe Thovex (French-Mexican Laboratory of Informatics and Automatic Control (LAFMIA &#8211; UMI CNRS 3175))<\/li>\n<li class=\"li1\">Fabien Torre (Universit\u00e9 de Lille)<\/li>\n<li class=\"li1\">Ronan Tournier (IRIT)<\/li>\n<li class=\"li1\">Nicolas Travers (De Vinci Higher Education, De Vinci Research Center, Paris, France)<\/li>\n<li class=\"li1\">Julien Velcin (ERIC, Universit\u00e9 Lumi\u00e8re Lyon 2)<\/li>\n<li class=\"li1\">Gilles Venturini (LI, Universit\u00e9 Fran\u00e7ois Rabelais Tours)<\/li>\n<\/ul>\n<h2 style=\"text-align: center;\">Membres du comit\u00e9 de programme de la session D\u00e9mo<\/h2>\n<table width=\"517\">\n<tbody>\n<tr>\n<td>Richard<\/td>\n<td>Chbeir<\/td>\n<td>richard.chbeir@univ-pau.fr<\/td>\n<td>LIUPPA &#8211; Universit\u00e9 de Pau et des Pays de l&#8217;Adour<\/td>\n<\/tr>\n<tr>\n<td>J\u00e9r\u00f4me<\/td>\n<td>David<\/td>\n<td>Jerome.David@inria.fr<\/td>\n<td>INRIA &#8211; Universit\u00e9 Grenoble Alpes<\/td>\n<\/tr>\n<tr>\n<td>&nbsp;<\/p>\n<p>Mohamed-Lamine<\/td>\n<td>&nbsp;<\/p>\n<p>Messai<\/td>\n<td>&nbsp;<\/p>\n<p>mohamed-lamine.messai@univ-lyon2.fr<\/td>\n<td>&nbsp;<\/p>\n<p>ERIC &#8211; Universit\u00e9 Lyon2<\/td>\n<\/tr>\n<tr>\n<td>Agn\u00e8s<\/td>\n<td>Braud<\/td>\n<td>agnes.braud@unistra.fr<\/td>\n<td>ICube &#8211; Universit\u00e9 de Strasbourg<\/td>\n<\/tr>\n<tr>\n<td>Vincent<\/td>\n<td>Lalanne<\/td>\n<td>vincent.lalanne@univ-pau.fr<\/td>\n<td>LIUPPA &#8211; Universit\u00e9 de Pau et des Pays de l&#8217;Adour<\/td>\n<\/tr>\n<tr>\n<td>Akram<\/td>\n<td>Hakiri<\/td>\n<td>akram.hakiri@gmail.com<\/td>\n<td>LIUPPA &#8211; Universit\u00e9 de Pau et des Pays de l\u2019Adour<\/td>\n<\/tr>\n<tr>\n<td>Salma<\/td>\n<td>Sassi<\/td>\n<td>salma.sassi@univ-pau.fr<\/td>\n<td>LIUPPA &#8211; Universit\u00e9 de Pau et des Pays de l\u2019Adour<\/td>\n<\/tr>\n<tr>\n<td>Nadjia<\/td>\n<td>Benblidia<\/td>\n<td>nadjia.benblidia@gmail.com<\/td>\n<td>Universit\u00e9 Saad Dahlab &#8211; Blida1 &#8211; Alg\u00e9rie<\/td>\n<\/tr>\n<tr>\n<td>Sofian<\/td>\n<td>Maabout<\/td>\n<td>sofian.maabout@u-bordeaux.fr<\/td>\n<td>LaBRI &#8211; Universit\u00e9 de Bordeaux<\/td>\n<\/tr>\n<tr>\n<td>Abdessamad<\/td>\n<td>Imine<\/td>\n<td>Abdessamad.Imine@loria.fr<\/td>\n<td>LORIA &#8211; Universit\u00e9 de Lorraine<\/td>\n<\/tr>\n<tr>\n<td>Sandro<\/td>\n<td>Bimonte<\/td>\n<td>sandro.bimonte@inrae.fr<\/td>\n<td>INRAE &#8211; Clermont Ferrand<\/td>\n<\/tr>\n<tr>\n<td>Doulkifli<\/td>\n<td>Boukraa<\/td>\n<td>doulkifli@gmail.com<\/td>\n<td>Universit\u00e9 de Jijel &#8211; Alg\u00e9rie<\/td>\n<\/tr>\n<tr>\n<td>&nbsp;<\/p>\n<p>Florent<\/td>\n<td>Masseglia<\/td>\n<td>florent.masseglia@inria.fr<\/td>\n<td>INRIA<\/td>\n<\/tr>\n<tr>\n<td>Ahmed<\/td>\n<td>Bounekkar<\/td>\n<td>ahmed.bounekkar@univ-lyon1.fr<\/td>\n<td>ERIC &#8211; Universit\u00e9 Lyon 1<\/td>\n<\/tr>\n<tr>\n<td>Laurent<\/td>\n<td>Gallon<\/td>\n<td>laurent.gallon@univ-pau.fr<\/td>\n<td>LIUPPA &#8211; Universit\u00e9 de Pau et des Pays de l\u2019Adour et des Pays de l\u2019Adour<\/td>\n<\/tr>\n<tr>\n<td>Manuel<\/td>\n<td>Munier<\/td>\n<td>manuel.munier@univ-pau.fr<\/td>\n<td>LIUPPA &#8211; Universit\u00e9 de Pau et des Pays de l\u2019Adour<\/td>\n<\/tr>\n<tr>\n<td>Lydia<\/td>\n<td>Boudjeloud-Assala<\/td>\n<td>lydia.boudjeloud-assala@univ-lorraine.fr<\/td>\n<td>LORIA &#8211; Universit\u00e9 de Lorraine<\/td>\n<\/tr>\n<tr>\n<td>Nouria<\/td>\n<td>Harbi<\/td>\n<td>nouria.harbi@univ-lyon2.fr<\/td>\n<td>ERIC -Universit\u00e9 Lyon 2<\/td>\n<\/tr>\n<tr>\n<td>Guillaume<\/td>\n<td>Metzler<\/td>\n<td>guillaume.metzler@univ-lyon2.fr<\/td>\n<td>ERIC \u2013 Universit\u00e9 Lyon 2<\/td>\n<\/tr>\n<\/tbody>\n<\/table>\n<p>[\/vc_column_text][\/vc_column][\/vc_row][vc_row disable_element=&#8221;yes&#8221;][vc_column][vc_column_text]<\/p>\n<h3 style=\"text-align: center;\">To be announced!<\/h3>\n<p>[\/vc_column_text][\/vc_column][\/vc_row]<\/p>\n","protected":false},"excerpt":{"rendered":"<p>[vc_row][vc_column][vc_column_text] Membres s\u00e9niors du comit\u00e9 de programme Peggy Cellier (IRISA\/INSA Rennes) J\u00e9r\u00f4me David (Universit\u00e9 Grenoble Alpes \u2013 INRIA) Thomas Guyet (Inria) Nicolas Lachiche (University of Strasbourg) Christine Largeron (Universit\u00e9 de Lyon) Nadjib Lazaar (LISN, University Paris-Saclay) Elsa Negre (LAMSADE, Universit\u00e9&#8230;<\/p>\n","protected":false},"author":3,"featured_media":0,"parent":0,"menu_order":0,"comment_status":"closed","ping_status":"closed","template":"","meta":{"footnotes":""},"class_list":["post-5631","page","type-page","status-publish","hentry"],"_links":{"self":[{"href":"https:\/\/conferences.sigappfr.org\/egc2026\/wp-json\/wp\/v2\/pages\/5631","targetHints":{"allow":["GET"]}}],"collection":[{"href":"https:\/\/conferences.sigappfr.org\/egc2026\/wp-json\/wp\/v2\/pages"}],"about":[{"href":"https:\/\/conferences.sigappfr.org\/egc2026\/wp-json\/wp\/v2\/types\/page"}],"author":[{"embeddable":true,"href":"https:\/\/conferences.sigappfr.org\/egc2026\/wp-json\/wp\/v2\/users\/3"}],"replies":[{"embeddable":true,"href":"https:\/\/conferences.sigappfr.org\/egc2026\/wp-json\/wp\/v2\/comments?post=5631"}],"version-history":[{"count":7,"href":"https:\/\/conferences.sigappfr.org\/egc2026\/wp-json\/wp\/v2\/pages\/5631\/revisions"}],"predecessor-version":[{"id":5691,"href":"https:\/\/conferences.sigappfr.org\/egc2026\/wp-json\/wp\/v2\/pages\/5631\/revisions\/5691"}],"wp:attachment":[{"href":"https:\/\/conferences.sigappfr.org\/egc2026\/wp-json\/wp\/v2\/media?parent=5631"}],"curies":[{"name":"wp","href":"https:\/\/api.w.org\/{rel}","templated":true}]}}