{"id":5598,"date":"2025-10-20T14:20:23","date_gmt":"2025-10-20T14:20:23","guid":{"rendered":"https:\/\/conferences.sigappfr.org\/egc2026\/?page_id=5598"},"modified":"2026-01-14T14:14:05","modified_gmt":"2026-01-14T14:14:05","slug":"liste-des-ateliers","status":"publish","type":"page","link":"https:\/\/conferences.sigappfr.org\/egc2026\/liste-des-ateliers\/","title":{"rendered":"Liste des ateliers"},"content":{"rendered":"<p>[vc_row][vc_column][vc_column_text]<\/p>\n<h2>GAST &#8211; Gestion et Analyse des donne\u0301es Spatiales et Temporelles<\/h2>\n<p><strong>\u00a0<\/strong><strong>Organisation<\/strong><\/p>\n<ul>\n<li>Juba Agoun (ERIC \/ Universit\u00e9 Lumi\u00e8re Lyon 2)<\/li>\n<li>Cl\u00e9ment Iphar (LETG \/ UBO Brest)<\/li>\n<li>Aure\u0301lie Leborgne (ICube \/ UNISTRA Strasbourg)<\/li>\n<li>Nida Meddouri (LRE \/ EPITA Paris)<\/li>\n<li>Loi\u0308c Salmon (ISEA \/ UNC\u00a0 Noum\u00e9a)<\/li>\n<\/ul>\n<p><strong>R\u00e9sum\u00e9<\/strong> : L\u2019atelier GAST 2026 r\u00e9unit chercheurs et praticiens autour des enjeux de la gestion et de l\u2019analyse des donn\u00e9es spatiales et temporelles. Il vise \u00e0 favoriser les \u00e9changes sur les m\u00e9thodes de repr\u00e9sentation, d\u2019extraction, d\u2019apprentissage et de visualisation de ces donn\u00e9es, qu\u2019elles soient issues de capteurs, d\u2019images satellites, de textes ou de traces mobiles. Les participants y partagent leurs approches, outils et algorithmes pour comprendre et mod\u00e9liser la complexit\u00e9 du temps et de l\u2019espace. Enfin, l\u2019atelier se veut un lieu de rencontres interdisciplinaires, m\u00ealant recherche acad\u00e9mique et applications industrielles.<\/p>\n<p><strong>Site web<\/strong> : <a style=\"color: #ffbb00;\" href=\"https:\/\/gt-gast.irisa.fr\/appel-a-communication-gast-2026\/\">https:\/\/gt-gast.irisa.fr\/appel-a-communication-gast-2026\/<\/a><\/p>\n<h2>SiDoS &#8211; Similarit\u00e9 de Donn\u00e9es S\u00e9quentielles massives : d\u00e9finition, calcul et optimisation<\/h2>\n<p><strong>Organisation <\/strong><\/p>\n<ul>\n<li>Thomas Devogele, Nicolas Labroche (LIFAT Tours)<\/li>\n<li>Veronika Peralta (LIFAT Tours)<\/li>\n<li>Patrick Marcel (LIFO Orl\u00e9ans)<\/li>\n<li>Sophie Robert (LIFO Orl\u00e9ans)<\/li>\n<\/ul>\n<p><strong>R\u00e9sum\u00e9<\/strong> : L\u2019atelier porte sur la d\u00e9finition et l\u2019optimisation du calcul de similarit\u00e9s sur de gros volumes de donn\u00e9es de type s\u00e9quences. Ce th\u00e8me est \u00e0 la crois\u00e9e des domaines HPC (calcul haute performance) et analyse et exploration de donn\u00e9es. Il recouvre diff\u00e9rents challenges scientifiques : prise en compte de la sp\u00e9cificit\u00e9 des donn\u00e9es (s\u00e9quences, s\u00e9ries, trajectoires, etc.), d\u00e9finition de m\u00e9thodes de r\u00e9duction de dimensionnalit\u00e9 et indexation, parall\u00e9lisation du calcul de similarit\u00e9, adaptation d\u2019approches existantes (par exemple, sur s\u00e9ries temporelles ou donn\u00e9es spatio-temporelles), etc.<\/p>\n<p><strong>\u00a0Site web<\/strong> : <a style=\"color: #ffbb00;\" href=\"https:\/\/sites.google.com\/view\/sidos2026\/\"> https:\/\/sites.google.com\/view\/sidos2026\/<\/a><\/p>\n<h2>NeuroSym4MLLM &#8211; Neuro-symbolique et connaissances pour les LLMs multimodaux<\/h2>\n<p><strong>Organisation<\/strong><\/p>\n<ul>\n<li>Ali Ayadi (ICube\/Universit\u00e9 de Strasbourg)<\/li>\n<li>C\u00e9dric Wemmert (ICube\/Universit\u00e9 de Strasbourg)<\/li>\n<\/ul>\n<p><strong>R\u00e9sum\u00e9 : <\/strong>Les grands mod\u00e8les de langage multimodaux (MLLMs) progressent vite mais restent limit\u00e9s par les hallucinations et un raisonnement parfois fragile. L\u2019atelier NeuroSym4MLLM propose d\u2019explorer les approches neuro-symboliques combinant graphes de connaissances et ontologies avec des MLLMs afin d\u2019am\u00e9liorer la factualit\u00e9, la robustesse et l\u2019explicabilit\u00e9. Il met l\u2019accent sur la construction de ressources multimodales, l\u2019infusion de connaissances (RAG, contraintes\/r\u00e8gles) et le raisonnement v\u00e9rifiable en contexte r\u00e9el. L\u2019objectif est de f\u00e9d\u00e9rer la communaut\u00e9 EGC autour d\u2019approches permettant des d\u00e9cisions tra\u00e7ables, adoss\u00e9es \u00e0 des connaissances formelles, et transf\u00e9rables \u00e0 des domaines exigeants.<\/p>\n<p><strong>Site web : <\/strong><a style=\"color: #ffbb00;\" href=\"https:\/\/neurosym4mllm.icube.unistra.fr\/\">https:\/\/neurosym4mllm.icube.unistra.fr\/<\/a><\/p>\n<h2>GOLE &#8211; Graphes de connaissances et Ontologies : de l&#8217;Apprentissage \u00e0 l&#8217;Exploitation, \u00e9tat des lieux et perspectives<\/h2>\n<p><strong>Organisation<\/strong><\/p>\n<ul>\n<li>Mounira Harzallah (LS2N\/Universit\u00e9 de Nantes)<\/li>\n<li>Davide Buscaldi (LIPN\/Universit\u00e9 Sorbonne Paris Nord)<\/li>\n<\/ul>\n<p><strong>R\u00e9sum\u00e9 : <\/strong>Cet atelier mettra en lumi\u00e8re les avanc\u00e9es sur les graphes de connaissances (KG) et les ontologies, en se focalisant sur trois axes cl\u00e9s : leur apprentissage, leur utilisation dans les techniques d&#8217;apprentissage, et leurs applications vari\u00e9es dans des domaines diff\u00e9rents. Cet atelier offrira l&#8217;opportunit\u00e9 aux chercheurs acad\u00e9miques et aux industriels int\u00e9ress\u00e9s par cette th\u00e9matique de partager leurs travaux, et de cr\u00e9er des synergies en vue de collaborations et projets communs.<\/p>\n<p><strong>Site web : <\/strong><a style=\"color: #ffbb00;\" href=\"https:\/\/sites.google.com\/view\/goleegc2026\/accueil\">https:\/\/sites.google.com\/view\/goleegc2026\/accueil<\/a><\/p>\n<h2>IACD &#8211; Intelligence Artificielle Centr\u00e9e sur les Donn\u00e9es<\/h2>\n<p><strong>Organisation<\/strong><\/p>\n<ul>\n<li>Davide Guastella (LIS\/Universit\u00e9s de Aix-Marseille et Toulon)<\/li>\n<li>Alexis Guyot (LIS\/Universit\u00e9s de Aix-Marseille et Toulon)<\/li>\n<li>Sana Sellami (LIS\/Universit\u00e9s de Aix-Marseille et Toulon)<\/li>\n<li>Fr\u00e9d\u00e9ric Flouvat (LIS\/Universit\u00e9s de Aix-Marseille et Toulon)<\/li>\n<\/ul>\n<p><strong>R\u00e9sum\u00e9 <\/strong>:\u00a0 L\u2019objectif de cet atelier est de r\u00e9unir les membres de la communaut\u00e9 et les professionnels autour du concept de \u201c<em>data centric A<\/em>I\u201d. L&#8217;Intelligence Artificielle centr\u00e9e sur les donn\u00e9es est une approche prometteuse qui place les donn\u00e9es au c\u0153ur du processus d&#8217;apprentissage automatique, contrairement aux approches traditionnelles centr\u00e9es sur les algorithmes et les architectures de mod\u00e8les. Il s\u2019agit d\u2019un paradigme \u00e9mergent ces derni\u00e8res ann\u00e9es comme le montre les ateliers organis\u00e9s dans les conf\u00e9rences de premier plan (p.ex. NeurIPS 2021, ICDM 2023, ICML 2024, VLDB 2024, WWW 2024). Cette approche est ax\u00e9e sur la qualit\u00e9, la quantit\u00e9 et la repr\u00e9sentativit\u00e9 des donn\u00e9es qui sont des facteurs cl\u00e9s de la fiabilit\u00e9 et de la robustesse des syst\u00e8mes d\u2019IA.<\/p>\n<p><strong>Site web :\u00a0 <\/strong><a style=\"color: #ffbb00;\" href=\"https:\/\/sites.google.com\/view\/atelier-iacd-2026\">https:\/\/sites.google.com\/view\/atelier-iacd-2026<\/a><\/p>\n<h2>Explain\u2019AI 2026<\/h2>\n<p><strong>Organisation<\/strong><\/p>\n<ul>\n<li>Julien Aligon (IRIT\/Universit\u00e9 Toulouse Capitole)<\/li>\n<li>Nicolas Labroche (LIFAT\/Universit\u00e9 de Tours)<\/li>\n<\/ul>\n<p><strong>R\u00e9sum\u00e9<\/strong> : L\u2019atelier Explain\u2019AI s\u2019int\u00e9resse \u00e0 l\u2019ensemble des aspects relatifs \u00e0 l\u2019explication des pipelines de traitement de l\u2019information allant des choix de gestion des syst\u00e8mes d\u2019informations aux pr\u00e9traitements de donn\u00e9es et aux algorithmes d\u2019analyse jusqu\u2019\u00e0 la restitution d\u2019information \u00e0 l\u2019utilisateur final. Nous souhaitons dans le cadre de cet atelier r\u00e9fl\u00e9chir \u00e0 la place centrale de l\u2019utilisateur dans les processus d\u2019explication et faire des liens notamment avec les sciences cognitives.<\/p>\n<p><strong>Site web : <\/strong><a style=\"color: #ffbb00;\" href=\"http:\/\/exai26.lifat.fr\">exai26.lifat.fr<\/a><\/p>\n<h2>TextMine &#8211; Atelier sur la fouille de textes (IA, Text mining, NLP, &#8230;)<\/h2>\n<p><strong>Organisation<\/strong><\/p>\n<ul>\n<li>Pascal Cuxac (INIST-CNRS, Nancy)<\/li>\n<li>C\u00e9dric Lopez (EMVISTA, Montpellier)<\/li>\n<li>Adrien Guille (Labo ERIC, Universit\u00e9 Lyon 2, Lyon)<\/li>\n<\/ul>\n<p><strong>R\u00e9sum\u00e9<\/strong> : Les m\u00e9thodes automatiques de fouille de donn\u00e9es (data mining), et plus sp\u00e9cifiquement celles de fouille de textes (text mining) sont devenues incontournables. Les m\u00e9thodes r\u00e9centes ont cr\u00e9\u00e9 de nouvelles possibilit\u00e9s de recherche pour traiter des donn\u00e9es massives et de grandes dimensions. Cependant, de nombreuses questions restent en suspens, par exemple en ce qui concerne la gestion de gros corpus textuels multi-th\u00e9matiques. Pouvoir disposer d\u2019outils d\u2019analyse textuelle efficaces, capables de s\u2019adapter \u00e0 de gros volumes de donn\u00e9es, souvent de nature h\u00e9t\u00e9rog\u00e8ne, rarement structur\u00e9s, dans des langues vari\u00e9es, des domaines tr\u00e8s sp\u00e9cialis\u00e9s ou au contraire de l\u2019ordre du langage naturel reste un challenge. Le but de cet atelier est de r\u00e9unir des chercheurs sur la th\u00e9matique large de la fouille de textes. Cet atelier vise \u00e0 offrir une occasion de rencontres pour les universitaires et les industriels, appartenant aux diff\u00e9rentes communaut\u00e9s de l\u2019intelligence artificielle, l\u2019apprentissage automatique, le traitement automatique des langues, pour discuter des m\u00e9thodes de fouille de texte au sens large et de leurs applications.<\/p>\n<p><strong>Site web<\/strong> : <a style=\"color: #ffbb00;\" href=\"https:\/\/textmine.cnrs.fr\/groupe-de-travail-textmine\/\">https:\/\/textmine.cnrs.fr\/groupe-de-travail-textmine\/<\/a><\/p>\n<h2 class=\"p1\"><b>rEsp-IA &#8211; Enseigner l&#8217;IA responsable<\/b><\/h2>\n<p><strong>Organisation<\/strong><\/p>\n<ul>\n<li class=\"p1\">C\u00e9cile FAVRE (ERIC, Universit\u00e9 Lumi\u00e8re Lyon 2, Lyon)<\/li>\n<li class=\"p1\">Alexis GUYOT (LIS, Aix Marseille Universit\u00e9, Marseille)<\/li>\n<li class=\"p1\">Nathalie VALLES-PARLANGEAU (LIUPPA, Universit\u00e9 de Pau et des Pays de l&#8217;Adour, Anglet)<\/li>\n<\/ul>\n<p><strong>R\u00e9sum\u00e9<\/strong> : Cet atelier propose un espace d&#8217;\u00e9changes autour de l&#8217;enseignement de l&#8217;IA responsable et vise \u00e0 f\u00e9d\u00e9rer les personnes int\u00e9ress\u00e9es, avec la perspective notamment de mutualiser \u00e0 terme des ressources p\u00e9dagogiques.\u00a0Alors qu\u2019est-ce que serait exactement une &#8220;IA responsable&#8221; ? Comment former nos \u00e9tudiantes et\u00a0\u00e9tudiants \u00e0 cela ? Comment leur faire prendre conscience de cette responsabilit\u00e9 ? Quel serait le\u00a0contenu d\u2019un enseignement d\u00e9di\u00e9 \u00e0 cela et les outils p\u00e9dagogiques appropri\u00e9s ? Ou peut \u00eatre\u00a0comment transmettre cela de mani\u00e8re plus transversale ? Et encore nombre de questions\u00a0auxquelles nous vous proposons de r\u00e9fl\u00e9chir collectivement dans le cadre de cet atelier &#8220;Enseigner\u00a0l&#8217;IA responsable&#8221; qui laissera une large place aux \u00e9changes.[\/vc_column_text][\/vc_column][\/vc_row]<\/p>\n","protected":false},"excerpt":{"rendered":"<p>[vc_row][vc_column][vc_column_text] GAST &#8211; Gestion et Analyse des donne\u0301es Spatiales et Temporelles \u00a0Organisation Juba Agoun (ERIC \/ Universit\u00e9 Lumi\u00e8re Lyon 2) Cl\u00e9ment Iphar (LETG \/ UBO Brest) Aure\u0301lie Leborgne (ICube \/ UNISTRA Strasbourg) Nida Meddouri (LRE \/ EPITA Paris) Loi\u0308c Salmon&#8230;<\/p>\n","protected":false},"author":2,"featured_media":0,"parent":0,"menu_order":0,"comment_status":"closed","ping_status":"closed","template":"","meta":{"footnotes":""},"class_list":["post-5598","page","type-page","status-publish","hentry"],"_links":{"self":[{"href":"https:\/\/conferences.sigappfr.org\/egc2026\/wp-json\/wp\/v2\/pages\/5598","targetHints":{"allow":["GET"]}}],"collection":[{"href":"https:\/\/conferences.sigappfr.org\/egc2026\/wp-json\/wp\/v2\/pages"}],"about":[{"href":"https:\/\/conferences.sigappfr.org\/egc2026\/wp-json\/wp\/v2\/types\/page"}],"author":[{"embeddable":true,"href":"https:\/\/conferences.sigappfr.org\/egc2026\/wp-json\/wp\/v2\/users\/2"}],"replies":[{"embeddable":true,"href":"https:\/\/conferences.sigappfr.org\/egc2026\/wp-json\/wp\/v2\/comments?post=5598"}],"version-history":[{"count":10,"href":"https:\/\/conferences.sigappfr.org\/egc2026\/wp-json\/wp\/v2\/pages\/5598\/revisions"}],"predecessor-version":[{"id":5740,"href":"https:\/\/conferences.sigappfr.org\/egc2026\/wp-json\/wp\/v2\/pages\/5598\/revisions\/5740"}],"wp:attachment":[{"href":"https:\/\/conferences.sigappfr.org\/egc2026\/wp-json\/wp\/v2\/media?parent=5598"}],"curies":[{"name":"wp","href":"https:\/\/api.w.org\/{rel}","templated":true}]}}