{"id":5567,"date":"2025-10-06T08:39:23","date_gmt":"2025-10-06T08:39:23","guid":{"rendered":"https:\/\/conferences.sigappfr.org\/egc2026\/?page_id=5567"},"modified":"2025-10-06T08:39:53","modified_gmt":"2025-10-06T08:39:53","slug":"conferenciers-invites-e-egc","status":"publish","type":"page","link":"https:\/\/conferences.sigappfr.org\/egc2026\/conferenciers-invites-e-egc\/","title":{"rendered":"Conf\u00e9renciers Invit\u00e9s \u00c9-EGC"},"content":{"rendered":"<p>[vc_row][vc_column]<div class=\"gt-categorized-contents gt-tab-panel\"><ul class=\"nav gt-nav gt-left\" role=\"tablist\"><li><a href=\"#categorized-speakers-invite-1\" aria-controls=\"categorized-speakers-invite\" role=\"tab\" data-toggle=\"tab\" class=\"active\">Invit\u00e9s<\/a><\/li><\/ul><div class=\"tab-content\"><div role=\"tabpanel\" class=\"tab-pane fade active show\" id=\"categorized-speakers-invite-1\" aria-labelledby=\"categorized-speakers-invite\"><div class=\"gt-columns gt-column-4\" gt-column-space-0\"><div class=\"gt-col\"><div class=\"gt-inner\"><div class=\"gt-speaker gt-style-4\"><div class=\"gt-image\"><a href=\"https:\/\/conferences.sigappfr.org\/egc2026\/speaker\/hassen-soubra\/\"><img loading=\"lazy\" decoding=\"async\" width=\"350\" height=\"350\" src=\"https:\/\/conferences.sigappfr.org\/egc2026\/wp-content\/uploads\/2025\/10\/image-350x350.png\" class=\"attachment-eventchamp-thumbnail size-eventchamp-thumbnail\" alt=\"\" srcset=\"https:\/\/conferences.sigappfr.org\/egc2026\/wp-content\/uploads\/2025\/10\/image-350x350.png 350w, https:\/\/conferences.sigappfr.org\/egc2026\/wp-content\/uploads\/2025\/10\/image-150x150.png 150w, https:\/\/conferences.sigappfr.org\/egc2026\/wp-content\/uploads\/2025\/10\/image-85x85.png 85w, https:\/\/conferences.sigappfr.org\/egc2026\/wp-content\/uploads\/2025\/10\/image-300x300.png 300w, https:\/\/conferences.sigappfr.org\/egc2026\/wp-content\/uploads\/2025\/10\/image-100x100.png 100w\" sizes=\"auto, (max-width: 350px) 100vw, 350px\" \/><\/a><\/div><div class=\"gt-content\"><a href=\"https:\/\/conferences.sigappfr.org\/egc2026\/speaker\/hassen-soubra\/\"><\/a><div class=\"gt-name\"><a href=\"https:\/\/conferences.sigappfr.org\/egc2026\/speaker\/hassen-soubra\/\">Hassen Soubra<\/a><\/div><div class=\"gt-text\">Securing IoT in the AI and Quantum Era<\/div><\/div><\/div><\/div><\/div><div class=\"gt-col\"><div class=\"gt-inner\"><div class=\"gt-speaker gt-style-4\"><div class=\"gt-image\"><a href=\"https:\/\/conferences.sigappfr.org\/egc2026\/speaker\/vincent-lemaire\/\"><img loading=\"lazy\" decoding=\"async\" width=\"310\" height=\"274\" src=\"https:\/\/conferences.sigappfr.org\/egc2026\/wp-content\/uploads\/2025\/10\/image-1.png\" class=\"attachment-eventchamp-thumbnail size-eventchamp-thumbnail\" alt=\"\" srcset=\"https:\/\/conferences.sigappfr.org\/egc2026\/wp-content\/uploads\/2025\/10\/image-1.png 310w, https:\/\/conferences.sigappfr.org\/egc2026\/wp-content\/uploads\/2025\/10\/image-1-300x265.png 300w, https:\/\/conferences.sigappfr.org\/egc2026\/wp-content\/uploads\/2025\/10\/image-1-250x220.png 250w\" sizes=\"auto, (max-width: 310px) 100vw, 310px\" \/><\/a><\/div><div class=\"gt-content\"><a href=\"https:\/\/conferences.sigappfr.org\/egc2026\/speaker\/vincent-lemaire\/\"><\/a><div class=\"gt-name\"><a href=\"https:\/\/conferences.sigappfr.org\/egc2026\/speaker\/vincent-lemaire\/\">Vincent Lemaire<\/a><\/div><div class=\"gt-text\">Cas d\u2019usage d\u2019IA \u00e0 Orange dont 2 exemples d\u00e9taill\u00e9s en s\u00e9curit\u00e9<\/div><\/div><\/div><\/div><\/div><div class=\"gt-col\"><div class=\"gt-inner\"><div class=\"gt-speaker gt-style-4\"><div class=\"gt-image\"><a href=\"https:\/\/conferences.sigappfr.org\/egc2026\/speaker\/manuel-munier\/\"><img loading=\"lazy\" decoding=\"async\" width=\"154\" height=\"191\" src=\"https:\/\/conferences.sigappfr.org\/egc2026\/wp-content\/uploads\/2025\/10\/Picture1.jpg\" class=\"attachment-eventchamp-thumbnail size-eventchamp-thumbnail\" alt=\"\" \/><\/a><\/div><div class=\"gt-content\"><a href=\"https:\/\/conferences.sigappfr.org\/egc2026\/speaker\/manuel-munier\/\"><\/a><div class=\"gt-name\"><a href=\"https:\/\/conferences.sigappfr.org\/egc2026\/speaker\/manuel-munier\/\">Manuel\u00a0 Munier<\/a><\/div><div class=\"gt-text\">Vers de nouveaux mod\u00e8les de partage de la connaissance<\/div><\/div><\/div><\/div><\/div><div class=\"gt-col\"><div class=\"gt-inner\"><div class=\"gt-speaker gt-style-4\"><div class=\"gt-image\"><a href=\"https:\/\/conferences.sigappfr.org\/egc2026\/speaker\/francois-pellegrini\/\"><img loading=\"lazy\" decoding=\"async\" width=\"350\" height=\"350\" src=\"https:\/\/conferences.sigappfr.org\/egc2026\/wp-content\/uploads\/2025\/10\/image-2-1-350x350.jpg\" class=\"attachment-eventchamp-thumbnail size-eventchamp-thumbnail\" alt=\"\" srcset=\"https:\/\/conferences.sigappfr.org\/egc2026\/wp-content\/uploads\/2025\/10\/image-2-1-350x350.jpg 350w, https:\/\/conferences.sigappfr.org\/egc2026\/wp-content\/uploads\/2025\/10\/image-2-1-150x150.jpg 150w, https:\/\/conferences.sigappfr.org\/egc2026\/wp-content\/uploads\/2025\/10\/image-2-1-85x85.jpg 85w, https:\/\/conferences.sigappfr.org\/egc2026\/wp-content\/uploads\/2025\/10\/image-2-1-300x300.jpg 300w, https:\/\/conferences.sigappfr.org\/egc2026\/wp-content\/uploads\/2025\/10\/image-2-1-100x100.jpg 100w\" sizes=\"auto, (max-width: 350px) 100vw, 350px\" \/><\/a><\/div><div class=\"gt-content\"><a href=\"https:\/\/conferences.sigappfr.org\/egc2026\/speaker\/francois-pellegrini\/\"><\/a><div class=\"gt-name\"><a href=\"https:\/\/conferences.sigappfr.org\/egc2026\/speaker\/francois-pellegrini\/\">Fran\u00e7ois Pellegrini<\/a><\/div><div class=\"gt-text\">(Coming soon)<\/div><\/div><\/div><\/div><\/div><div class=\"gt-col\"><div class=\"gt-inner\"><div class=\"gt-speaker gt-style-4\"><div class=\"gt-image\"><a href=\"https:\/\/conferences.sigappfr.org\/egc2026\/speaker\/manel-jerbi\/\"><img loading=\"lazy\" decoding=\"async\" width=\"350\" height=\"288\" src=\"https:\/\/conferences.sigappfr.org\/egc2026\/wp-content\/uploads\/2025\/11\/Manel-350x288.png\" class=\"attachment-eventchamp-thumbnail size-eventchamp-thumbnail\" alt=\"\" \/><\/a><\/div><div class=\"gt-content\"><a href=\"https:\/\/conferences.sigappfr.org\/egc2026\/speaker\/manel-jerbi\/\"><\/a><div class=\"gt-name\"><a href=\"https:\/\/conferences.sigappfr.org\/egc2026\/speaker\/manel-jerbi\/\">Manel Jerbi<\/a><\/div><div class=\"gt-text\">Synth\u00e8se de graphes sociaux et confidentialit\u00e9 diff\u00e9rentielle: principes, d\u00e9fis et applications<\/div><\/div><\/div><\/div><\/div><div class=\"gt-col\"><div class=\"gt-inner\"><div class=\"gt-speaker gt-style-4\"><div class=\"gt-image\"><a href=\"https:\/\/conferences.sigappfr.org\/egc2026\/speaker\/farid-abdel-adediran-yessoufou\/\"><img loading=\"lazy\" decoding=\"async\" width=\"350\" height=\"350\" src=\"https:\/\/conferences.sigappfr.org\/egc2026\/wp-content\/uploads\/2026\/01\/Farid-350x350.jpeg\" class=\"attachment-eventchamp-thumbnail size-eventchamp-thumbnail\" alt=\"\" srcset=\"https:\/\/conferences.sigappfr.org\/egc2026\/wp-content\/uploads\/2026\/01\/Farid-350x350.jpeg 350w, https:\/\/conferences.sigappfr.org\/egc2026\/wp-content\/uploads\/2026\/01\/Farid-300x300.jpeg 300w, https:\/\/conferences.sigappfr.org\/egc2026\/wp-content\/uploads\/2026\/01\/Farid-150x150.jpeg 150w, https:\/\/conferences.sigappfr.org\/egc2026\/wp-content\/uploads\/2026\/01\/Farid-768x768.jpeg 768w, https:\/\/conferences.sigappfr.org\/egc2026\/wp-content\/uploads\/2026\/01\/Farid-650x650.jpeg 650w, https:\/\/conferences.sigappfr.org\/egc2026\/wp-content\/uploads\/2026\/01\/Farid-85x85.jpeg 85w, https:\/\/conferences.sigappfr.org\/egc2026\/wp-content\/uploads\/2026\/01\/Farid-600x600.jpeg 600w, https:\/\/conferences.sigappfr.org\/egc2026\/wp-content\/uploads\/2026\/01\/Farid-100x100.jpeg 100w, https:\/\/conferences.sigappfr.org\/egc2026\/wp-content\/uploads\/2026\/01\/Farid-400x400.jpeg 400w, https:\/\/conferences.sigappfr.org\/egc2026\/wp-content\/uploads\/2026\/01\/Farid.jpeg 800w\" sizes=\"auto, (max-width: 350px) 100vw, 350px\" \/><\/a><\/div><div class=\"gt-content\"><a href=\"https:\/\/conferences.sigappfr.org\/egc2026\/speaker\/farid-abdel-adediran-yessoufou\/\"><\/a><div class=\"gt-name\"><a href=\"https:\/\/conferences.sigappfr.org\/egc2026\/speaker\/farid-abdel-adediran-yessoufou\/\">Farid Abdel Adediran Yessoufou<\/a><\/div><div class=\"gt-text\">Attaquer et D\u00e9fendre les Mod\u00e8les IA : atelier pratique d\u2019IA adversariale<\/div><\/div><\/div><\/div><\/div><\/div><\/div><\/div><\/div>[\/vc_column][\/vc_row]<\/p>\n","protected":false},"excerpt":{"rendered":"<p>[vc_row][vc_column][\/vc_column][\/vc_row]<\/p>\n","protected":false},"author":2,"featured_media":0,"parent":0,"menu_order":0,"comment_status":"closed","ping_status":"closed","template":"","meta":{"footnotes":""},"class_list":["post-5567","page","type-page","status-publish","hentry"],"_links":{"self":[{"href":"https:\/\/conferences.sigappfr.org\/egc2026\/wp-json\/wp\/v2\/pages\/5567","targetHints":{"allow":["GET"]}}],"collection":[{"href":"https:\/\/conferences.sigappfr.org\/egc2026\/wp-json\/wp\/v2\/pages"}],"about":[{"href":"https:\/\/conferences.sigappfr.org\/egc2026\/wp-json\/wp\/v2\/types\/page"}],"author":[{"embeddable":true,"href":"https:\/\/conferences.sigappfr.org\/egc2026\/wp-json\/wp\/v2\/users\/2"}],"replies":[{"embeddable":true,"href":"https:\/\/conferences.sigappfr.org\/egc2026\/wp-json\/wp\/v2\/comments?post=5567"}],"version-history":[{"count":3,"href":"https:\/\/conferences.sigappfr.org\/egc2026\/wp-json\/wp\/v2\/pages\/5567\/revisions"}],"predecessor-version":[{"id":5570,"href":"https:\/\/conferences.sigappfr.org\/egc2026\/wp-json\/wp\/v2\/pages\/5567\/revisions\/5570"}],"wp:attachment":[{"href":"https:\/\/conferences.sigappfr.org\/egc2026\/wp-json\/wp\/v2\/media?parent=5567"}],"curies":[{"name":"wp","href":"https:\/\/api.w.org\/{rel}","templated":true}]}}