{"id":5552,"date":"2025-10-06T08:14:41","date_gmt":"2025-10-06T08:14:41","guid":{"rendered":"https:\/\/conferences.sigappfr.org\/egc2026\/?page_id=5552"},"modified":"2025-12-09T10:40:59","modified_gmt":"2025-12-09T10:40:59","slug":"programme-e-egc","status":"publish","type":"page","link":"https:\/\/conferences.sigappfr.org\/egc2026\/programme-e-egc\/","title":{"rendered":"Programme \u00c9-EGC"},"content":{"rendered":"<p>[vc_row][vc_column][vc_column_text]<strong>PROGRAMME DE L&#8217;\u00c9COLE<\/strong><\/p>\n<p><strong>Lundi 26\/01\/2026<\/strong><\/p>\n<p>8h30 &#8211; Accueil et attribution de badges<\/p>\n<p>8h45 &#8211; 9h00 \u2013 Zaineb Chelly Dagdia, Claudia Marinica, Salma Sassi Bienvenue et pr\u00e9sentation du programme de l\u2019\u00e9cole<\/p>\n<p>9h00 &#8211; 10h30 \u2013 Hassen Soubra (ECE Lyon), \u201cSecuring IoT in the AI and Quantum Era\u201d<\/p>\n<p>10h30 &#8211; 10h45 &#8211; Pause caf\u00e9<\/p>\n<p>10h45 &#8211; 12h15 \u2013 Manuel Munier (Universit\u00e9 de Pau et des Pays de l\u2019Adour, France), \u201cVers de nouveaux mod\u00e8les de partage de la connaissance\u201d<\/p>\n<p>12h15 &#8211; 13h30 &#8211; D\u00e9jeuner<\/p>\n<p>13h30 &#8211; 15h00 \u2013 Manel Jerbi (chercheuse \u00e0 l\u2019Universit\u00e9 du Luxembourg). \u201cSynth\u00e8se de graphes sociaux et confidentialit\u00e9 diff\u00e9rentielle: principes, d\u00e9fis et applications\u201d<\/p>\n<p>15h00 &#8211; 15h15 &#8211; Pause caf\u00e9<\/p>\n<p>15h15 &#8211; 17h45 \u2013 Farid El youssoufou (Universit\u00e9 de Rennes), \u201cAtelier pratique : Attaquer et D\u00e9fendre les Mod\u00e8les IA : atelier pratique d\u2019IA adversariale\u201d<\/p>\n<p>20h00 &#8211; D\u00eener<\/p>\n<p>&nbsp;<\/p>\n<p><strong>Mardi 27\/01\/2026<\/strong><\/p>\n<p>9h00 &#8211; 10h30 \u2013 Fran\u00e7ois Pellegrini (Professeur \u00e0 l\u2019Universit\u00e9 de Bordeaux, France), \u201cIA, cybers\u00e9curit\u00e9, gouvernance et souverainet\u00e9 num\u00e9rique\u201d.<\/p>\n<p>10h30 &#8211; 10h45 &#8211; Pause caf\u00e9<\/p>\n<p>10h45 &#8211; 12h15 \u2013 Vincent lemaire (Orange Recherche, Paris), Cas d\u2019usage d\u2019IA \u00e0 Orange dont 2 exemples d\u00e9taill\u00e9s en s\u00e9curit\u00e9<\/p>\n<p>12h30 : Cl\u00f4ture Ecol[\/vc_column_text][\/vc_column][\/vc_row]<\/p>\n","protected":false},"excerpt":{"rendered":"<p>[vc_row][vc_column][vc_column_text]PROGRAMME DE L&#8217;\u00c9COLE Lundi 26\/01\/2026 8h30 &#8211; Accueil et attribution de badges 8h45 &#8211; 9h00 \u2013 Zaineb Chelly Dagdia, Claudia Marinica, Salma Sassi Bienvenue et pr\u00e9sentation du programme de l\u2019\u00e9cole 9h00 &#8211; 10h30 \u2013 Hassen Soubra (ECE Lyon), \u201cSecuring IoT&#8230;<\/p>\n","protected":false},"author":2,"featured_media":0,"parent":0,"menu_order":0,"comment_status":"closed","ping_status":"closed","template":"","meta":{"footnotes":""},"class_list":["post-5552","page","type-page","status-publish","hentry"],"_links":{"self":[{"href":"https:\/\/conferences.sigappfr.org\/egc2026\/wp-json\/wp\/v2\/pages\/5552","targetHints":{"allow":["GET"]}}],"collection":[{"href":"https:\/\/conferences.sigappfr.org\/egc2026\/wp-json\/wp\/v2\/pages"}],"about":[{"href":"https:\/\/conferences.sigappfr.org\/egc2026\/wp-json\/wp\/v2\/types\/page"}],"author":[{"embeddable":true,"href":"https:\/\/conferences.sigappfr.org\/egc2026\/wp-json\/wp\/v2\/users\/2"}],"replies":[{"embeddable":true,"href":"https:\/\/conferences.sigappfr.org\/egc2026\/wp-json\/wp\/v2\/comments?post=5552"}],"version-history":[{"count":2,"href":"https:\/\/conferences.sigappfr.org\/egc2026\/wp-json\/wp\/v2\/pages\/5552\/revisions"}],"predecessor-version":[{"id":5681,"href":"https:\/\/conferences.sigappfr.org\/egc2026\/wp-json\/wp\/v2\/pages\/5552\/revisions\/5681"}],"wp:attachment":[{"href":"https:\/\/conferences.sigappfr.org\/egc2026\/wp-json\/wp\/v2\/media?parent=5552"}],"curies":[{"name":"wp","href":"https:\/\/api.w.org\/{rel}","templated":true}]}}