{"id":5469,"date":"2025-07-15T07:56:34","date_gmt":"2025-07-15T07:56:34","guid":{"rendered":"https:\/\/conferences.sigappfr.org\/egc2026\/?page_id=5469"},"modified":"2026-02-25T13:31:49","modified_gmt":"2026-02-25T13:31:49","slug":"appel-a-proposition-datelier","status":"publish","type":"page","link":"https:\/\/conferences.sigappfr.org\/egc2026\/appel-a-proposition-datelier\/","title":{"rendered":"Appel \u00e0 proposition d&#8217;atelier"},"content":{"rendered":"<p>[vc_row][vc_column][vc_column_text]Les ateliers d\u2019EGC ont pour objectif de r\u00e9unir des acteurs (chercheur.e.s, industriel.le.s, \u00e9tudiant.e.s, \u2026) concern\u00e9.e.s par une th\u00e9matique identifi\u00e9e et compl\u00e9mentaire aux th\u00e8mes de la conf\u00e9rence EGC ainsi qu\u2019aux groupes de travail. Ces ateliers favorisent la r\u00e9flexion, la discussion, l\u2019exploration de pistes nouvelles : des th\u00e8mes cibl\u00e9s ou des approches pluridisciplinaires en synergie avec la science des donn\u00e9es, l\u2019extraction de connaissances et la gestion de connaissances sont encourag\u00e9s.<\/p>\n<p>Les ateliers auront lieu le mardi 27 janvier 2026. La dur\u00e9e privil\u00e9gi\u00e9e est la demi-journ\u00e9e mais elle pourra \u00eatre prolong\u00e9e \u00e0 la journ\u00e9e si la port\u00e9e de l\u2019atelier le justifie. Il pourra \u00eatre propos\u00e9 aux organisateur.trice.s d\u2019ateliers aux th\u00e9matiques proches ou compl\u00e9mentaires de fusionner leurs appels ou d\u2019organiser une journ\u00e9e commune. Des contraintes logistiques pourront \u00e9galement amener \u00e0 de telles fusions.<\/p>\n<p>Les propositions d&#8217;ateliers devront suivre le mod\u00e8le attach\u00e9 \u00e0 ce message.<\/p>\n<p>Les ateliers accept\u00e9s auront un r\u00e9sum\u00e9 pr\u00e9sent\u00e9 sur le site web de la conf\u00e9rence https:\/\/conferences.sigappfr.org\/egc2026\/ avec un lien sur leur page web.<\/p>\n<h3>Soumission :<\/h3>\n<p>Les propositions sont \u00e0 envoyer par email aux <span data-olk-copy-source=\"MessageBody\">organisateurs <\/span>des ateliers (sujet : Ateliers EGC):<\/p>\n<ul>\n<li>Malika Smail<\/li>\n<li>Manuel Munier<\/li>\n<\/ul>\n<p>Le comit\u00e9 d\u2019organisation pourra \u00e9changer avec les proposants afin de fusionner les ateliers dont les th\u00e9matiques seraient trop proches.<\/p>\n<p>Le mod\u00e8le de proposition d&#8217;atelier est accessible sur ce lien: <a style=\"color: #ffbb00;\" href=\"https:\/\/conferences.sigappfr.org\/egc2026\/wp-content\/uploads\/2025\/07\/Modele_Proposition_ateliers_EGC2026-final.pdf\">mod\u00e8le de proposition<\/a><\/p>\n<h3>Dates importantes<\/h3>\n<p>&#8211; Date limite de soumission : <strong>22 septembre 2025<\/strong><\/p>\n<p>&#8211; Notification aux organisateurs : <strong>01 octobre 2025<\/strong><\/p>\n<p>&#8211; Date des ateliers \u00e0 EGC 2026 : <strong>27 janvier 2026<\/strong>[\/vc_column_text][\/vc_column][\/vc_row]<\/p>\n","protected":false},"excerpt":{"rendered":"<p>[vc_row][vc_column][vc_column_text]Les ateliers d\u2019EGC ont pour objectif de r\u00e9unir des acteurs (chercheur.e.s, industriel.le.s, \u00e9tudiant.e.s, \u2026) concern\u00e9.e.s par une th\u00e9matique identifi\u00e9e et compl\u00e9mentaire aux th\u00e8mes de la conf\u00e9rence EGC ainsi qu\u2019aux groupes de travail. Ces ateliers favorisent la r\u00e9flexion, la discussion, l\u2019exploration&#8230;<\/p>\n","protected":false},"author":2,"featured_media":0,"parent":0,"menu_order":0,"comment_status":"closed","ping_status":"closed","template":"","meta":{"footnotes":""},"class_list":["post-5469","page","type-page","status-publish","hentry"],"_links":{"self":[{"href":"https:\/\/conferences.sigappfr.org\/egc2026\/wp-json\/wp\/v2\/pages\/5469","targetHints":{"allow":["GET"]}}],"collection":[{"href":"https:\/\/conferences.sigappfr.org\/egc2026\/wp-json\/wp\/v2\/pages"}],"about":[{"href":"https:\/\/conferences.sigappfr.org\/egc2026\/wp-json\/wp\/v2\/types\/page"}],"author":[{"embeddable":true,"href":"https:\/\/conferences.sigappfr.org\/egc2026\/wp-json\/wp\/v2\/users\/2"}],"replies":[{"embeddable":true,"href":"https:\/\/conferences.sigappfr.org\/egc2026\/wp-json\/wp\/v2\/comments?post=5469"}],"version-history":[{"count":8,"href":"https:\/\/conferences.sigappfr.org\/egc2026\/wp-json\/wp\/v2\/pages\/5469\/revisions"}],"predecessor-version":[{"id":5806,"href":"https:\/\/conferences.sigappfr.org\/egc2026\/wp-json\/wp\/v2\/pages\/5469\/revisions\/5806"}],"wp:attachment":[{"href":"https:\/\/conferences.sigappfr.org\/egc2026\/wp-json\/wp\/v2\/media?parent=5469"}],"curies":[{"name":"wp","href":"https:\/\/api.w.org\/{rel}","templated":true}]}}