{"id":5446,"date":"2025-06-24T12:36:08","date_gmt":"2025-06-24T12:36:08","guid":{"rendered":"https:\/\/conferences.sigappfr.org\/egc2026\/?page_id=5446"},"modified":"2026-02-25T14:06:33","modified_gmt":"2026-02-25T14:06:33","slug":"appel-a-demonstrations","status":"publish","type":"page","link":"https:\/\/conferences.sigappfr.org\/egc2026\/appel-a-demonstrations\/","title":{"rendered":"Appel \u00e0 d\u00e9monstrations"},"content":{"rendered":"<p>[vc_row][vc_column][vc_column_text]<strong style=\"color: #ffbb00;\">Date limite des soumissions des d\u00e9monstrations : 7 novembre 2025<\/strong><\/p>\n<p>Cette ann\u00e9e, la 26\u00e8me \u00e9dition de la conf\u00e9rence EGC aura lieu \u00e0 <strong>Anglet<\/strong> du <strong>26 au 30 janvier 2026.\u00a0<\/strong><\/p>\n<p>La conf\u00e9rence Extraction et Gestion des Connaissances (EGC) est un \u00e9v\u00e9nement annuel r\u00e9unissant des chercheur\u00b7e\u00b7s et praticien\u00b7ne\u00b7s de disciplines relevant des sciences des donn\u00e9es et des connaissances. Ces disciplines incluent notamment l\u2019apprentissage automatique, l\u2019ing\u00e9nierie et la repr\u00e9sentation des connaissances, le raisonnement sur les donn\u00e9es et les connaissances, la fouille et l\u2019analyse de donn\u00e9es, les syst\u00e8mes d\u2019information, le web s\u00e9mantique,\u00a0les donn\u00e9es ouvertes, le traitement automatique de la langue et l\u2019intelligence artificielle hybride et de confiance. Tous les travaux innovants portant sur ces th\u00e8mes sont les bienvenu\u00b7e\u00b7s.<\/p>\n<p>La conf\u00e9rence EGC est l\u2019occasion de faire se rencontrer acad\u00e9miques et industriels afin de confronter des travaux th\u00e9oriques et des applications pratiques sur des donn\u00e9es r\u00e9elles et de communiquer des travaux de qualit\u00e9, d\u2019\u00e9changer et de favoriser la fertilisation crois\u00e9e des id\u00e9es, \u00e0 travers la pr\u00e9sentation de travaux de recherche r\u00e9cents, de d\u00e9veloppements industriels et d\u2019applications originales.<\/p>\n<p>Pour cette \u00e9dition de la conf\u00e9rence EGC nous souhaitons interroger les pratiques d\u2019extraction et de gestion des donn\u00e9es et des connaissances \u00e0 la lumi\u00e8re des \u00e9volutions r\u00e9centes de l\u2019intelligence artificielle et des responsabilit\u00e9s qu\u2019elles impliquent. L\u2019essor des technologies fond\u00e9es sur l\u2019IA soul\u00e8ve en effet des enjeux cruciaux li\u00e9s \u00e0 la transparence, \u00e0 l\u2019explicabilit\u00e9, \u00e0 l\u2019\u00e9quit\u00e9, et \u00e0 la gestion des biais dans les syst\u00e8mes d\u00e9cisionnels. Ces enjeux concernent aussi bien le traitement de l\u2019information dans les environnements num\u00e9riques que les usages de l\u2019IA dans des domaines sensibles tels que la sant\u00e9, la communication, la cybers\u00e9curit\u00e9 ou encore la gouvernance. Dans ce contexte, les questions de d\u00e9sinformation, de ciblage algorithmique, de repr\u00e9sentation des identit\u00e9s ou encore de fiabilit\u00e9 des mod\u00e8les deviennent centrales. Cette \u00e9dition encourage ainsi les contributions qui, tout en proposant des avanc\u00e9es m\u00e9thodologiques, prennent \u00e9galement en compte les dimensions sociales, \u00e9thiques et responsables de l\u2019IA appliqu\u00e9e aux donn\u00e9es et aux connaissances.<\/p>\n<p>Les soumissions doivent \u00eatre effectu\u00e9es via ce lien : <a class=\"decorated-link\" style=\"color: #ffbb00;\" href=\"https:\/\/easychair.org\/conferences?conf=egc2026\" target=\"_new\" rel=\"noopener\" data-start=\"97\" data-end=\"193\">https:\/\/easychair.org\/conferences?conf=egc2026<\/a><\/p>\n<p><strong>Une session sp\u00e9ciale de d\u00e9monstration de logiciels et de prototypes de recherche<\/strong> est organis\u00e9e dans le cadre de la conf\u00e9rence EGC 2026. Les propositions accept\u00e9es seront incluses dans les actes de la conf\u00e9rence. Les crit\u00e8res d\u2019\u00e9valuation sont : contenu scientifique, originalit\u00e9 et pr\u00e9sentation de la d\u00e9monstration.<\/p>\n<p><strong>Un prix de 500 euros sera d\u00e9cern\u00e9 \u00e0 l\u2019auteur\u00b7e (ou aux auteur\u00b7e\u00b7s) de la meilleure d\u00e9monstration. <\/strong>Pour d\u00e9cerner le prix, le jury prend en compte d\u2019une part le classement issu du vote du public (50% de la note finale), et d\u2019autre part la qualit\u00e9 scientifique de la d\u00e9monstration, de l\u2019article et de la vid\u00e9o, le caract\u00e8re novateur de l\u2019approche propos\u00e9e lors des soumissions (50% de la note finale).<\/p>\n<p><strong>Une proposition de d\u00e9monstration consiste en :<\/strong><\/p>\n<ul>\n<li>Un article de 8 pages maximum<\/li>\n<li>Une vid\u00e9o d&#8217;au plus 4 minutes<\/li>\n<\/ul>\n<p><strong>Modalit\u00e9s de soumission<\/strong><\/p>\n<p>Les soumissions se font par voie \u00e9lectronique exclusivement \u00e0 partir du site web Easychair de la conf\u00e9rence.<\/p>\n<p>L&#8217;article correspondant \u00e0 la d\u00e9monstration devra \u00eatre envoy\u00e9 au format pdf exclusivement, en respectant imp\u00e9rativement le format RNTI latex accessible via le site web de la conf\u00e9rence et disponible ici :\u00a0\u00a0<a style=\"color: #ffbb00;\" href=\"https:\/\/www.egc2025.cnrs.fr\/wp-content\/uploads\/2024\/11\/RNTI_auteurs.zip\">https:\/\/www.egc2025.cnrs.fr\/wp-content\/uploads\/2024\/11\/RNTI_auteurs.zip<\/a><\/p>\n<p>Les soumissions qui d\u00e9passeraient 8 pages ou qui ne respecteraient pas le format RNTI Latex ne seront pas \u00e9valu\u00e9es. Le fichier de la vid\u00e9o de 4 minutes sera limit\u00e9 \u00e0 50Mo.<\/p>\n<p><strong>Une soumission est compos\u00e9e d\u2019un seul fichier .zip compos\u00e9 de l\u2019article de 8 pages au format pdf et de la vid\u00e9o.<\/strong><\/p>\n<p><strong>Dates importantes<\/strong><\/p>\n<ul>\n<li>Soumission des propositions : <strong>7 novembre 2025<\/strong><\/li>\n<li>Notification aux auteurs : <strong>3 d\u00e9cembre 2024<\/strong><\/li>\n<li>Version finale des articles<strong> : 8 d\u00e9cembre 2024<\/strong><\/li>\n<\/ul>\n<p><strong>Responsables de la session : <\/strong>Fadila Bentayeb, Universit\u00e9 Lyon 2<\/p>\n<p>Pour toute demande de renseignement compl\u00e9mentaire, merci d&#8217;envoyer un mail \u00e0 Fadila Bentayeb.[\/vc_column_text][\/vc_column][\/vc_row]<\/p>\n","protected":false},"excerpt":{"rendered":"<p>[vc_row][vc_column][vc_column_text]Date limite des soumissions des d\u00e9monstrations : 7 novembre 2025 Cette ann\u00e9e, la 26\u00e8me \u00e9dition de la conf\u00e9rence EGC aura lieu \u00e0 Anglet du 26 au 30 janvier 2026.\u00a0 La conf\u00e9rence Extraction et Gestion des Connaissances (EGC) est un \u00e9v\u00e9nement&#8230;<\/p>\n","protected":false},"author":2,"featured_media":0,"parent":0,"menu_order":0,"comment_status":"closed","ping_status":"closed","template":"","meta":{"footnotes":""},"class_list":["post-5446","page","type-page","status-publish","hentry"],"_links":{"self":[{"href":"https:\/\/conferences.sigappfr.org\/egc2026\/wp-json\/wp\/v2\/pages\/5446","targetHints":{"allow":["GET"]}}],"collection":[{"href":"https:\/\/conferences.sigappfr.org\/egc2026\/wp-json\/wp\/v2\/pages"}],"about":[{"href":"https:\/\/conferences.sigappfr.org\/egc2026\/wp-json\/wp\/v2\/types\/page"}],"author":[{"embeddable":true,"href":"https:\/\/conferences.sigappfr.org\/egc2026\/wp-json\/wp\/v2\/users\/2"}],"replies":[{"embeddable":true,"href":"https:\/\/conferences.sigappfr.org\/egc2026\/wp-json\/wp\/v2\/comments?post=5446"}],"version-history":[{"count":8,"href":"https:\/\/conferences.sigappfr.org\/egc2026\/wp-json\/wp\/v2\/pages\/5446\/revisions"}],"predecessor-version":[{"id":5807,"href":"https:\/\/conferences.sigappfr.org\/egc2026\/wp-json\/wp\/v2\/pages\/5446\/revisions\/5807"}],"wp:attachment":[{"href":"https:\/\/conferences.sigappfr.org\/egc2026\/wp-json\/wp\/v2\/media?parent=5446"}],"curies":[{"name":"wp","href":"https:\/\/api.w.org\/{rel}","templated":true}]}}