{"id":5406,"date":"2025-06-11T19:43:48","date_gmt":"2025-06-11T19:43:48","guid":{"rendered":"https:\/\/conferences.sigappfr.org\/egc2026\/?page_id=5406"},"modified":"2025-06-17T08:57:25","modified_gmt":"2025-06-17T08:57:25","slug":"defi","status":"publish","type":"page","link":"https:\/\/conferences.sigappfr.org\/egc2026\/defi\/","title":{"rendered":"D\u00e9fi EGC"},"content":{"rendered":"<p>[vc_row][vc_column][vc_column_text]<\/p>\n<h2 class=\"entry-title\">R\u00e8glement du prix du meilleur article d\u00e9fi<\/h2>\n<p>Les r\u00e8gles officielles du d\u00e9fi EGC 2026 sont disponibles \u00e0 l&#8217;adresse suivante : <a class=\"\" style=\"color: #ffbb00;\" href=\"https:\/\/www.kaggle.com\/competitions\/defi-text-mine-2026\/rules\" target=\"_new\" rel=\"noopener\" data-start=\"124\" data-end=\"250\">https:\/\/www.kaggle.com\/competitions\/defi-text-mine-2026\/rules<\/a>.[\/vc_column_text][\/vc_column][\/vc_row]<\/p>\n","protected":false},"excerpt":{"rendered":"<p>[vc_row][vc_column][vc_column_text] R\u00e8glement du prix du meilleur article d\u00e9fi Les r\u00e8gles officielles du d\u00e9fi EGC 2026 sont disponibles \u00e0 l&#8217;adresse suivante : https:\/\/www.kaggle.com\/competitions\/defi-text-mine-2026\/rules.[\/vc_column_text][\/vc_column][\/vc_row]<\/p>\n","protected":false},"author":2,"featured_media":0,"parent":0,"menu_order":0,"comment_status":"closed","ping_status":"closed","template":"","meta":{"footnotes":""},"class_list":["post-5406","page","type-page","status-publish","hentry"],"_links":{"self":[{"href":"https:\/\/conferences.sigappfr.org\/egc2026\/wp-json\/wp\/v2\/pages\/5406","targetHints":{"allow":["GET"]}}],"collection":[{"href":"https:\/\/conferences.sigappfr.org\/egc2026\/wp-json\/wp\/v2\/pages"}],"about":[{"href":"https:\/\/conferences.sigappfr.org\/egc2026\/wp-json\/wp\/v2\/types\/page"}],"author":[{"embeddable":true,"href":"https:\/\/conferences.sigappfr.org\/egc2026\/wp-json\/wp\/v2\/users\/2"}],"replies":[{"embeddable":true,"href":"https:\/\/conferences.sigappfr.org\/egc2026\/wp-json\/wp\/v2\/comments?post=5406"}],"version-history":[{"count":9,"href":"https:\/\/conferences.sigappfr.org\/egc2026\/wp-json\/wp\/v2\/pages\/5406\/revisions"}],"predecessor-version":[{"id":5426,"href":"https:\/\/conferences.sigappfr.org\/egc2026\/wp-json\/wp\/v2\/pages\/5406\/revisions\/5426"}],"wp:attachment":[{"href":"https:\/\/conferences.sigappfr.org\/egc2026\/wp-json\/wp\/v2\/media?parent=5406"}],"curies":[{"name":"wp","href":"https:\/\/api.w.org\/{rel}","templated":true}]}}