{"id":4573,"date":"2024-01-16T08:53:10","date_gmt":"2024-01-16T08:53:10","guid":{"rendered":"https:\/\/conferences.sigappfr.org\/medes2024\/?page_id=4573"},"modified":"2025-04-17T12:48:18","modified_gmt":"2025-04-17T12:48:18","slug":"transport","status":"publish","type":"page","link":"https:\/\/conferences.sigappfr.org\/egc2026\/transport\/","title":{"rendered":"Transport"},"content":{"rendered":"<p>[vc_row][vc_column][vc_column_text]<strong style=\"color: #ffbb00;\">Transports<\/strong><\/p>\n<p><strong style=\"color: #ffbb00;\">En avion\u00a0:<\/strong><\/p>\n<p>L\u2019a\u00e9roport de \u00a0<a style=\"color: #ffbb00;\" href=\"http:\/\/en.biarritz.aeroport.fr\/\" target=\"_blank\" rel=\"noopener\">Biarritz \u2013 Anglet \u2013 Bayonne Airport<\/a> (BIQ) est accessible depuis de nombreuses villes europ\u00e9ennes (Bruxelles, Rotterdam, Paris, Londres, Stockholm, Gen\u00e8ve, Dublin, Manchester et bien d\u2019autres villes fran\u00e7aises).<\/p>\n<p>Depuis l\u2019a\u00e9roport, vous pouvez rejoindre le centre-ville d\u2019Anglet gr\u00e2ce \u00e0 la ligne TXIK TXAK 3 (1,2 \u20ac l\u2019aller). Le trajet entre l\u2019a\u00e9roport et Anglet dure environ 10 minutes. Pour plus d\u2019informations, veuillez consulter le site web du r\u00e9seau de transports urbains <a style=\"color: #ffbb00;\" href=\"https:\/\/www.txiktxak.fr\/\">TXIK TXAK<\/a>.<\/p>\n<p><strong style=\"color: #ffbb00;\">En train\u00a0:<\/strong><\/p>\n<p>Anglet est accessible en train (SNCF). La gare est situ\u00e9e en centre-ville de Bayonne, \u00e0 proximit\u00e9 du centre de congr\u00e8s.<\/p>\n<p><strong style=\"color: #ffbb00;\">En voiture\u00a0:<\/strong><\/p>\n<p>Anglet est accessible en voiture par les autoroutes A63 et A64.[\/vc_column_text][\/vc_column][\/vc_row]<\/p>\n","protected":false},"excerpt":{"rendered":"<p>[vc_row][vc_column][vc_column_text]Transports En avion\u00a0: L\u2019a\u00e9roport de \u00a0Biarritz \u2013 Anglet \u2013 Bayonne Airport (BIQ) est accessible depuis de nombreuses villes europ\u00e9ennes (Bruxelles, Rotterdam, Paris, Londres, Stockholm, Gen\u00e8ve, Dublin, Manchester et bien d\u2019autres villes fran\u00e7aises). Depuis l\u2019a\u00e9roport, vous pouvez rejoindre le centre-ville d\u2019Anglet&#8230;<\/p>\n","protected":false},"author":1,"featured_media":0,"parent":0,"menu_order":0,"comment_status":"closed","ping_status":"closed","template":"","meta":{"footnotes":""},"class_list":["post-4573","page","type-page","status-publish","hentry"],"_links":{"self":[{"href":"https:\/\/conferences.sigappfr.org\/egc2026\/wp-json\/wp\/v2\/pages\/4573","targetHints":{"allow":["GET"]}}],"collection":[{"href":"https:\/\/conferences.sigappfr.org\/egc2026\/wp-json\/wp\/v2\/pages"}],"about":[{"href":"https:\/\/conferences.sigappfr.org\/egc2026\/wp-json\/wp\/v2\/types\/page"}],"author":[{"embeddable":true,"href":"https:\/\/conferences.sigappfr.org\/egc2026\/wp-json\/wp\/v2\/users\/1"}],"replies":[{"embeddable":true,"href":"https:\/\/conferences.sigappfr.org\/egc2026\/wp-json\/wp\/v2\/comments?post=4573"}],"version-history":[{"count":5,"href":"https:\/\/conferences.sigappfr.org\/egc2026\/wp-json\/wp\/v2\/pages\/4573\/revisions"}],"predecessor-version":[{"id":5346,"href":"https:\/\/conferences.sigappfr.org\/egc2026\/wp-json\/wp\/v2\/pages\/4573\/revisions\/5346"}],"wp:attachment":[{"href":"https:\/\/conferences.sigappfr.org\/egc2026\/wp-json\/wp\/v2\/media?parent=4573"}],"curies":[{"name":"wp","href":"https:\/\/api.w.org\/{rel}","templated":true}]}}