{"id":3410,"date":"2022-09-09T11:11:10","date_gmt":"2022-09-09T11:11:10","guid":{"rendered":"https:\/\/conferences.sigappfr.org\/medes2024\/?page_id=3410"},"modified":"2025-04-14T07:22:05","modified_gmt":"2025-04-14T07:22:05","slug":"comite-d-organisation","status":"publish","type":"page","link":"https:\/\/conferences.sigappfr.org\/egc2026\/comite-d-organisation\/","title":{"rendered":"Comit\u00e9 d\u2019organisation"},"content":{"rendered":"<p>[vc_row][vc_column][vc_column_text]<\/p>\n<h2 style=\"text-align: center;\"><span data-olk-copy-source=\"MessageBody\">Pr\u00e9sidente du Comit\u00e9 de Programme<\/span><\/h2>\n<div class='rt-container-fluid rt-team-container rt-pos-r rt-team-container-3418' id='rt-team-container-1002899850'  data-layout='layout1' data-desktop-col='4'  data-tab-col='2'  data-mobile-col='1' data-sc-id='3418' data-popup-bg=''><div data-title='Loading ...' class='rt-row rt-content-loader layout1 ttp-even ttp-pre-loader'><div class=\"rt-col-md-3 rt-col-sm-6 rt-col-xs-12  even-grid-item rt-grid-item\" data-id=\"5305\"><div class=\"single-team-area\"><div class=\"single-team\"><figure><img loading=\"lazy\" decoding=\"async\" width=\"600\" height=\"771\" src=\"https:\/\/conferences.sigappfr.org\/egc2026\/wp-content\/uploads\/2025\/04\/me-oct-2019.jpg\" class=\"img-responsive rt-team-img\" alt=\"Fatiha Sais\" \/><\/figure><\/div><div class=\"tlp-content\"><h3><span class=\"team-name\">Fatiha Sais<\/span><\/h3><\/div><div class=\"contact-info\"><ul><li class=\"tlp-location\"><i class=\"fa fa-map-marker\"><\/i><span class=\"tlp-location\">LISN, Universit\u00e9 Paris Saclay, France<\/span><\/li><\/ul><\/div><div class=\"social-icons\"><a href=\"https:\/\/www.lri.fr\/~sais\/\" title=\"globe\" target=\"_blank\"><i class=\"fas fa-globe\"><\/i><\/a><a href=\"https:\/\/www.linkedin.com\/in\/fatihasais\" title=\"linkedin\" target=\"_blank\"><i class=\"fab fa-linkedin\"><\/i><\/a><\/div><\/div><\/div><div class=\"rt-loading-overlay\"><\/div><div class=\"rt-loading rt-ball-clip-rotate\"><div><\/div><\/div><\/div><\/div>\n<h2 style=\"text-align: center;\"><span data-olk-copy-source=\"MessageBody\">Pr\u00e9sident du Comit\u00e9 d\u2019organisation <\/span><\/h2>\n<div class='rt-container-fluid rt-team-container rt-pos-r rt-team-container-3409' id='rt-team-container-1107532470'  data-layout='layout1' data-desktop-col='4'  data-tab-col='2'  data-mobile-col='1' data-sc-id='3409' data-popup-bg=''><div data-title='Loading ...' class='rt-row rt-content-loader layout1 ttp-even ttp-pre-loader'><div class=\"rt-col-md-3 rt-col-sm-6 rt-col-xs-12  even-grid-item rt-grid-item\" data-id=\"3416\"><div class=\"single-team-area\"><div class=\"single-team\"><figure><img loading=\"lazy\" decoding=\"async\" width=\"300\" height=\"291\" src=\"https:\/\/conferences.sigappfr.org\/egc2026\/wp-content\/uploads\/2022\/09\/Richard-chbeir-pc.png\" class=\"img-responsive rt-team-img\" alt=\"Richard Chbeir\" \/><\/figure><\/div><div class=\"tlp-content\"><h3><span class=\"team-name\">Richard Chbeir<\/span><\/h3><\/div><div class=\"contact-info\"><ul><li class=\"tlp-location\"><i class=\"fa fa-map-marker\"><\/i><span class=\"tlp-location\">Univ. Pau &amp; Pays Adour, France<\/span><\/li><\/ul><\/div><div class=\"social-icons\"><a href=\"https:\/\/spider.sigappfr.org\/members\/rchbeir\" title=\"globe\" target=\"_blank\"><i class=\"fas fa-globe\"><\/i><\/a><a href=\"https:\/\/fr.linkedin.com\/in\/richard-chbeir-b805226\" title=\"linkedin\" target=\"_blank\"><i class=\"fab fa-linkedin\"><\/i><\/a><\/div><\/div><\/div><div class=\"rt-loading-overlay\"><\/div><div class=\"rt-loading rt-ball-clip-rotate\"><div><\/div><\/div><\/div><\/div>\n<h2 style=\"text-align: center;\"><span data-olk-copy-source=\"MessageBody\">\u00c9cole EGC<\/span><\/h2>\n<div class='rt-container-fluid rt-team-container rt-pos-r rt-team-container-3431' id='rt-team-container-1047580181'  data-layout='layout1' data-desktop-col='4'  data-tab-col='2'  data-mobile-col='1' data-sc-id='3431' data-popup-bg=''><div data-title='Loading ...' class='rt-row rt-content-loader layout1 ttp-even ttp-pre-loader'><div class=\"rt-col-md-3 rt-col-sm-6 rt-col-xs-12  even-grid-item rt-grid-item\" data-id=\"5307\"><div class=\"single-team-area\"><div class=\"single-team\"><figure><img loading=\"lazy\" decoding=\"async\" width=\"150\" height=\"150\" src=\"https:\/\/conferences.sigappfr.org\/egc2026\/wp-content\/uploads\/2025\/04\/1103-150x150.jpg\" class=\"img-responsive rt-team-img\" alt=\"Claudia Marinica\" \/><\/figure><\/div><div class=\"tlp-content\"><h3><span class=\"team-name\">Claudia Marinica<\/span><\/h3><\/div><div class=\"contact-info\"><ul><li class=\"tlp-location\"><i class=\"fa fa-map-marker\"><\/i><span class=\"tlp-location\">Universit\u00e9 de Nantes, France<\/span><\/li><\/ul><\/div><div class=\"social-icons\"><a href=\"https:\/\/www.univ-nantes.fr\/claudia-marinica\" title=\"globe\" target=\"_blank\"><i class=\"fas fa-globe\"><\/i><\/a><a href=\"https:\/\/www.linkedin.com\/in\/claudiamarinica\/\" title=\"linkedin\" target=\"_blank\"><i class=\"fab fa-linkedin\"><\/i><\/a><\/div><\/div><\/div><div class=\"rt-col-md-3 rt-col-sm-6 rt-col-xs-12  even-grid-item rt-grid-item\" data-id=\"3723\"><div class=\"single-team-area\"><div class=\"single-team\"><figure><img loading=\"lazy\" decoding=\"async\" width=\"150\" height=\"150\" src=\"https:\/\/conferences.sigappfr.org\/egc2026\/wp-content\/uploads\/2022\/11\/Salma-Sassi-150x150.jpg\" class=\"img-responsive rt-team-img\" alt=\"Salma Sassi\" \/><\/figure><\/div><div class=\"tlp-content\"><h3><span class=\"team-name\">Salma Sassi<\/span><\/h3><\/div><div class=\"contact-info\"><ul><li class=\"tlp-location\"><i class=\"fa fa-map-marker\"><\/i><span class=\"tlp-location\">ECE Lyon, France<\/span><\/li><\/ul><\/div><div class=\"social-icons\"><a href=\"https:\/\/www.researchgate.net\/profile\/Salma-Sassi\" title=\"globe\" target=\"_blank\"><i class=\"fas fa-globe\"><\/i><\/a><a href=\"https:\/\/tn.linkedin.com\/in\/salma-sassi-ba29a7114\" title=\"linkedin\" target=\"_blank\"><i class=\"fab fa-linkedin\"><\/i><\/a><\/div><\/div><\/div><div class=\"rt-col-md-3 rt-col-sm-6 rt-col-xs-12  even-grid-item rt-grid-item\" data-id=\"5308\"><div class=\"single-team-area\"><div class=\"single-team\"><figure><img loading=\"lazy\" decoding=\"async\" width=\"150\" height=\"150\" src=\"https:\/\/conferences.sigappfr.org\/egc2026\/wp-content\/uploads\/2025\/04\/EmbeddedImage-1-150x150.jpg\" class=\"img-responsive rt-team-img\" alt=\"Zaineb GARCIA &#8211; CHELLY DAGDIA\" \/><\/figure><\/div><div class=\"tlp-content\"><h3><span class=\"team-name\">Zaineb GARCIA &#8211; CHELLY DAGDIA<\/span><\/h3><\/div><div class=\"contact-info\"><ul><li class=\"tlp-location\"><i class=\"fa fa-map-marker\"><\/i><span class=\"tlp-location\">CRIStAL, Infinite, Universit\u00e9 de Lille<\/span><\/li><\/ul><\/div><div class=\"social-icons\"><a href=\"https:\/\/sites.google.com\/site\/zeinebchelly\/home\" title=\"globe\" target=\"_blank\"><i class=\"fas fa-globe\"><\/i><\/a><a href=\"https:\/\/www.linkedin.com\/in\/zaineb-c-09677316b\/\" title=\"linkedin\" target=\"_blank\"><i class=\"fab fa-linkedin\"><\/i><\/a><\/div><\/div><\/div><div class=\"rt-loading-overlay\"><\/div><div class=\"rt-loading rt-ball-clip-rotate\"><div><\/div><\/div><\/div><\/div>\n<h2 style=\"text-align: center;\">Ateliers<\/h2>\n<div class='rt-container-fluid rt-team-container rt-pos-r rt-team-container-3465' id='rt-team-container-698191527'  data-layout='layout1' data-desktop-col='4'  data-tab-col='2'  data-mobile-col='1' data-sc-id='3465' data-popup-bg=''><div data-title='Loading ...' class='rt-row rt-content-loader layout1 ttp-even ttp-pre-loader'><div class=\"rt-col-md-3 rt-col-sm-6 rt-col-xs-12  even-grid-item rt-grid-item\" data-id=\"5321\"><div class=\"single-team-area\"><div class=\"single-team\"><figure><img loading=\"lazy\" decoding=\"async\" width=\"269\" height=\"324\" src=\"https:\/\/conferences.sigappfr.org\/egc2026\/wp-content\/uploads\/2025\/04\/malika6.png\" class=\"img-responsive rt-team-img\" alt=\"Malika SMAIL-TABBONE\" \/><\/figure><\/div><div class=\"tlp-content\"><h3><span class=\"team-name\">Malika SMAIL-TABBONE<\/span><\/h3><\/div><div class=\"contact-info\"><ul><li class=\"tlp-location\"><i class=\"fa fa-map-marker\"><\/i><span class=\"tlp-location\">Universit\u00e9 de Lorraine, France<\/span><\/li><\/ul><\/div><div class=\"social-icons\"><a href=\"https:\/\/members.loria.fr\/MSmailTabbone\/\" title=\"globe\" target=\"_blank\"><i class=\"fas fa-globe\"><\/i><\/a><a href=\"https:\/\/www.linkedin.com\/in\/malika-sma\u00efl-tabbone-78b41754\/\" title=\"linkedin\" target=\"_blank\"><i class=\"fab fa-linkedin\"><\/i><\/a><\/div><\/div><\/div><div class=\"rt-col-md-3 rt-col-sm-6 rt-col-xs-12  even-grid-item rt-grid-item\" data-id=\"5315\"><div class=\"single-team-area\"><div class=\"single-team\"><figure><img loading=\"lazy\" decoding=\"async\" width=\"800\" height=\"800\" src=\"https:\/\/conferences.sigappfr.org\/egc2026\/wp-content\/uploads\/2025\/04\/M-Munier.jpg\" class=\"img-responsive rt-team-img\" alt=\"Manuel Munier\" \/><\/figure><\/div><div class=\"tlp-content\"><h3><span class=\"team-name\">Manuel Munier<\/span><\/h3><\/div><div class=\"contact-info\"><ul><li class=\"tlp-location\"><i class=\"fa fa-map-marker\"><\/i><span class=\"tlp-location\">Univ. Pau &amp; Pays Adour, France<\/span><\/li><\/ul><\/div><div class=\"social-icons\"><a href=\"https:\/\/liuppa.univ-pau.fr\/fr\/organisation\/membres-1\/cv_-munier-fr.html\" title=\"globe\" target=\"_blank\"><i class=\"fas fa-globe\"><\/i><\/a><a href=\"https:\/\/www.linkedin.com\/in\/manuel-munier-8210b620\/?originalSubdomain=fr\" title=\"linkedin\" target=\"_blank\"><i class=\"fab fa-linkedin\"><\/i><\/a><\/div><\/div><\/div><div class=\"rt-loading-overlay\"><\/div><div class=\"rt-loading rt-ball-clip-rotate\"><div><\/div><\/div><\/div><\/div>\n<h2 style=\"text-align: center;\"><span data-olk-copy-source=\"MessageBody\">Actes RNTI<\/span><\/h2>\n<div class='rt-container-fluid rt-team-container rt-pos-r rt-team-container-3550' id='rt-team-container-233084271'  data-layout='layout1' data-desktop-col='4'  data-tab-col='2'  data-mobile-col='1' data-sc-id='3550' data-popup-bg=''><div data-title='Loading ...' class='rt-row rt-content-loader layout1 ttp-even ttp-pre-loader'><div class=\"rt-col-md-3 rt-col-sm-6 rt-col-xs-12  even-grid-item rt-grid-item\" data-id=\"5322\"><div class=\"single-team-area\"><div class=\"single-team\"><figure><img loading=\"lazy\" decoding=\"async\" width=\"1000\" height=\"1000\" src=\"https:\/\/conferences.sigappfr.org\/egc2026\/wp-content\/uploads\/2025\/04\/Gilles-VENTURINI.jpg\" class=\"img-responsive rt-team-img\" alt=\"Gilles Venturini\" \/><\/figure><\/div><div class=\"tlp-content\"><h3><span class=\"team-name\">Gilles Venturini<\/span><\/h3><\/div><div class=\"contact-info\"><ul><li class=\"tlp-location\"><i class=\"fa fa-map-marker\"><\/i><span class=\"tlp-location\">University of Tours, France<\/span><\/li><\/ul><\/div><div class=\"social-icons\"><a href=\"https:\/\/www.univ-tours.fr\/annuaire\/m-gilles-venturini\" title=\"globe\" target=\"_blank\"><i class=\"fas fa-globe\"><\/i><\/a><a href=\"https:\/\/www.linkedin.com\/in\/gilles-venturini-9904341\/\" title=\"linkedin\" target=\"_blank\"><i class=\"fab fa-linkedin\"><\/i><\/a><\/div><\/div><\/div><div class=\"rt-col-md-3 rt-col-sm-6 rt-col-xs-12  even-grid-item rt-grid-item\" data-id=\"5316\"><div class=\"single-team-area\"><div class=\"single-team\"><figure><img loading=\"lazy\" decoding=\"async\" width=\"227\" height=\"300\" src=\"https:\/\/conferences.sigappfr.org\/egc2026\/wp-content\/uploads\/2025\/04\/photo-LG-227x300-1.png\" class=\"img-responsive rt-team-img\" alt=\"Laurent Gallon\" \/><\/figure><\/div><div class=\"tlp-content\"><h3><span class=\"team-name\">Laurent Gallon<\/span><\/h3><\/div><div class=\"contact-info\"><ul><li class=\"tlp-location\"><i class=\"fa fa-map-marker\"><\/i><span class=\"tlp-location\">Univ. Pau &amp; Pays Adour, France<\/span><\/li><\/ul><\/div><div class=\"social-icons\"><a href=\"https:\/\/liuppa.univ-pau.fr\/fr\/organisation\/membres-1\/cv_-gallon-fr.html\" title=\"globe\" target=\"_blank\"><i class=\"fas fa-globe\"><\/i><\/a><a href=\"https:\/\/www.linkedin.com\/in\/laurent-gallon-56210b9\/\" title=\"linkedin\" target=\"_blank\"><i class=\"fab fa-linkedin\"><\/i><\/a><\/div><\/div><\/div><div class=\"rt-loading-overlay\"><\/div><div class=\"rt-loading rt-ball-clip-rotate\"><div><\/div><\/div><\/div><\/div>\n<h2 style=\"text-align: center;\"><span data-olk-copy-source=\"MessageBody\">D\u00e9monstrateurs et Posters<\/span><\/h2>\n<div class='rt-container-fluid rt-team-container rt-pos-r rt-team-container-3441' id='rt-team-container-1019814711'  data-layout='layout1' data-desktop-col='4'  data-tab-col='2'  data-mobile-col='1' data-sc-id='3441' data-popup-bg=''><div data-title='Loading ...' class='rt-row rt-content-loader layout1 ttp-even ttp-pre-loader'><div class=\"rt-col-md-3 rt-col-sm-6 rt-col-xs-12  even-grid-item rt-grid-item\" data-id=\"5328\"><div class=\"single-team-area\"><div class=\"single-team\"><figure><img loading=\"lazy\" decoding=\"async\" width=\"200\" height=\"200\" src=\"https:\/\/conferences.sigappfr.org\/egc2026\/wp-content\/uploads\/2025\/04\/s200_akram.hakiri.jpg\" class=\"img-responsive rt-team-img\" alt=\"Akram Hakiri\" \/><\/figure><\/div><div class=\"tlp-content\"><h3><span class=\"team-name\">Akram Hakiri<\/span><\/h3><\/div><div class=\"contact-info\"><ul><li class=\"tlp-location\"><i class=\"fa fa-map-marker\"><\/i><span class=\"tlp-location\">Univ. Pau &amp; Pays Adour, France<\/span><\/li><\/ul><\/div><div class=\"social-icons\"><a href=\"https:\/\/scholar.google.fr\/citations?user=hWFrDC4AAAAJ&#038;hl=fr\" title=\"globe\" target=\"_blank\"><i class=\"fas fa-globe\"><\/i><\/a><a href=\"https:\/\/www.linkedin.com\/in\/akram-hakiri-12709213\/\" title=\"linkedin\" target=\"_blank\"><i class=\"fab fa-linkedin\"><\/i><\/a><\/div><\/div><\/div><div class=\"rt-col-md-3 rt-col-sm-6 rt-col-xs-12  even-grid-item rt-grid-item\" data-id=\"5315\"><div class=\"single-team-area\"><div class=\"single-team\"><figure><img loading=\"lazy\" decoding=\"async\" width=\"800\" height=\"800\" src=\"https:\/\/conferences.sigappfr.org\/egc2026\/wp-content\/uploads\/2025\/04\/M-Munier.jpg\" class=\"img-responsive rt-team-img\" alt=\"Manuel Munier\" \/><\/figure><\/div><div class=\"tlp-content\"><h3><span class=\"team-name\">Manuel Munier<\/span><\/h3><\/div><div class=\"contact-info\"><ul><li class=\"tlp-location\"><i class=\"fa fa-map-marker\"><\/i><span class=\"tlp-location\">Univ. Pau &amp; Pays Adour, France<\/span><\/li><\/ul><\/div><div class=\"social-icons\"><a href=\"https:\/\/liuppa.univ-pau.fr\/fr\/organisation\/membres-1\/cv_-munier-fr.html\" title=\"globe\" target=\"_blank\"><i class=\"fas fa-globe\"><\/i><\/a><a href=\"https:\/\/www.linkedin.com\/in\/manuel-munier-8210b620\/?originalSubdomain=fr\" title=\"linkedin\" target=\"_blank\"><i class=\"fab fa-linkedin\"><\/i><\/a><\/div><\/div><\/div><div class=\"rt-loading-overlay\"><\/div><div class=\"rt-loading rt-ball-clip-rotate\"><div><\/div><\/div><\/div><\/div>\n<h2 style=\"text-align: center;\"><span data-olk-copy-source=\"MessageBody\">Minute of madness<\/span><\/h2>\n<div class='rt-container-fluid rt-team-container rt-pos-r rt-team-container-3455' id='rt-team-container-1750702115'  data-layout='layout1' data-desktop-col='4'  data-tab-col='2'  data-mobile-col='1' data-sc-id='3455' data-popup-bg=''><div data-title='Loading ...' class='rt-row rt-content-loader layout1 ttp-even ttp-pre-loader'><div class=\"rt-col-md-3 rt-col-sm-6 rt-col-xs-12  even-grid-item rt-grid-item\" data-id=\"5329\"><div class=\"single-team-area\"><div class=\"single-team\"><figure><img loading=\"lazy\" decoding=\"async\" width=\"989\" height=\"1024\" src=\"https:\/\/conferences.sigappfr.org\/egc2026\/wp-content\/uploads\/2025\/04\/vl-989x1024.jpg\" class=\"img-responsive rt-team-img\" alt=\"Vincent Lalanne\" \/><\/figure><\/div><div class=\"tlp-content\"><h3><span class=\"team-name\">Vincent Lalanne<\/span><\/h3><\/div><div class=\"contact-info\"><ul><li class=\"tlp-location\"><i class=\"fa fa-map-marker\"><\/i><span class=\"tlp-location\">Univ. Pau &amp; Pays Adour, France<\/span><\/li><\/ul><\/div><div class=\"social-icons\"><a href=\"https:\/\/lalannev.perso.univ-pau.fr\/\" title=\"globe\" target=\"_blank\"><i class=\"fas fa-globe\"><\/i><\/a><a href=\"https:\/\/www.linkedin.com\/in\/vincentlalanne\/\" title=\"linkedin\" target=\"_blank\"><i class=\"fab fa-linkedin\"><\/i><\/a><\/div><\/div><\/div><div class=\"rt-loading-overlay\"><\/div><div class=\"rt-loading rt-ball-clip-rotate\"><div><\/div><\/div><\/div><\/div>[\/vc_column_text][vc_column_text]<\/p>\n<h2 style=\"text-align: center;\">Webmaster<\/h2>\n<div class='rt-container-fluid rt-team-container rt-pos-r rt-team-container-3460' id='rt-team-container-1511100510'  data-layout='layout1' data-desktop-col='4'  data-tab-col='2'  data-mobile-col='1' data-sc-id='3460' data-popup-bg=''><div data-title='Loading ...' class='rt-row rt-content-loader layout1 ttp-even ttp-pre-loader'><div class=\"rt-col-md-3 rt-col-sm-6 rt-col-xs-12  even-grid-item rt-grid-item\" data-id=\"4540\"><div class=\"single-team-area\"><div class=\"single-team\"><figure><img loading=\"lazy\" decoding=\"async\" width=\"579\" height=\"771\" src=\"https:\/\/conferences.sigappfr.org\/egc2026\/wp-content\/uploads\/2024\/01\/fouad-achkouty.jpg\" class=\"img-responsive rt-team-img\" alt=\"Fouad Achkouty\" \/><\/figure><\/div><div class=\"tlp-content\"><h3><span class=\"team-name\">Fouad Achkouty<\/span><\/h3><\/div><div class=\"contact-info\"><ul><li class=\"tlp-location\"><i class=\"fa fa-map-marker\"><\/i><span class=\"tlp-location\">Univ. Pau &amp; Pays Adour, France<\/span><\/li><\/ul><\/div><div class=\"social-icons\"><a href=\"https:\/\/www.linkedin.com\/in\/fouad-al-achkouty-0ab65b151\/\" title=\"linkedin\" target=\"_blank\"><i class=\"fab fa-linkedin\"><\/i><\/a><\/div><\/div><\/div><div class=\"rt-loading-overlay\"><\/div><div class=\"rt-loading rt-ball-clip-rotate\"><div><\/div><\/div><\/div><\/div>[\/vc_column_text][\/vc_column][\/vc_row][vc_row disable_element=&#8221;yes&#8221;][vc_column][vc_column_text]<\/p>\n<h3 style=\"text-align: center;\">To be announced!<\/h3>\n<p>[\/vc_column_text][\/vc_column][\/vc_row]<\/p>\n","protected":false},"excerpt":{"rendered":"<p>[vc_row][vc_column][vc_column_text] Pr\u00e9sidente du Comit\u00e9 de Programme Pr\u00e9sident du Comit\u00e9 d\u2019organisation \u00c9cole EGC Ateliers Actes RNTI D\u00e9monstrateurs et Posters Minute of madness [\/vc_column_text][vc_column_text] Webmaster [\/vc_column_text][\/vc_column][\/vc_row][vc_row disable_element=&#8221;yes&#8221;][vc_column][vc_column_text] To be announced! [\/vc_column_text][\/vc_column][\/vc_row]<\/p>\n","protected":false},"author":1,"featured_media":0,"parent":0,"menu_order":0,"comment_status":"closed","ping_status":"closed","template":"","meta":{"footnotes":""},"class_list":["post-3410","page","type-page","status-publish","hentry"],"_links":{"self":[{"href":"https:\/\/conferences.sigappfr.org\/egc2026\/wp-json\/wp\/v2\/pages\/3410","targetHints":{"allow":["GET"]}}],"collection":[{"href":"https:\/\/conferences.sigappfr.org\/egc2026\/wp-json\/wp\/v2\/pages"}],"about":[{"href":"https:\/\/conferences.sigappfr.org\/egc2026\/wp-json\/wp\/v2\/types\/page"}],"author":[{"embeddable":true,"href":"https:\/\/conferences.sigappfr.org\/egc2026\/wp-json\/wp\/v2\/users\/1"}],"replies":[{"embeddable":true,"href":"https:\/\/conferences.sigappfr.org\/egc2026\/wp-json\/wp\/v2\/comments?post=3410"}],"version-history":[{"count":71,"href":"https:\/\/conferences.sigappfr.org\/egc2026\/wp-json\/wp\/v2\/pages\/3410\/revisions"}],"predecessor-version":[{"id":5342,"href":"https:\/\/conferences.sigappfr.org\/egc2026\/wp-json\/wp\/v2\/pages\/3410\/revisions\/5342"}],"wp:attachment":[{"href":"https:\/\/conferences.sigappfr.org\/egc2026\/wp-json\/wp\/v2\/media?parent=3410"}],"curies":[{"name":"wp","href":"https:\/\/api.w.org\/{rel}","templated":true}]}}