{"id":3295,"date":"2022-09-07T15:22:43","date_gmt":"2022-09-07T15:22:43","guid":{"rendered":"https:\/\/conferences.sigappfr.org\/medes2024\/?page_id=3295"},"modified":"2025-11-22T06:07:21","modified_gmt":"2025-11-22T06:07:21","slug":"hebergement","status":"publish","type":"page","link":"https:\/\/conferences.sigappfr.org\/egc2026\/hebergement\/","title":{"rendered":"H\u00e9bergement"},"content":{"rendered":"<p>[vc_row][vc_column][vc_column_text]<\/p>\n<blockquote><p>Nous avons n\u00e9goci\u00e9 pour nos participants des tarifs particuliers au <strong>Novotel <\/strong>(lieu de la conf\u00e9rence) et <strong>Ibis Budget <\/strong>\u00e0 Anglet. Les 2 h\u00f4tels se situent au m\u00eame endroit dans un parc de 3 hectares et \u00e0 1km de l&#8217;a\u00e9roport de Biarritz-Anglet-Bayonne. Ils se trouvent \u00e0 500 m\u00e8tres du centre-ville et \u00e0 4 km des plages. Saint-S\u00e9bastien est \u00e0 30 minutes en voiture. Un parking gratuit est mis \u00e0 votre disposition.<\/p><\/blockquote>\n<h3><a href=\"https:\/\/all.accor.com\/booking\/en\/accor\/hotel\/0994?destination=64200-biarritz-france\">Novotel Anglet (4*)<\/a><\/h3>\n<p><strong>Address: <\/strong>68 Av. d\u2019Espagne, 64600 Anglet, France<\/p>\n<p><img loading=\"lazy\" decoding=\"async\" class=\"\" src=\"https:\/\/inista2022.sigappfr.org\/wp-content\/uploads\/2022\/06\/6-13-2022-1-38-03-PM.png\" width=\"412\" height=\"239\" \/><\/p>\n<p>Les chambres du Novotel sont \u00e9quip\u00e9es d&#8217;une salle de bains privative, d&#8217;une t\u00e9l\u00e9vision et d&#8217;un espace de travail. Une connexion Wi-Fi gratuite est disponible dans tout l&#8217;\u00e9tablissement. Le Novotel Resort &amp; Spa Biarritz Anglet propose diverses activit\u00e9s de loisirs, dont une piscine ext\u00e9rieure chauff\u00e9e. Le restaurant Ardoise Gourmande sert une cuisine traditionnelle et locale et offre une vue sur le parc et la piscine. Par beau temps, vous pourrez d\u00eener en terrasse. Le bar \u00e0 vins Au Comptoir, ouvert jusqu&#8217;\u00e0 minuit, vous accueille pour un verre. Un service d&#8217;\u00e9tage est \u00e9galement propos\u00e9.<\/p>\n<p>Vous disposez d\u2019un tarif pr\u00e9f\u00e9rentiel \u00e0 130\u20ac\/nuit (petit-d\u00e9jeuner inclus, hors taxes de s\u00e9jour) sans pr\u00e9paiement et avec annulation sans frais jusqu\u2019\u00e0 J-7.<br \/>\nPour en b\u00e9n\u00e9ficier, il faut se connecter sur le site web :<\/p>\n<p style=\"text-align: center;\"><strong><a href=\"https:\/\/all.accor.com\/hotel\/0994\/index.fr.shtml?dateIn=&amp;nights=&amp;compositions=1&amp;stayplus=false#origin=novotel\">https:\/\/all.accor.com\/hotel\/0994\/index.fr.shtml?dateIn=&amp;nights=&amp;compositions=1&amp;stayplus=false#origin=novotel<\/a><\/strong><\/p>\n<p>Au niveau des crit\u00e8res de recherche (date, nombre de personnes), il faut s\u00e9lectionner l\u2019onglet \u00ab Tarifs sp\u00e9ciaux \u00bb et indiquer : <strong>EGC2026<\/strong> dans la case code pr\u00e9f\u00e9rentiel. Il est \u00e9galement possible d\u2019appeler la r\u00e9ception au 05.59.58.50.50 en indiquant le code EGC2026<\/p>\n<h3><a href=\"https:\/\/all.accor.com\/booking\/en\/accor\/hotel\/2555\">Ibis Budget (2*)<\/a><\/h3>\n<p><strong>Address:<\/strong> 70 Av. d\u2019Espagne, 64600 Anglet, France<\/p>\n<p>Ibis Budget propose 84 chambres \u00e9conomiques, \u00e9quip\u00e9es d&#8217;un espace de travail, d&#8217;une cabine de douche et d&#8217;un lavabo ; WC, climatisation, TV, WIFI, etc.<\/p>\n<p><img loading=\"lazy\" decoding=\"async\" class=\"\" src=\"https:\/\/inista2022.sigappfr.org\/wp-content\/uploads\/2022\/06\/6-13-2022-4-43-25-PM.png\" width=\"372\" height=\"255\" \/><\/p>\n<p>Vous disposez d&#8217;un tarif pr\u00e9f\u00e9rentiel de chambre individuelle avec petit-d\u00e9jeuner de 65\u20ac + taxes de s\u00e9jour (local taxes). Pour b\u00e9n\u00e9ficier de cette offre, il faut directement appeler la r\u00e9ception au 05.59.58.51.01 et indiquer que c\u2019est pour la conf\u00e9rence EGC.<\/p>\n<p>&nbsp;<\/p>\n<h3>Autres h\u00f4tels:<\/h3>\n<h4><a href=\"https:\/\/all.accor.com\/booking\/en\/accor\/hotel\/0822\">L&#8217;h\u00f4tel Ibis<\/a><\/h4>\n<p>** Veuillez noter que les prix indiqu\u00e9s ci-dessous sont indicatifs et peuvent \u00eatre mis \u00e0 jour par l&#8217;h\u00f4tel. **<\/p>\n<ul>\n<li>Chambre Standard: 85\u20ac par nuit<\/li>\n<\/ul>\n<p><img loading=\"lazy\" decoding=\"async\" class=\"\" src=\"https:\/\/inista2022.sigappfr.org\/wp-content\/uploads\/2022\/06\/6-13-2022-4-29-48-PM.png\" width=\"160\" height=\"121\" \/><img loading=\"lazy\" decoding=\"async\" class=\"\" src=\"https:\/\/inista2022.sigappfr.org\/wp-content\/uploads\/2022\/06\/6-13-2022-4-30-02-PM.png\" width=\"193\" height=\"121\" \/><\/p>\n<h4><a href=\"http:\/\/www.biarritz-thalasso.com\/hotels\/hotel-le-bayonne\" target=\"_blank\" rel=\"noopener\">Le Bayonne H\u00f4tel &amp; Spa<\/a><\/h4>\n<p>** Veuillez noter que les prix indiqu\u00e9s ci-dessous sont indicatifs et peuvent \u00eatre mis \u00e0 jour par l&#8217;h\u00f4tel. **<\/p>\n<ul>\n<li>Chambre BASIC: 113\u20ac par nuit<\/li>\n<li>Chambre CLASSIC: 169\u20ac par nuit<\/li>\n<\/ul>\n<div>\n<p><img decoding=\"async\" src=\"https:\/\/conferences.sigappfr.org\/egc2026\/wp-content\/uploads\/2025\/04\/1-vue-exterieure-hotel-le-bayonne.jpg\" alt=\"Le Bayonne Hotel &amp; Spa\" width=\"20%\" height=\"30%\" \/>\u00a0\u00a0<img decoding=\"async\" src=\"https:\/\/conferences.sigappfr.org\/egc2026\/wp-content\/uploads\/2025\/04\/4-terrasse.jpg\" alt=\"Le Bayonne Hotel &amp; Spa\" width=\"20%\" height=\"30%\" \/><\/p>\n<\/div>\n<div>\n<h4><\/h4>\n<h4><a href=\"http:\/\/www.legrandhotelbayonne.com\/\" target=\"_blank\" rel=\"noopener\">Best Western Le Grand H\u00f4tel Bayonne<\/a><\/h4>\n<p>** Veuillez noter que les prix indiqu\u00e9s ci-dessous sont indicatifs et peuvent \u00eatre mis \u00e0 jour par l&#8217;h\u00f4tel. **<\/p>\n<ul>\n<li>Chambre CLASSIC: 132\u20ac par nuit (single\/double)<\/li>\n<li>Chambre SUPERIEURE: 147\u20ac par nuit (single\/double)<\/li>\n<li>Chambre PRIVILEGE: 165\u20ac par nuit (single\/double)<\/li>\n<\/ul>\n<div>Les tarifs propos\u00e9s incluent le petit-d\u00e9jeuner et l&#8217;acc\u00e8s Wifi.<\/div>\n<\/div>\n<div>\u00a0\u00a0<img decoding=\"async\" src=\"https:\/\/conferences.sigappfr.org\/egc2026\/wp-content\/uploads\/2025\/04\/93280_G1.jpg\" alt=\"Best Western Le Grand Hotel\" width=\"20%\" height=\"30%\" \/> <img decoding=\"async\" src=\"https:\/\/conferences.sigappfr.org\/egc2026\/wp-content\/uploads\/2025\/04\/93280_G21.jpg\" alt=\"Best Western Le Grand Hotel\" width=\"20%\" height=\"30%\" \/><\/div>\n<div>\n<p>&nbsp;<\/p>\n<h4><a href=\"http:\/\/www.ibis.com\/fr\/hotel-8716-ibis-styles-bayonne-gare-centre\/index.shtml\" target=\"_blank\" rel=\"noopener\">H\u00f4tel ibis Styles Bayonne Gare Centre<\/a><\/h4>\n<p>** Veuillez noter que les prix indiqu\u00e9s ci-dessous sont indicatifs et peuvent \u00eatre mis \u00e0 jour par l&#8217;h\u00f4tel. **<\/p>\n<div>\n<ul>\n<li>Chambre Double\/ single: 130\u20ac par nuit<\/li>\n<li>Chambre Double\/ Twin : 130\u20ac par nuit<\/li>\n<\/ul>\n<\/div>\n<div>Les tarifs propos\u00e9s incluent le petit-d\u00e9jeuner et l&#8217;acc\u00e8s Wifi.<\/div>\n<div><\/div>\n<\/div>\n<div>\u00a0\u00a0<img decoding=\"async\" src=\"https:\/\/conferences.sigappfr.org\/egc2026\/wp-content\/uploads\/2025\/04\/Ibis-Bayonne1.jpg\" alt=\"H\u00f4tel ibis Styles Bayonne Gare Centre\" width=\"20%\" height=\"30%\" \/> <img decoding=\"async\" src=\"https:\/\/conferences.sigappfr.org\/egc2026\/wp-content\/uploads\/2025\/04\/Ibis-Bayonne3.jpg\" alt=\"H\u00f4tel ibis Styles Bayonne Gare Centre\" width=\"20%\" height=\"30%\" \/><\/div>\n<div><\/div>\n<h4><a href=\"http:\/\/www.hotel-cotebasque.fr\/\">H\u00f4tel\u00a0C\u00f4te Basque<\/a>\u00a0&#8211; Bayonne<\/h4>\n<p>** Veuillez noter que les prix indiqu\u00e9s ci-dessous sont indicatifs et peuvent \u00eatre mis \u00e0 jour par l&#8217;h\u00f4tel. **<\/p>\n<ul>\n<li>Chambre CLASSIC : 90\u20ac &#8211; 100\u20ac par nuit<\/li>\n<li>Chambre DOUBLE : 110\u20ac &#8211; 120\u20ac par nuit<\/li>\n<\/ul>\n<p>Un acc\u00e8s Wifi gratuit est fourni.<\/p>\n<p><img loading=\"lazy\" decoding=\"async\" src=\"https:\/\/conferences.sigappfr.org\/egc2026\/wp-content\/uploads\/2025\/04\/hotelcotebasque.jpg\" alt=\"hotelcotebasque\" width=\"403\" height=\"221\" \/><\/p>\n<p>&nbsp;<\/p>\n<h4><a href=\"http:\/\/www.booking.com\/hotel\/fr\/des-arceaux.fr.html?aid=318615;label=New_French_FR_19114763545-vQHUMJgtEGx9VMnaS4mZrAS75168951865%3Apl%3Ata%3Ap1%3Ap2%3Aac%3Aap1t1%3Aneg;sid=1efee7a8a61c4b540445c9e697813821;dcid=1;checkin=2015-09-14;checkout=2015-09-15;dist=0;group_adults=1;group_children=0;no_rooms=1;sb_price_type=total;srfid=96ae7edc709fb68d9142801d623e0b70585e4650X1;type=total;ucfs=1&amp;\">H\u00f4tel\u00a0Les Arceaux\u00a0<\/a>&#8211; Bayonne<\/h4>\n<p>** Veuillez noter que les prix indiqu\u00e9s ci-dessous sont indicatifs et peuvent \u00eatre mis \u00e0 jour par l&#8217;h\u00f4tel. **<\/p>\n<ul>\n<li>Chambre ECONOMIC single\/double: 82\u20ac par nuit<\/li>\n<li>Chambre CONFORT single\/double: 116\u20ac par nuit<\/li>\n<\/ul>\n<p>+ Petit d\u00e9jeuner: 8,50\u20ac<\/p>\n<p>Un acc\u00e8s Wifi gratuit est fourni.<\/p>\n<p><img loading=\"lazy\" decoding=\"async\" src=\"https:\/\/conferences.sigappfr.org\/egc2026\/wp-content\/uploads\/2025\/04\/lesarceaux.jpg\" alt=\"lesarceaux\" width=\"363\" height=\"199\" \/><\/p>\n<p>&nbsp;<\/p>\n<h4><a href=\"http:\/\/www.booking.com\/hotel\/fr\/des-basses-pyrenees.fr.html\">H\u00f4tel\u00a0Basses Pyr\u00e9n\u00e9es<\/a><a href=\"http:\/\/www.booking.com\/hotel\/fr\/des-arceaux.fr.html?aid=318615;label=New_French_FR_19114763545-vQHUMJgtEGx9VMnaS4mZrAS75168951865%3Apl%3Ata%3Ap1%3Ap2%3Aac%3Aap1t1%3Aneg;sid=1efee7a8a61c4b540445c9e697813821;dcid=1;checkin=2015-09-14;checkout=2015-09-15;dist=0;group_adults=1;group_children=0;no_rooms=1;sb_price_type=total;srfid=96ae7edc709fb68d9142801d623e0b70585e4650X1;type=total;ucfs=1&amp;\">\u00a0<\/a>&#8211; Bayonne<\/h4>\n<p>** Veuillez noter que les prix indiqu\u00e9s ci-dessous sont indicatifs et peuvent \u00eatre mis \u00e0 jour par l&#8217;h\u00f4tel. **<\/p>\n<ul>\n<li>Chambre SINGLE CONFORT \u00a0:\u00a0 \u00a0 \u00a0150\u20ac par nuit<\/li>\n<li>Chambre CONFORT DOUBLE: 224\u20ac par nuit<\/li>\n<\/ul>\n<p>Un acc\u00e8s Wifi gratuit est fourni.<\/p>\n<p><img loading=\"lazy\" decoding=\"async\" src=\"https:\/\/conferences.sigappfr.org\/egc2026\/wp-content\/uploads\/2025\/04\/hotelbassespyr.jpg\" alt=\"hotelbassespyr\" width=\"362\" height=\"198\" \/>[\/vc_column_text][\/vc_column][\/vc_row]<\/p>\n","protected":false},"excerpt":{"rendered":"<p>[vc_row][vc_column][vc_column_text] Nous avons n\u00e9goci\u00e9 pour nos participants des tarifs particuliers au Novotel (lieu de la conf\u00e9rence) et Ibis Budget \u00e0 Anglet. Les 2 h\u00f4tels se situent au m\u00eame endroit dans un parc de 3 hectares et \u00e0 1km de l&#8217;a\u00e9roport&#8230;<\/p>\n","protected":false},"author":1,"featured_media":0,"parent":0,"menu_order":0,"comment_status":"closed","ping_status":"closed","template":"","meta":{"footnotes":""},"class_list":["post-3295","page","type-page","status-publish","hentry"],"_links":{"self":[{"href":"https:\/\/conferences.sigappfr.org\/egc2026\/wp-json\/wp\/v2\/pages\/3295","targetHints":{"allow":["GET"]}}],"collection":[{"href":"https:\/\/conferences.sigappfr.org\/egc2026\/wp-json\/wp\/v2\/pages"}],"about":[{"href":"https:\/\/conferences.sigappfr.org\/egc2026\/wp-json\/wp\/v2\/types\/page"}],"author":[{"embeddable":true,"href":"https:\/\/conferences.sigappfr.org\/egc2026\/wp-json\/wp\/v2\/users\/1"}],"replies":[{"embeddable":true,"href":"https:\/\/conferences.sigappfr.org\/egc2026\/wp-json\/wp\/v2\/comments?post=3295"}],"version-history":[{"count":25,"href":"https:\/\/conferences.sigappfr.org\/egc2026\/wp-json\/wp\/v2\/pages\/3295\/revisions"}],"predecessor-version":[{"id":5625,"href":"https:\/\/conferences.sigappfr.org\/egc2026\/wp-json\/wp\/v2\/pages\/3295\/revisions\/5625"}],"wp:attachment":[{"href":"https:\/\/conferences.sigappfr.org\/egc2026\/wp-json\/wp\/v2\/media?parent=3295"}],"curies":[{"name":"wp","href":"https:\/\/api.w.org\/{rel}","templated":true}]}}