{"id":3266,"date":"2022-09-07T08:41:34","date_gmt":"2022-09-07T08:41:34","guid":{"rendered":"https:\/\/conferences.sigappfr.org\/medes2024\/?page_id=3266"},"modified":"2025-11-30T17:35:45","modified_gmt":"2025-11-30T17:35:45","slug":"dates-importantes","status":"publish","type":"page","link":"https:\/\/conferences.sigappfr.org\/egc2026\/dates-importantes\/","title":{"rendered":"Dates Importantes"},"content":{"rendered":"<p>[vc_row][vc_column][vc_column_text]<\/p>\n<h3>Pour la conf\u00e9rence:<\/h3>\n<ul>\n<li>R\u00e9sum\u00e9s des articles : 3 octobre 2025<\/li>\n<li>Textes complets des articles : 12 octobre 2025<\/li>\n<li>Interactions auteurs\/membres comit\u00e9 de programme : 6-9 novembre 2025<\/li>\n<li>Notification : 15 novembre 2025<\/li>\n<li>Version finale des articles : 28 novembre 2025<\/li>\n<li>Inscription auteur : 28 novembre 2025<\/li>\n<\/ul>\n<h3><span data-olk-copy-source=\"MessageBody\">Pour les ateliers:<\/span><\/h3>\n<ul>\n<li>Date limite de soumission des propositions d&#8217;ateliers\u00a0 : 22 septembre 2025<\/li>\n<li>Notifications aux organisateurs : 01 octobre 2025<\/li>\n<\/ul>\n<h3><span data-olk-copy-source=\"MessageBody\">Pour les d\u00e9mos:<\/span><\/h3>\n<ul>\n<li>Date limite de soumission : 07 novembre 2025<\/li>\n<li>Notification aux auteurs : 03 d\u00e9cembre 2025<\/li>\n<li>Version finale des articles : 08 d\u00e9cembre 2025<\/li>\n<\/ul>\n<p>[\/vc_column_text][\/vc_column][\/vc_row]<\/p>\n","protected":false},"excerpt":{"rendered":"<p>[vc_row][vc_column][vc_column_text] Pour la conf\u00e9rence: R\u00e9sum\u00e9s des articles : 3 octobre 2025 Textes complets des articles : 12 octobre 2025 Interactions auteurs\/membres comit\u00e9 de programme : 6-9 novembre 2025 Notification : 15 novembre 2025 Version finale des articles : 28 novembre&#8230;<\/p>\n","protected":false},"author":1,"featured_media":0,"parent":0,"menu_order":0,"comment_status":"closed","ping_status":"closed","template":"","meta":{"footnotes":""},"class_list":["post-3266","page","type-page","status-publish","hentry"],"_links":{"self":[{"href":"https:\/\/conferences.sigappfr.org\/egc2026\/wp-json\/wp\/v2\/pages\/3266","targetHints":{"allow":["GET"]}}],"collection":[{"href":"https:\/\/conferences.sigappfr.org\/egc2026\/wp-json\/wp\/v2\/pages"}],"about":[{"href":"https:\/\/conferences.sigappfr.org\/egc2026\/wp-json\/wp\/v2\/types\/page"}],"author":[{"embeddable":true,"href":"https:\/\/conferences.sigappfr.org\/egc2026\/wp-json\/wp\/v2\/users\/1"}],"replies":[{"embeddable":true,"href":"https:\/\/conferences.sigappfr.org\/egc2026\/wp-json\/wp\/v2\/comments?post=3266"}],"version-history":[{"count":46,"href":"https:\/\/conferences.sigappfr.org\/egc2026\/wp-json\/wp\/v2\/pages\/3266\/revisions"}],"predecessor-version":[{"id":5678,"href":"https:\/\/conferences.sigappfr.org\/egc2026\/wp-json\/wp\/v2\/pages\/3266\/revisions\/5678"}],"wp:attachment":[{"href":"https:\/\/conferences.sigappfr.org\/egc2026\/wp-json\/wp\/v2\/media?parent=3266"}],"curies":[{"name":"wp","href":"https:\/\/api.w.org\/{rel}","templated":true}]}}