{"id":1234,"date":"2018-12-04T10:04:32","date_gmt":"2018-12-04T10:04:32","guid":{"rendered":"https:\/\/demo.gloriathemes.com\/eventchamp\/demo\/?page_id=1234"},"modified":"2026-01-29T08:20:44","modified_gmt":"2026-01-29T08:20:44","slug":"technology-event","status":"publish","type":"page","link":"https:\/\/conferences.sigappfr.org\/egc2026\/","title":{"rendered":"Home &#8211; Technology Event"},"content":{"rendered":"<p>[vc_row full_width=&#8221;stretch_row_content_no_spaces&#8221;][vc_column]<div class=\"gt-countdown-slider gt-style-1\" style=\"height:100vh;\"><div class=\"swiper-container gt-swiper-slider\" data-gt-item=\"1\" data-gt-item-space=\"0\" data-gt-loop=\"true\" data-gt-speed=\"1000\" data-gt-direction=\"horizontal\" data-gt-effect=\"fade\" data-gt-centered-slides=\"false\" data-gt-free-mode=\"false\"><div class=\"swiper-wrapper\"><div class=\"swiper-slide\" data-swiper-autoplay=\"15000\"><div class=\"gt-image\" style=\"background-image:url(https:\/\/conferences.sigappfr.org\/egc2026\/wp-content\/uploads\/2022\/09\/adobestock-saiko3p-bayonne-1920x1080-1.jpg);\"><div class=\"gt-opacity\" style=\"opacity: 0.4; background-color: #000000;\"><\/div><\/div><\/div><\/div><div class=\"swiper-pagination gt-slider-pagination\"><\/div><\/div><div class=\"gt-slider-content\"><div class=\"gt-address-date\">LA 26\u00c8ME CONF\u00c9RENCE FRANCOPHONE SUR L&#039;EXTRACTION ET LA GESTION DES CONNAISSANCES<\/div><div class=\"gt-title\"><div class=\"gt-background-text\">Conference<\/div><div class=\"gt-title-inner\"><span class=\"gt-primary\">EGC 2026<\/span><span class=\"gt-secondary\">Anglet, France (26-30 Janvier 2026)<\/span><\/div><\/div><\/div><div class=\"gt-counter\"><div class=\"gt-counter-inner\"><div class=\"gt-day\"><div class=\"wrapper\"><div class=\"gt-count\"><\/div><div class=\"gt-title\">Days<\/div><\/div><\/div><div class=\"gt-hour\"><div class=\"wrapper\"><div class=\"gt-count\"><\/div><div class=\"gt-title\">Hours<\/div><\/div><\/div><div class=\"gt-minute\"><div class=\"wrapper\"><div class=\"gt-count\"><\/div><div class=\"gt-title\">Minutes<\/div><\/div><\/div><div class=\"gt-second\"><div class=\"wrapper\"><div class=\"gt-count\"><\/div><div class=\"gt-title\">Seconds<\/div><\/div><\/div><\/div><script type='text\/javascript'>\r\n\t\t\t\t\t\t\t\tjQuery(document).ready(function($){\r\n\t\t\t\t\t\t\t\t\t$('.gt-counter-inner').countdown('2026\/01\/26 09:00:00', function(event) {\r\n\t\t\t\t\t\t\t\t\t\t$('.gt-day .gt-count').html(event.strftime('%D'));\r\n\t\t\t\t\t\t\t\t\t\t$('.gt-hour .gt-count').html(event.strftime('%H'));\r\n\t\t\t\t\t\t\t\t\t\t$('.gt-minute .gt-count').html(event.strftime('%M'));\r\n\t\t\t\t\t\t\t\t\t\t$('.gt-second .gt-count').html(event.strftime('%S'));\r\n\t\t\t\t\t\t\t\t\t});\r\n\t\t\t\t\t\t\t\t});\r\n\t\t\t\t\t\t\t<\/script><\/div><div class=\"gt-separator gt-style-4\"><svg fill=\"#FFFFFF\" xmlns=\"http:\/\/www.w3.org\/2000\/svg\" viewBox=\"0 0 1480 117\"  preserveAspectRatio=\"none\"><path d=\"M0 24.5c246.7 46.3 493.3 69.4 740 69.4s493.3-23.1 740-69.4V117H0V24.5z\"\/><\/svg><\/div><\/div>[vc_empty_space][\/vc_column][\/vc_row][vc_row][vc_column]<div class=\"gt-heading gt-dark gt-size1 gt-align-center\"><div class=\"gt-title\">Pr\u00e9sentation de la conf\u00e9rence <span>EGC<\/span><\/div><div class=\"gt-separate\"><svg xmlns=\"http:\/\/www.w3.org\/2000\/svg\" viewBox=\"0 0 24 24\" fill=\"none\" stroke=\"currentColor\" stroke-width=\"2\" stroke-linecap=\"round\" stroke-linejoin=\"round\"><path d=\"M21 16V8a2 2 0 0 0-1-1.73l-7-4a2 2 0 0 0-2 0l-7 4A2 2 0 0 0 3 8v8a2 2 0 0 0 1 1.73l7 4a2 2 0 0 0 2 0l7-4A2 2 0 0 0 21 16z\"><\/path><polyline points=\"3.27 6.96 12 12.01 20.73 6.96\"><\/polyline><line x1=\"12\" y1=\"22.08\" x2=\"12\" y2=\"12\"><\/line><\/svg><\/div><\/div>[vc_column_text]<\/p>\n<blockquote><p><strong>Les actes RNTI sont disponibles ici: <a href=\"https:\/\/editions-rnti.fr\/?procid=100193\">https:\/\/editions-rnti.fr\/?procid=100193<\/a><\/strong><\/p><\/blockquote>\n<p><strong>La conf\u00e9rence\u00a0Extraction et Gestion des Connaissances (EGC)<\/strong> est un \u00e9v\u00e9nement annuel r\u00e9unissant des chercheurs et praticiens de disciplines relevant des sciences des donn\u00e9es et des connaissances. Ces disciplines incluent notamment l\u2019apprentissage automatique, l\u2019ing\u00e9nierie et la repr\u00e9sentation de connaissances, le raisonnement sur des donn\u00e9es et des connaissances, la fouille et l\u2019analyse de donn\u00e9es, les syst\u00e8mes d\u2019information, les bases de donn\u00e9es, le web s\u00e9mantique et les donn\u00e9es ouvertes, etc.<\/p>\n<p><strong>Tous les travaux innovants portant sur ces th\u00e8mes sont les bienvenus.<\/strong>\u00a0La conf\u00e9rence EGC est l\u2019occasion de faire se rencontrer acad\u00e9miques et industriels afin de confronter des travaux th\u00e9oriques et des applications pratiques sur des donn\u00e9es r\u00e9elles et de communiquer des travaux de qualit\u00e9, d\u2019\u00e9changer et de favoriser la fertilisation crois\u00e9e des id\u00e9es, \u00e0 travers la pr\u00e9sentation de travaux de recherche r\u00e9cents, de d\u00e9veloppements industriels et d\u2019applications originales.[\/vc_column_text][\/vc_column][\/vc_row][vc_row full_width=&#8221;stretch_row&#8221; background-position=&#8221;center-center&#8221; background-attachment=&#8221;fixed&#8221; css=&#8221;.vc_custom_1741870950594{background: #000000 url(https:\/\/conferences.sigappfr.org\/egc2026\/wp-content\/uploads\/2025\/03\/Picture2.jpg?id=5226) !important;background-position: center !important;background-repeat: no-repeat !important;background-size: cover !important;}&#8221; el_id=&#8221;Venue&#8221;][vc_column][vc_empty_space height=&#8221;75px&#8221;]<div class=\"gt-heading gt-white gt-size1 gt-align-center\"><div class=\"gt-title\">Lieu de <span>EGC 2026<\/span><\/div><div class=\"gt-separate\"><div class=\"gt-icon\"><svg xmlns=\"http:\/\/www.w3.org\/2000\/svg\" viewBox=\"0 0 24 24\" fill=\"none\" stroke=\"currentColor\" stroke-width=\"2\" stroke-linecap=\"round\" stroke-linejoin=\"round\"><path d=\"M21 10c0 7-9 13-9 13s-9-6-9-13a9 9 0 0 1 18 0z\"><\/path><circle cx=\"12\" cy=\"10\" r=\"3\"><\/circle><\/svg><\/div><\/div><div class=\"gt-text\">Novotel hotel, Anglet, France<\/div><\/div>[vc_empty_space height=&#8221;90px&#8221;]<div class=\"gt-button gt-style-1 gt-align-center gt-inline-false gt-margin-false\"><a href=\"https:\/\/conferences.sigappfr.org\/egc2026\/lieu-de-la-conference\/\" target=\"_parent\"><span>D\u00e9tails<\/span><\/a><\/div>[vc_empty_space height=&#8221;120px&#8221;][vc_empty_space height=&#8221;75px&#8221;][\/vc_column][\/vc_row][vc_row][vc_column]<div class=\"gt-heading gt-dark gt-size1 gt-align-center\"><div class=\"gt-title\">Gallerie<\/div><div class=\"gt-separate\"><svg xmlns=\"http:\/\/www.w3.org\/2000\/svg\" viewBox=\"0 0 24 24\" fill=\"none\" stroke=\"currentColor\" stroke-width=\"2\" stroke-linecap=\"round\" stroke-linejoin=\"round\"><path d=\"M21 16V8a2 2 0 0 0-1-1.73l-7-4a2 2 0 0 0-2 0l-7 4A2 2 0 0 0 3 8v8a2 2 0 0 0 1 1.73l7 4a2 2 0 0 0 2 0l7-4A2 2 0 0 0 21 16z\"><\/path><polyline points=\"3.27 6.96 12 12.01 20.73 6.96\"><\/polyline><line x1=\"12\" y1=\"22.08\" x2=\"12\" y2=\"12\"><\/line><\/svg><\/div><\/div>[vc_gallery type=&#8221;image_grid&#8221; images=&#8221;5230,5233,5229,5238,5237,5228,5232,5235,5234,5239,5178,5179,5180,5181,5182,5183,5174,5172,5171,5236,5170,5169,5167,5145&#8243;][\/vc_column][\/vc_row][vc_row content_placement=&#8221;middle&#8221;][vc_column]<div class=\"gt-heading gt-dark gt-size1 gt-align-center\"><div class=\"gt-title\">EGC 2026 <span>Sponsors<\/span><\/div><div class=\"gt-separate\"><svg xmlns=\"http:\/\/www.w3.org\/2000\/svg\" viewBox=\"0 0 24 24\" fill=\"none\" stroke=\"currentColor\" stroke-width=\"2\" stroke-linecap=\"round\" stroke-linejoin=\"round\"><path d=\"M21 16V8a2 2 0 0 0-1-1.73l-7-4a2 2 0 0 0-2 0l-7 4A2 2 0 0 0 3 8v8a2 2 0 0 0 1 1.73l7 4a2 2 0 0 0 2 0l7-4A2 2 0 0 0 21 16z\"><\/path><polyline points=\"3.27 6.96 12 12.01 20.73 6.96\"><\/polyline><line x1=\"12\" y1=\"22.08\" x2=\"12\" y2=\"12\"><\/line><\/svg><\/div><\/div>[vc_gallery type=&#8221;image_grid&#8221; images=&#8221;5746,5748,5700&#8243; img_size=&#8221;medium&#8221;][\/vc_column][\/vc_row][vc_row][vc_column]<div class=\"gt-heading gt-dark gt-size1 gt-align-center\"><div class=\"gt-title\">Nous <span>contacter<\/span><\/div><div class=\"gt-separate\"><div class=\"gt-icon\"><svg fill=\"currentColor\" viewBox=\"0 -98 512 512\" xmlns=\"http:\/\/www.w3.org\/2000\/svg\"><path d=\"m492 0h-472c-11.046875 0-20 8.953125-20 20v275.335938c0 11.042968 8.953125 20 20 20h472c11.046875 0 20-8.957032 20-20v-275.335938c0-11.046875-8.953125-20-20-20zm-118.324219 275.335938h-235.351562c-8.453125-50.175782-48.148438-89.871094-98.324219-98.324219v-38.6875c50.175781-8.453125 89.871094-48.148438 98.324219-98.324219h235.351562c8.453125 50.175781 48.148438 89.871094 98.324219 98.324219v38.6875c-50.175781 8.453125-89.871094 48.148437-98.324219 98.324219zm98.324219-177.867188c-28.070312-7.25-50.21875-29.398438-57.46875-57.46875h57.46875zm-374.53125-57.46875c-7.25 28.070312-29.398438 50.21875-57.46875 57.46875v-57.46875zm-57.46875 177.867188c28.070312 7.25 50.21875 29.394531 57.46875 57.46875h-57.46875zm374.53125 57.46875c7.25-28.074219 29.398438-50.21875 57.46875-57.46875v57.46875zm-158.53125-216.335938c-54.40625 0-98.667969 44.261719-98.667969 98.667969 0 54.402343 44.261719 98.667969 98.667969 98.667969s98.667969-44.265626 98.667969-98.667969c0-54.40625-44.261719-98.667969-98.667969-98.667969zm0 157.335938c-32.347656 0-58.667969-26.320313-58.667969-58.667969 0-32.351563 26.320313-58.667969 58.667969-58.667969s58.667969 26.316406 58.667969 58.667969c0 32.347656-26.320313 58.667969-58.667969 58.667969zm0 0\"><\/path><\/svg><\/div><\/div><\/div>[vc_column_text]<\/p>\n<h4 style=\"text-align: left;\"><div class=\"wpforms-container wpforms-container-full\" id=\"wpforms-3693\"><form id=\"wpforms-form-3693\" class=\"wpforms-validate wpforms-form wpforms-ajax-form\" data-formid=\"3693\" method=\"post\" enctype=\"multipart\/form-data\" action=\"\/egc2026\/wp-json\/wp\/v2\/pages\/1234\" data-token=\"4e300262f9f826968977407daa0e47af\"><noscript class=\"wpforms-error-noscript\">Please enable JavaScript in your browser to complete this form.<\/noscript><div class=\"wpforms-field-container\"><div id=\"wpforms-3693-field_0-container\" class=\"wpforms-field wpforms-field-name\" data-field-id=\"0\"><label class=\"wpforms-field-label\" for=\"wpforms-3693-field_0\">Name <span class=\"wpforms-required-label\">*<\/span><\/label><div class=\"wpforms-field-row wpforms-field-medium\"><div class=\"wpforms-field-row-block wpforms-first wpforms-one-half\"><input type=\"text\" id=\"wpforms-3693-field_0\" class=\"wpforms-field-name-first wpforms-field-required\" name=\"wpforms[fields][0][first]\" required><label for=\"wpforms-3693-field_0\" class=\"wpforms-field-sublabel after \">First<\/label><\/div><div class=\"wpforms-field-row-block wpforms-one-half\"><input type=\"text\" id=\"wpforms-3693-field_0-last\" class=\"wpforms-field-name-last wpforms-field-required\" name=\"wpforms[fields][0][last]\" required><label for=\"wpforms-3693-field_0-last\" class=\"wpforms-field-sublabel after \">Last<\/label><\/div><\/div><\/div><div id=\"wpforms-3693-field_1-container\" class=\"wpforms-field wpforms-field-email\" data-field-id=\"1\"><label class=\"wpforms-field-label\" for=\"wpforms-3693-field_1\">Email <span class=\"wpforms-required-label\">*<\/span><\/label><input type=\"email\" id=\"wpforms-3693-field_1\" class=\"wpforms-field-medium wpforms-field-required\" name=\"wpforms[fields][1]\" spellcheck=\"false\" required><\/div><div id=\"wpforms-3693-field_2-container\" class=\"wpforms-field wpforms-field-textarea\" data-field-id=\"2\"><label class=\"wpforms-field-label\" for=\"wpforms-3693-field_2\">Comment or Message<\/label><textarea id=\"wpforms-3693-field_2\" class=\"wpforms-field-medium\" name=\"wpforms[fields][2]\" ><\/textarea><\/div><\/div><!-- .wpforms-field-container --><div class=\"wpforms-recaptcha-container wpforms-is-recaptcha\" ><div class=\"g-recaptcha\" data-sitekey=\"6Ld-NYAjAAAAABshZF7jY1SJCtd9P6Vu9eZR_dJR\"><\/div><input type=\"text\" name=\"g-recaptcha-hidden\" class=\"wpforms-recaptcha-hidden\" style=\"position:absolute!important;clip:rect(0,0,0,0)!important;height:1px!important;width:1px!important;border:0!important;overflow:hidden!important;padding:0!important;margin:0!important;\" data-rule-recaptcha=\"1\"><\/div><div class=\"wpforms-submit-container\" ><input type=\"hidden\" name=\"wpforms[id]\" value=\"3693\"><input type=\"hidden\" name=\"wpforms[author]\" value=\"1\"><button type=\"submit\" name=\"wpforms[submit]\" id=\"wpforms-submit-3693\" class=\"wpforms-submit\" data-alt-text=\"Sending...\" data-submit-text=\"Submit\" aria-live=\"assertive\" value=\"wpforms-submit\">Submit<\/button><img loading=\"lazy\" decoding=\"async\" src=\"https:\/\/conferences.sigappfr.org\/egc2026\/wp-content\/plugins\/wpforms-lite\/assets\/images\/submit-spin.svg\" class=\"wpforms-submit-spinner\" style=\"display: none;\" width=\"26\" height=\"26\" alt=\"Loading\"><\/div><\/form><\/div>  <!-- .wpforms-container --><\/h4>\n<p>[\/vc_column_text][\/vc_column][\/vc_row][vc_row full_width=&#8221;stretch_row&#8221; disable_element=&#8221;yes&#8221; css=&#8221;.vc_custom_1741855885431{background-color: #f9f9f9 !important;}&#8221; el_id=&#8221;Speakers&#8221;][vc_column]<div class=\"gt-heading gt-dark gt-size1 gt-align-center\"><div class=\"gt-title\">INISTA 2025 <span>Keynote Speakers<\/span><\/div><div class=\"gt-separate\"><div class=\"gt-icon\"><svg xmlns=\"http:\/\/www.w3.org\/2000\/svg\" viewBox=\"0 0 24 24\" fill=\"none\" stroke=\"currentColor\" stroke-width=\"2\" stroke-linecap=\"round\" stroke-linejoin=\"round\"><path d=\"M17 21v-2a4 4 0 0 0-4-4H5a4 4 0 0 0-4 4v2\"><\/path><circle cx=\"9\" cy=\"7\" r=\"4\"><\/circle><path d=\"M23 21v-2a4 4 0 0 0-3-3.87\"><\/path><path d=\"M16 3.13a4 4 0 0 1 0 7.75\"><\/path><\/svg><\/div><\/div><\/div>[\/vc_column][vc_column][\/vc_column][\/vc_row]<\/p>\n","protected":false},"excerpt":{"rendered":"<p>[vc_row full_width=&#8221;stretch_row_content_no_spaces&#8221;][vc_column][vc_empty_space][\/vc_column][\/vc_row][vc_row][vc_column][vc_column_text] Les actes RNTI sont disponibles ici: https:\/\/editions-rnti.fr\/?procid=100193 La conf\u00e9rence\u00a0Extraction et Gestion des Connaissances (EGC) est un \u00e9v\u00e9nement annuel r\u00e9unissant des chercheurs et praticiens de disciplines relevant des sciences des donn\u00e9es et des connaissances. Ces disciplines incluent notamment l\u2019apprentissage&#8230;<\/p>\n","protected":false},"author":1,"featured_media":0,"parent":0,"menu_order":0,"comment_status":"closed","ping_status":"closed","template":"","meta":{"footnotes":""},"class_list":["post-1234","page","type-page","status-publish","hentry"],"_links":{"self":[{"href":"https:\/\/conferences.sigappfr.org\/egc2026\/wp-json\/wp\/v2\/pages\/1234","targetHints":{"allow":["GET"]}}],"collection":[{"href":"https:\/\/conferences.sigappfr.org\/egc2026\/wp-json\/wp\/v2\/pages"}],"about":[{"href":"https:\/\/conferences.sigappfr.org\/egc2026\/wp-json\/wp\/v2\/types\/page"}],"author":[{"embeddable":true,"href":"https:\/\/conferences.sigappfr.org\/egc2026\/wp-json\/wp\/v2\/users\/1"}],"replies":[{"embeddable":true,"href":"https:\/\/conferences.sigappfr.org\/egc2026\/wp-json\/wp\/v2\/comments?post=1234"}],"version-history":[{"count":200,"href":"https:\/\/conferences.sigappfr.org\/egc2026\/wp-json\/wp\/v2\/pages\/1234\/revisions"}],"predecessor-version":[{"id":5785,"href":"https:\/\/conferences.sigappfr.org\/egc2026\/wp-json\/wp\/v2\/pages\/1234\/revisions\/5785"}],"wp:attachment":[{"href":"https:\/\/conferences.sigappfr.org\/egc2026\/wp-json\/wp\/v2\/media?parent=1234"}],"curies":[{"name":"wp","href":"https:\/\/api.w.org\/{rel}","templated":true}]}}