{"id":3468,"date":"2022-09-10T08:30:44","date_gmt":"2022-09-10T08:30:44","guid":{"rendered":"https:\/\/conferences.sigappfr.org\/bci2026\/?page_id=3468"},"modified":"2026-02-08T18:47:01","modified_gmt":"2026-02-08T18:47:01","slug":"program-committee","status":"publish","type":"page","link":"https:\/\/conferences.sigappfr.org\/bci2026\/program-committee\/","title":{"rendered":"Program Committee"},"content":{"rendered":"<p>[vc_row][vc_column][vc_column_text]<\/p>\n<h2>List of Program Committee Members<\/h2>\n<ul>\n<li>Salvador Abreu, University of Evora, Portugal<\/li>\n<li>Adelina Aleksieva-Petrova, Technical University of Sofia, Bulgaria<\/li>\n<li>Veneta Aleksieva-Petrova, Technical university Varna, Bulgaria<\/li>\n<li>Costin B\u0103dic\u0103, University of Craiova, Romania<\/li>\n<li>Amelia B\u0103dic\u0103, University of Craiova, Romania<\/li>\n<li>Panayiotis Bozanis, International Hellenic University, Greece<\/li>\n<li>Drazen Brdjanin, University of Banja Luka, Serbia<\/li>\n<li>Betim Cico, University Ismail Qemali, Vlore, Albania<\/li>\n<li>Mirel Cosulschi, University of Craiova, Romania<\/li>\n<li>Christos Douligeris, University of Piraeus, Greece<\/li>\n<li>Georgios Evangelidis, University of Macedonia, Greece<\/li>\n<li>Stefka Fidanova, IICT, Bulgarian Academy of Sciences, Bulgaria<\/li>\n<li>Neki Frasheri, Academy of Sciences of Albania, Albania<\/li>\n<li>Tihana Galinac Grbac, University of Pula, Croatia<\/li>\n<li>Delyan Genkov, Technical University of Gabrovo, Bulgaria<\/li>\n<li>Christos Georgiadis, University of Macedonia, Greece<\/li>\n<li>Olga Georgieva, University of Sofia &#8220;St. Kliment Ohridski&#8221;, Bulgaria<\/li>\n<li>Manolis Gergatsoulis, Ionian University, Greece<\/li>\n<li>Apostolos Giannoulidis, CY Cergy Paris University, France<\/li>\n<li>Daniela Gifu, Alexandru Ioan Cuza University of Iasi, Romania<\/li>\n<li>Dejan Gjorgjevikj, Ss. Cyril and Methodius University in Skopje, North Macedonia<\/li>\n<li>George A. Gravvanis, Democritus University of Thrace, Greece<\/li>\n<li>Marjan Gusev, Ss. Cyril and Methodius University in Skopje, North Macedonia<\/li>\n<li>Saeid Hosseini, Sohar University, Oman<\/li>\n<li>Dhurate Hyseni, University of Prishtina, Kosovo<\/li>\n<li>Adrian Iftene, Alexandru Ioan Cuza University of Iasi, Romania<\/li>\n<li>Sergio Ilarri, University of Zaragoza, Spain<\/li>\n<li>Galina Ilieva, Plovdiv University Paisii Hilendarski, Bulgaria<\/li>\n<li>Mirjana Ivanovic, University of Novi Sad, Serbia<\/li>\n<li>Gordan Jezic, University of Zagreb, Croatia<\/li>\n<li>Vicente Julian, Polytechnic University of Valencia, Spain<\/li>\n<li>Pinar Karagoz, Middle East Technical University, Turkey<\/li>\n<li>Theodore Kaskalis, University of Macedonia, Greece<\/li>\n<li>Petros Kefalas, University of York, Europe Campus, Greece<\/li>\n<li>Georgios Keramidas, Aristotle University of Thessaloniki, Greece<\/li>\n<li>Vyacheslav Kharchenko, National Aerospace University KhAI, Ukraine<\/li>\n<li>Aleksandra Klasnja Milicevic, University of Novi Sad, Serbia<\/li>\n<li>Styliani Kleanthous, Open University of Cyprus, Cyprus<\/li>\n<li>Georgia Koloniari, University of Macedonia, Greece<\/li>\n<li>Petia Koprinkova-Hristova, IICT, Bulgarian Academy of Sciences, Bulgaria<\/li>\n<li>Dimitris Kotzinos, CY Cergy Paris University, France<\/li>\n<li>Georgia Kougka, Democritus University of Thrace, Greece<\/li>\n<li>Vladimir Kurbalija, University of Novi Sad, Serbia<\/li>\n<li>Vladimir Kurbalija, University of Novi Sad, Serbia<\/li>\n<li>Georgios Lampropoulos, University of Macedonia, Greece<\/li>\n<li>Suzana Loshkovska, Ss. Cyril and Methodius University in Skopje, North Macedonia<\/li>\n<li>Ivan Lukovic, University of Belgrade, Serbia<\/li>\n<li>Elinda Mece, Polytechnic University of Tirana, Albania<\/li>\n<li>Agon Memeti, University of Tetova, North Macedonia<\/li>\n<li>Boris Mila\u0161inovi\u0107, University of Zagreb , Croatia<\/li>\n<li>Dorian Minarolli, Polytechnic University of Tirana, Albania<\/li>\n<li>Anastas Mishev, Ss. Cyril and Methodius University in Skopje, North Macedonia<\/li>\n<li>Mihai Mocanu, University of Craiova, Romania<\/li>\n<li>Phivos Mylonas, University of West Attica, Greece<\/li>\n<li>Viorel Negru, West University of Timisoara, Romania<\/li>\n<li>Horia Pop, Babes-Bolyai University, Romania<\/li>\n<li>Paul Stefan Popescu, University of Craiova, Romania<\/li>\n<li>Radu-Emil Precup, Politehnica University of Timisoara, Romania<\/li>\n<li>Eftychios Protopapadakis, university of Macedonia, Greece<\/li>\n<li>Boris Rachev, Technical University of Varna, Bulgaria<\/li>\n<li>Gordana Rakic, University of Novi Sad , Serbia<\/li>\n<li>Wolfgang Renz, HAW Hamburg, Germany<\/li>\n<li>Blerim Rexha, University of Prishtina, Kosovo<\/li>\n<li>Sashko Ristov, University of Innsbruck, Austria<\/li>\n<li>Ilias Sakellariou, University of Macedonia, Greece<\/li>\n<li>Petr Saloun, Palacky University Olomouc, Czechia<\/li>\n<li>Milos Savic, University of Novi Sad, Serbia<\/li>\n<li>Zhaneta Savova, National Military University, Bulgaria<\/li>\n<li>Isak Shabani, University of Prishtina, Kosovo<\/li>\n<li>Angelo Sifaleras, University of Macedonia, Greece<\/li>\n<li>Spyros Sioutas, University of Patras, Greece<\/li>\n<li>Spiros Skiadopoulos, University of the Peloponnese, Greece<\/li>\n<li>Edlir Spaho, Epoka University, Albania<\/li>\n<li>Ioanna Stamatopoulou, University of York, Europe Campus, Greece<\/li>\n<li>Liana Stanescu, University of Craiova, Romania<\/li>\n<li>Leonid Stoimenov, University of Nis, Serbia<\/li>\n<li>Radovan Stojanovic, University of Montenegro, Montenegro<\/li>\n<li>Stanimir Stoyanov, Plovdiv University, Bulgaria<\/li>\n<li>Eleftherios Tiakas, International Hellenic University, Greece<\/li>\n<li>Theodoros Toliopoulos, Aristotle University of Thessaloniki, Greece<\/li>\n<li>Vladimir Trajkovik\u0458, Ss. Cyril and Methodius University in Skopje, North Macedonia<\/li>\n<li>Goran Velinov, Ss. Cyril and Methodius University in Skopje, North Macedonia<\/li>\n<li>Elior Vila, University of Elbasan, Albania<\/li>\n<li>Stelios Xinogalos, University of Macedonia, Greece<\/li>\n<\/ul>\n<p>[\/vc_column_text][\/vc_column][\/vc_row]<\/p>\n","protected":false},"excerpt":{"rendered":"<p>[vc_row][vc_column][vc_column_text] List of Program Committee Members Salvador Abreu, University of Evora, Portugal Adelina Aleksieva-Petrova, Technical University of Sofia, Bulgaria Veneta Aleksieva-Petrova, Technical university Varna, Bulgaria Costin B\u0103dic\u0103, University of Craiova, Romania Amelia B\u0103dic\u0103, University of Craiova, Romania Panayiotis Bozanis, International&#8230;<\/p>\n","protected":false},"author":1,"featured_media":0,"parent":0,"menu_order":0,"comment_status":"closed","ping_status":"closed","template":"","meta":{"footnotes":""},"class_list":["post-3468","page","type-page","status-publish","hentry"],"_links":{"self":[{"href":"https:\/\/conferences.sigappfr.org\/bci2026\/wp-json\/wp\/v2\/pages\/3468","targetHints":{"allow":["GET"]}}],"collection":[{"href":"https:\/\/conferences.sigappfr.org\/bci2026\/wp-json\/wp\/v2\/pages"}],"about":[{"href":"https:\/\/conferences.sigappfr.org\/bci2026\/wp-json\/wp\/v2\/types\/page"}],"author":[{"embeddable":true,"href":"https:\/\/conferences.sigappfr.org\/bci2026\/wp-json\/wp\/v2\/users\/1"}],"replies":[{"embeddable":true,"href":"https:\/\/conferences.sigappfr.org\/bci2026\/wp-json\/wp\/v2\/comments?post=3468"}],"version-history":[{"count":20,"href":"https:\/\/conferences.sigappfr.org\/bci2026\/wp-json\/wp\/v2\/pages\/3468\/revisions"}],"predecessor-version":[{"id":5626,"href":"https:\/\/conferences.sigappfr.org\/bci2026\/wp-json\/wp\/v2\/pages\/3468\/revisions\/5626"}],"wp:attachment":[{"href":"https:\/\/conferences.sigappfr.org\/bci2026\/wp-json\/wp\/v2\/media?parent=3468"}],"curies":[{"name":"wp","href":"https:\/\/api.w.org\/{rel}","templated":true}]}}