{"id":4256,"date":"2023-08-05T08:24:21","date_gmt":"2023-08-05T08:24:21","guid":{"rendered":"https:\/\/conferences.sigappfr.org\/adbis2024\/?page_id=4256"},"modified":"2024-08-26T07:26:27","modified_gmt":"2024-08-26T07:26:27","slug":"program","status":"publish","type":"page","link":"https:\/\/conferences.sigappfr.org\/adbis2024\/program\/","title":{"rendered":"Final Program"},"content":{"rendered":"<p>[vc_row][vc_column][vc_column_text]<\/p>\n<table class=\" aligncenter\" style=\"width: 75%; text-align: center;\">\n<tbody>\n<tr style=\"background-color: #9bc2e6;\">\n<td colspan=\"6\" width=\"931\">ADBIS 2024 \u2013 Bayonne from August 28th to August 31th<\/td>\n<\/tr>\n<tr>\n<td style=\"background-color: #bdd7ee;\" colspan=\"6\">Program<\/td>\n<\/tr>\n<tr style=\"background-color: #deacf5;\">\n<td style=\"width: 50%;\" colspan=\"3\">Wednesday, August 28th, 2024<\/td>\n<td style=\"border-left: 1px solid #000000; width: 50%;\" colspan=\"3\">Thursday, August 29th, 2024<\/td>\n<\/tr>\n<tr style=\"color: white; background-color: #9754cb;\">\n<td colspan=\"3\">Workshop sessions<\/td>\n<td style=\"border-left: 1px solid #000000;\" colspan=\"3\">Main conference sessions<\/td>\n<\/tr>\n<tr>\n<td style=\"writing-mode: tb-rl; background-color: #03c04a;\" rowspan=\"9\">Regisration<\/td>\n<td>9:00-10:15<\/td>\n<td><a href=\"#DC1\">DC1: Session 1 <\/a>, <a href=\"#DOING\">DOING<\/a><\/td>\n<td style=\"border-left: 1px solid #000000;\">9:00-9:30<\/td>\n<td>Opening<\/td>\n<td style=\"writing-mode: tb-rl; background-color: #03c04a;\" rowspan=\"9\">Regisration<\/td>\n<\/tr>\n<tr>\n<td style=\"background-color: #c6e0b4;\">10:15-10:30<\/td>\n<td style=\"background-color: #c6e0b4;\">Coffee break<\/td>\n<td style=\"border-left: 1px solid #000000;\">9:30-10:30<\/td>\n<td>Plenary &#8211; <a style=\"color: #ffbb00;\" href=\"https:\/\/conferences.sigappfr.org\/adbis2024\/speaker\/christian-s-jensen\/\">Christian S. Jensen<\/a><\/td>\n<\/tr>\n<tr>\n<td>10:30-12:00<\/td>\n<td><a style=\"color: #ffbb00;\" href=\"https:\/\/conferences.sigappfr.org\/adbis2024\/tutorials\/\">Tutorial 1<\/a><\/td>\n<td style=\"background-color: #c6e0b4; border-left: 1px solid #000000;\">10:30-11:00<\/td>\n<td style=\"background-color: #c6e0b4;\">Coffeee break<\/td>\n<\/tr>\n<tr>\n<td>12:00-13:00<\/td>\n<td><a href=\"#DC2\">DC2: DEI Activity<\/a>, <a href=\"#MADEISD1\">MADEISD1<\/a><\/td>\n<td style=\"border-left: 1px solid #000000;\">11:00-12:00<\/td>\n<td>DEI Keynote &#8211; <a href=\"https:\/\/conferences.sigappfr.org\/adbis2024\/speaker\/rita-bencivenga\/\">Rita Bencivenga<\/a><\/td>\n<\/tr>\n<tr>\n<td style=\"background-color: #c6e0b4;\">13:00-14:30<\/td>\n<td style=\"background-color: #c6e0b4;\">Lunch break<\/td>\n<td style=\"border-left: 1px solid #000000;\">12:00-13:30<\/td>\n<td><a href=\"#session_1\">Session1<\/a><\/td>\n<\/tr>\n<tr>\n<td>14:30-15:30<\/td>\n<td><a href=\"#DC3\">DC3: Keynote \u2013 Dialogue<\/a><\/td>\n<td style=\"border-left: 1px solid #000000; background-color: #c6e0b4;\">13:30-15:00<\/td>\n<td style=\"background-color: #c6e0b4;\">Lunch break<\/td>\n<\/tr>\n<tr>\n<td style=\"background-color: #c6e0b4;\">15:30-16:00<\/td>\n<td style=\"background-color: #c6e0b4;\">Coffee break<\/td>\n<td style=\"border-left: 1px solid #000000;\">15:00-16:30<\/td>\n<td><a href=\"#session_2\">Session2<\/a> &#8211; <a href=\"#session_3\">Session3<\/a><\/td>\n<\/tr>\n<tr>\n<td>16:00-17:00<\/td>\n<td><a href=\"#PERS\">PERS<\/a>, <a href=\"#K-GALS\">K-GALS<\/a><\/td>\n<td style=\"border-left: 1px solid #000000;\" rowspan=\"2\">16:30-18:30<\/td>\n<td rowspan=\"2\">SC meeting<\/td>\n<\/tr>\n<tr>\n<td>17:00-18:00<\/td>\n<td><a href=\"#MADEISD2\">MADEISD2<\/a><\/td>\n<\/tr>\n<tr style=\"background-color: #bdd7ee;\">\n<td>18:30-20:30<\/td>\n<td colspan=\"2\">Reception<\/td>\n<td style=\"border-left: 1px solid #000000;\">20:00-22:00<\/td>\n<td colspan=\"2\">Conference dinner<\/td>\n<\/tr>\n<tr style=\"background-color: #deacf5;\">\n<td colspan=\"3\">Friday, August 30th, 2024<\/td>\n<td style=\"border-left: 1px solid #000000;\" colspan=\"3\">Saturday, August 31th, 2024<\/td>\n<\/tr>\n<tr style=\"color: white; background-color: #9754cb;\">\n<td colspan=\"3\">Main conference sessions<\/td>\n<td style=\"border-left: 1px solid #000000;\" colspan=\"3\">Conference social program<\/td>\n<\/tr>\n<tr>\n<td style=\"writing-mode: tb-rl; background-color: #03c04a;\" rowspan=\"5\">Regisration<\/td>\n<td>9:00-10:00<\/td>\n<td>Plenary &#8211; <a style=\"color: #ffbb00;\" href=\"https:\/\/conferences.sigappfr.org\/adbis2024\/speaker\/schahram-dustdar\/\">Schahram Dustdar<\/a><\/td>\n<td style=\"border-left: 1px solid #000000; background-color: #bdd7ee;\" rowspan=\"10\">09:00-13:30<\/td>\n<td style=\"background-color: #bdd7ee;\" colspan=\"2\" rowspan=\"10\">Basque Country Discovery<br \/>\n(lunch included)<\/td>\n<\/tr>\n<tr>\n<td>10:00-11:00<\/td>\n<td>Plenary &#8211; <a style=\"color: #ffbb00;\" href=\"https:\/\/conferences.sigappfr.org\/adbis2024\/speaker\/angela-bonifati\/\">Angela Bonifati<\/a><\/td>\n<\/tr>\n<tr>\n<td style=\"background-color: #c6e0b4;\">11:00-11:30<\/td>\n<td style=\"background-color: #c6e0b4;\">Coffee break<\/td>\n<\/tr>\n<tr>\n<td>11:30-12:30<\/td>\n<td><a href=\"#session_4\">Session4<\/a> &#8211; <a href=\"#session_5\">Session5<\/a><\/td>\n<\/tr>\n<tr>\n<td style=\"background-color: #c6e0b4;\">12:30-14:00<\/td>\n<td style=\"background-color: #c6e0b4;\">Lunch break<\/td>\n<\/tr>\n<tr>\n<td>14:00-15:00<\/td>\n<td colspan=\"2\"><a href=\"#session_6\">Session6<\/a> &#8211; <a href=\"#session_7\">Session7<\/a><\/td>\n<\/tr>\n<tr>\n<td>15:00-16:00<\/td>\n<td colspan=\"2\"><a style=\"color: #ffbb00;\" href=\"http:\/\/vargas-solar.com\/adbis-dei\/\">DEI Panel<\/a><\/td>\n<\/tr>\n<tr>\n<td style=\"background-color: #c6e0b4;\">16:00-16:15<\/td>\n<td style=\"background-color: #c6e0b4;\" colspan=\"2\">Coffee break<\/td>\n<\/tr>\n<tr>\n<td>16:15-17:45<\/td>\n<td colspan=\"2\"><a style=\"color: #ffbb00;\" href=\"https:\/\/conferences.sigappfr.org\/adbis2024\/tutorials\/\">Tutorial 2<\/a><\/td>\n<\/tr>\n<tr style=\"background-color: #bdd7ee;\">\n<td>17:45-18:15<\/td>\n<td colspan=\"2\">Closing<\/td>\n<\/tr>\n<\/tbody>\n<\/table>\n<p>[\/vc_column_text][\/vc_column][\/vc_row][vc_row][vc_column][vc_column_text]<\/p>\n<table id=\"DC1\" class=\" aligncenter\" style=\"width: 75%;\">\n<tbody>\n<tr style=\"background-color: #9bc2e6;\">\n<td width=\"720\">Session DC1<\/td>\n<td colspan=\"2\" width=\"776\"><\/td>\n<\/tr>\n<tr>\n<td><\/td>\n<td width=\"720\">09:00 &#8211; 09:10<\/td>\n<td width=\"776\">Introduction to the Doctoral Consortium<br \/>\nDC Co-Chairs:<br \/>\n-Mirjana Ivanovic, University of Novi Sad, Serbia<br \/>\n-Genoveva Vargas-Solar, CNRS<br \/>\n-Ester Zumpano, U. of CalabriaOnline zoom meeting link: <a href=\"https:\/\/cnrs.zoom.us\/j\/93685453068?pwd=SarPlsCax7q6XF99l59Hi9aaqpSFLP.1\">https:\/\/cnrs.zoom.us\/j\/93685453068?pwd=SarPlsCax7q6XF99l59Hi9aaqpSFLP.1<\/a><br \/>\nPasscode: SC87Fc<\/td>\n<\/tr>\n<tr>\n<td width=\"720\"><\/td>\n<td width=\"776\">09:10\u00a0 &#8211; 10:15<\/td>\n<td><strong>Speed dating 5 minutes Madness\u00a0\u00a0&amp; Collective mentoring discussion<\/strong><br \/>\nFind your group Meeting Room <a href=\"http:\/\/vargas-solar.com\/adbis-dei\/speed-dating-mentoring-online-rooms\/\">http:\/\/vargas-solar.com\/adbis-dei\/speed-dating-mentoring-online-rooms\/<\/a><\/td>\n<\/tr>\n<tr>\n<td rowspan=\"2\" width=\"720\">DS for data-driven medical applications<\/td>\n<td width=\"776\">Mentor 1: Johann Gamper, Free University of Bozen-Bolzano, Italy<\/p>\n<p>Observer 1: Mirjana Ivanovic,<br \/>\nU. of Novi Sad, Serbia<\/td>\n<td>\n<ul>\n<li>Proposal for an Application for Scoliosis Screening and Follow-up, Lorella Bottino<\/li>\n<li>Using Graph Theory for Clinical Data Management, Ilaria Lazzaro<\/li>\n<li>Integrating Pseudo-Time Series Analysis into Telemedicine: Enhancing Real-Time Disease Monitoring and Intervention, Barbara Puccio<\/li>\n<\/ul>\n<\/td>\n<\/tr>\n<tr>\n<td width=\"776\">Mentor 2: Tatjana Welzer University of Maribor, Slovenia<\/p>\n<p>Observer 2: Ester Zumpano, University of Calabria, Italy<\/td>\n<td>\n<ul>\n<li>Classifying Chest X-Ray Images with Deep Learning Techniques: Challenges and Explainable Analysis, Tommaso Ruga<\/li>\n<li>Scalable Deep Learning: Applications in Medicine, Luca Barillaro<\/li>\n<li>Development of Explainable AI Methods for the Interpretation of Machine Learning Models in Bioinformatics and Medicine, Fedra Rosita Falvo<\/li>\n<\/ul>\n<\/td>\n<\/tr>\n<tr>\n<td width=\"720\">Natural Language Processing and its applications<\/td>\n<td width=\"776\">Mentor 3: Simona Rombo, University of Palermo, Italy<\/p>\n<p>Observer 3: Genoveva Vargas-Solar, CNRS, France<\/td>\n<td>\n<ul>\n<li>Advancing Legal NLP: Application of Pre-trained Language Models in the Legal Domain, Candida Maria Greco<\/li>\n<li>Negation Detection in Italian: A Key Challenge in Sentiment Analysis, Maria Chiara Martinis<\/li>\n<\/ul>\n<\/td>\n<\/tr>\n<tr>\n<td width=\"720\">DS methods and techniques<\/td>\n<td width=\"776\">Mentor 4: Barbara Catania, University of Genova<\/p>\n<p>Observer 4: Javier Espinosa, University Claude Bernard Lyon 1, France<\/td>\n<td>\n<ul>\n<li>Optimizing Federated Learning and Increasing Efficiency, Mihailo Ili\u0107<\/li>\n<li>Towards More Efficient and Improved Federated Learning, Jamsher Bhanbhro<\/li>\n<li>Deep Learning Techniques for Predicting Wildfires in Calabria Italy Using Environmental Parameters, Khushal Das<\/li>\n<\/ul>\n<\/td>\n<\/tr>\n<\/tbody>\n<\/table>\n<p>&nbsp;<\/p>\n<table id=\"DC2\" class=\" aligncenter\" style=\"width: 75%;\">\n<tbody>\n<tr style=\"background-color: #9bc2e6;\">\n<td width=\"720\">SESSION DC2: DEI Activity<\/td>\n<td width=\"776\"><\/td>\n<\/tr>\n<tr>\n<td colspan=\"2\" width=\"720\"><a href=\"http:\/\/vargas-solar.com\/adbis-dei\/di-perspectives-in-data-driven-experiments\/\">D&amp;I Perspectives in data-driven experiments<\/a><\/p>\n<p>Barbara Catania, University of Genova, Italy<\/p>\n<p><strong style=\"color: red;\">Bring your computer<\/strong><\/td>\n<\/tr>\n<\/tbody>\n<\/table>\n<p>&nbsp;<\/p>\n<table id=\"DC3\" class=\" aligncenter\" style=\"width: 75%;\">\n<tbody>\n<tr style=\"background-color: #9bc2e6;\">\n<td width=\"720\">SESSION DC3: Keynote &#8211; Dialogue<\/td>\n<td width=\"776\"><\/td>\n<\/tr>\n<tr>\n<td colspan=\"2\" width=\"720\">&#8220;Text mining application in medicine&#8221;<\/p>\n<p>Chair: Genoveva Vargas-Solar, CNRS, France<br \/>\n<a href=\"https:\/\/conferences.sigappfr.org\/adbis2024\/speaker\/chiara-zucco\/\">Chiara Zucco<\/a>, University Magna Gr\u00e6cia of Catanzaro, Italy<\/td>\n<\/tr>\n<\/tbody>\n<\/table>\n<p>&nbsp;<\/p>\n<table id=\"DOING\" class=\" aligncenter\" style=\"width: 75%;\">\n<tbody>\n<tr style=\"background-color: #9bc2e6;\">\n<td width=\"720\">SESSION DOING<\/td>\n<td width=\"776\"><\/td>\n<\/tr>\n<tr style=\"background-color: #bdd7ee;\">\n<td colspan=\"2\" width=\"720\">Session chairs: Cristina Dutra de Aguiar, Mirian Halfeld Ferrari<\/td>\n<\/tr>\n<tr>\n<td width=\"720\">Gerard Pons, Miona Dimic and Besim Bilalli<\/td>\n<td width=\"776\">Capturing Analytical Intents from Text<\/td>\n<\/tr>\n<tr>\n<td width=\"720\">Heloisa Fernanda Rocha, Carlos Augusto Prolo, Aurora Trinidad Ramirez Pozo and Carmem Satie Hara<\/td>\n<td width=\"776\">The Effect of Text Normalization on Mining Portuguese Man-of-War Instagram Posts<\/td>\n<\/tr>\n<tr>\n<td width=\"720\">Jacques Chabin, Mirian Halfeld-Ferrari and Lingchen Wang<\/td>\n<td width=\"776\">A Preliminary Investigation: Strategies for Incorporating Logical Rules into Knowledge Graph Embeddings<\/td>\n<\/tr>\n<tr>\n<td width=\"720\">M\u00e1rcia Jacobina and Claudia Bauzer Medeiros<\/td>\n<td width=\"776\">Construction of Open Data Sources for Data Interoperability in Brazilian Health Information Systems<\/td>\n<\/tr>\n<tr>\n<td width=\"720\">Tiago Jos\u00e9 Toledo Junior, Diego Raphael Amancio and Roseli Aparecida Romero<\/td>\n<td width=\"776\">Using Topic Analysis and Complex Networks to Analyze the Social and Ideological Behavior of the Brazilian Chamber of Deputies<\/td>\n<\/tr>\n<\/tbody>\n<\/table>\n<p>&nbsp;<\/p>\n<table id=\"K-GALS\" class=\" aligncenter\" style=\"width: 75%;\">\n<tbody>\n<tr style=\"background-color: #9bc2e6;\">\n<td width=\"720\">SESSION K-GALS<\/td>\n<td width=\"776\"><\/td>\n<\/tr>\n<tr style=\"background-color: #bdd7ee;\">\n<td width=\"720\">Session chair: Genoveva Vargas-Solar<\/td>\n<td width=\"776\"><\/td>\n<\/tr>\n<tr>\n<td width=\"720\">Zo\u00e8 Chevallier (Invited talk)<\/td>\n<td width=\"776\">Identifying Relevant Data in RDF Sources<\/td>\n<\/tr>\n<tr>\n<td width=\"720\">Mirian Halfeld Ferrari Alves, Anne-Lyse Minard-Frost and Genoveva Vargas-Solar<\/td>\n<td width=\"776\">Transforming Text into Knowledge with Graphs: Report of the GDR MADICS DOING Action<\/td>\n<\/tr>\n<tr>\n<td width=\"720\">Vaaruni Desai, Yinglan Chi, Jon Stephens and Amarnath Gupta<\/td>\n<td width=\"776\">Building Model-Driven Knowledge Graphs via Large Language Models<\/td>\n<\/tr>\n<\/tbody>\n<\/table>\n<p>&nbsp;<\/p>\n<table id=\"MADEISD1\" class=\" aligncenter\" style=\"width: 75%;\">\n<tbody>\n<tr style=\"background-color: #9bc2e6;\">\n<td width=\"720\">SESSION MADEISD1<\/td>\n<td width=\"776\"><\/td>\n<\/tr>\n<tr style=\"background-color: #bdd7ee;\">\n<td width=\"720\">Session chair: Sonja Risti\u0107<\/td>\n<td width=\"776\"><\/td>\n<\/tr>\n<tr>\n<td width=\"720\">Kornelije Rabuzin, Maja Cerjan and Mislav Jak\u0161i\u0107<\/td>\n<td width=\"776\">Process Mining in Croatia\u2019s Judicial Auctions<\/td>\n<\/tr>\n<tr>\n<td width=\"720\">Marija \u0110uki\u0107, Milica \u0160kembarevi\u0107, Olga Jeji\u0107 and Ivan Lukovi\u0107<\/td>\n<td width=\"776\">Towards the Utilization of AI-powered Assistance for Systematic Literature Review<\/td>\n<\/tr>\n<tr>\n<td width=\"720\">Niki Hrovatin and Aleksandar To\u0161i\u0107<\/td>\n<td width=\"776\">Estimating Information Efficiency of Bitcoin Inscriptions<\/td>\n<\/tr>\n<\/tbody>\n<\/table>\n<p>&nbsp;<\/p>\n<table id=\"MADEISD2\" class=\" aligncenter\" style=\"width: 75%;\">\n<tbody>\n<tr style=\"background-color: #9bc2e6;\">\n<td width=\"720\">SESSION MADEISD2<\/td>\n<td width=\"776\"><\/td>\n<\/tr>\n<tr style=\"background-color: #bdd7ee;\">\n<td width=\"720\">Session chair: Sonja Risti\u0107<\/td>\n<td width=\"776\"><\/td>\n<\/tr>\n<tr>\n<td width=\"720\">Mateusz Erezman and Tomasz Dziubich<\/td>\n<td width=\"776\">Deep Learning-Based Cellular Nuclei Segmentation Using Transformer Mode<\/td>\n<\/tr>\n<tr>\n<td width=\"720\">Elena Akik, Marko Vje\u0161tica, Vladimir Dimitrieski, Slavica Kordi\u0107 and Sonja Risti\u0107<\/td>\n<td width=\"776\">Towards a Model-Driven Approach to Enable Uniform Access to Vector Databases<\/td>\n<\/tr>\n<tr>\n<td width=\"720\">Danijela Banjac, Milica Matic, Nedeljko Cvijanovic, Drazen Brdjanin, Goran Banjac and Djordje Stojisavljevic<\/td>\n<td width=\"776\">Employing Multiple Online Translation Services in a Multilingual Database Design Tool<\/td>\n<\/tr>\n<\/tbody>\n<\/table>\n<p>&nbsp;<\/p>\n<table id=\"PERS\" class=\" aligncenter\" style=\"width: 75%;\">\n<tbody>\n<tr style=\"background-color: #9bc2e6;\">\n<td width=\"720\">SESSION PERS<\/td>\n<td width=\"776\"><\/td>\n<\/tr>\n<tr style=\"background-color: #bdd7ee;\">\n<td width=\"720\">Session chair: Justyna G\u0142ogowska<\/td>\n<td width=\"776\"><\/td>\n<\/tr>\n<tr>\n<td width=\"720\">Olga Cherednichenko and Oleksandr Sutiahin<\/td>\n<td width=\"776\">Development of Collaborative Business Intelligence Framework for Tourism Analysis<\/td>\n<\/tr>\n<tr>\n<td width=\"720\">Justyna G\u0142ogowska, Dariusz Kobiela and Szymon Mielewczyk<\/td>\n<td width=\"776\">Session-based Recommendation with Graph Neural Networks with an Examination of the Impact of Local and Global Vectors<\/td>\n<\/tr>\n<tr>\n<td width=\"720\">Ghassen Frikha, Xavier Lorca, Pingaud Herve, Adel Taweel, Christophe Bortolaso, Katarzyna Borgiel and Elyes Lamine<\/td>\n<td width=\"776\">Senselife: Service Recommendation and Frailty Prevention through Knowledge Models<\/td>\n<\/tr>\n<tr>\n<td width=\"720\">Haider Zulfiqar, Emilia Lenzi and Kostas Stefanidis<\/td>\n<td width=\"776\">Evaluating Diversity in Sequential Group Recommendations<\/td>\n<\/tr>\n<\/tbody>\n<\/table>\n<p>&nbsp;<\/p>\n<table id=\"session_1\" class=\" aligncenter\" style=\"width: 75%;\">\n<tbody>\n<tr style=\"background-color: #9bc2e6;\">\n<td width=\"720\">SESSSION 1<\/td>\n<td width=\"776\">ALGEBRA, MODELS, SCHEMATA<\/td>\n<\/tr>\n<tr style=\"background-color: #bdd7ee;\">\n<td width=\"720\">Session chair: Alexandros Karakasidis<\/td>\n<td width=\"776\"><\/td>\n<\/tr>\n<tr>\n<td width=\"720\">Fabien Coelho and Claire Yannou-Medrala<\/td>\n<td width=\"776\">JSON Model: a Lightweight Featureful DSL for JSON<\/td>\n<\/tr>\n<tr>\n<td width=\"720\">Johann Bornholdt, Theodoros Chondrogiannis and Michael Grossniklaus<\/td>\n<td width=\"776\">A Data Model and Predicate Logic for Trajectory Data<\/td>\n<\/tr>\n<tr>\n<td width=\"720\">Luca Anselma, Antonella Coviello and Paolo Terenziani<\/td>\n<td width=\"776\">Evaluating a Temporal Relational Algebra supporting Preferences in Temporal Relational Databases<\/td>\n<\/tr>\n<tr>\n<td width=\"720\">Maude Manouvrier and Khalid Belhajjame<\/td>\n<td width=\"776\">PG-FD: Mapping Functional Dependencies to the Future Property Graph Schema Standard<\/td>\n<\/tr>\n<\/tbody>\n<\/table>\n<p>&nbsp;<\/p>\n<p>&nbsp;<\/p>\n<table id=\"session_2\" class=\" aligncenter\" style=\"width: 75%;\">\n<tbody>\n<tr style=\"background-color: #9bc2e6;\">\n<td width=\"720\">SESSION 2<\/td>\n<td width=\"776\">DISCOVERY AND DATA ANALYSIS<\/td>\n<\/tr>\n<tr style=\"background-color: #bdd7ee;\">\n<td width=\"720\">Session chair: Alexander Brinkmann<\/td>\n<td width=\"776\"><\/td>\n<\/tr>\n<tr>\n<td width=\"720\">Zo\u00e9 Chevallier, Zoubida Kedad, B\u00e9atrice Finance and Fr\u00e9d\u00e9ric Chaillan<\/td>\n<td width=\"776\">Generating SPARQL Queries for Data Discovery<\/td>\n<\/tr>\n<tr>\n<td width=\"720\">Alexandre Chanson, Nicolas Labroche, Patrick Marcel, Ver\u00f3nika Peralta and Panos Vassiliadis<\/td>\n<td width=\"776\">Interestingness Measures for Exploratory Data Analysis: A Survey (short)<\/td>\n<\/tr>\n<tr>\n<td width=\"720\">Vadim Arzamasov and Klemens B\u00f6hm<\/td>\n<td width=\"776\">A Reproducibility Study of Subgroup Discovery Algorithms (short)<\/td>\n<\/tr>\n<\/tbody>\n<\/table>\n<p>&nbsp;<\/p>\n<table id=\"session_3\" class=\" aligncenter\" style=\"width: 75%;\">\n<tbody>\n<tr style=\"background-color: #9bc2e6;\">\n<td width=\"720\">SESSION 3<\/td>\n<td width=\"776\">ALGORITHMS AND OPTIMIZATION<\/td>\n<\/tr>\n<tr style=\"background-color: #bdd7ee;\">\n<td width=\"720\">Session chair: Olga Cherednichenko<\/td>\n<td width=\"776\"><\/td>\n<\/tr>\n<tr>\n<td width=\"720\">Bithika Pal<\/td>\n<td width=\"776\">A Recursive Approach for Maximal (\u0394,\u03b3)-Clique Enumeration in Temporal Networks<\/td>\n<\/tr>\n<tr>\n<td width=\"720\">Dildar Ali, Suman Banerjee and Yamuna Prasad<\/td>\n<td width=\"776\">Influential Billboard Slot Selection under Zonal Influence Constraint<\/td>\n<\/tr>\n<tr>\n<td width=\"720\">Johannes Fett, Dirk Habich and Wolfgang Lehner<\/td>\n<td width=\"776\">Amethyst &#8211; A Generalized on-the-fly De\/Re-compression Framework to Accelerate Data-intensive Integer Operations on GPUs<\/td>\n<\/tr>\n<\/tbody>\n<\/table>\n<p>&nbsp;<\/p>\n<table id=\"session_4\" class=\" aligncenter\" style=\"width: 75%;\">\n<tbody>\n<tr style=\"background-color: #9bc2e6;\">\n<td width=\"720\">SESSION 4<\/td>\n<td width=\"776\">ACCESS METHODS AND QUERY PROCESSING<\/td>\n<\/tr>\n<tr style=\"background-color: #bdd7ee;\">\n<td width=\"720\">Session chair: Luca Anselma<\/td>\n<td width=\"776\"><\/td>\n<\/tr>\n<tr>\n<td width=\"720\">Soroush Omidvartehrani, Arash Dargahi Nobari and Davood Rafiei<\/td>\n<td width=\"776\">GXJoin: Generalized Cell Transformations for Explainable Joinability<\/td>\n<\/tr>\n<tr>\n<td width=\"720\">Xiaofei Zhao and Kam-Yiu Lam<\/td>\n<td width=\"776\">Density Based Learned Spatial Index for Clustered Data<\/td>\n<\/tr>\n<tr>\n<td width=\"720\">Luana Pereira dos Reis and Daniel Kaster<\/td>\n<td width=\"776\">A Compact and Efficient Data Structure for Line-based Processing of Series of Raster Data (short)<\/td>\n<\/tr>\n<\/tbody>\n<\/table>\n<p>&nbsp;<\/p>\n<table id=\"session_5\" class=\" aligncenter\" style=\"width: 75%;\">\n<tbody>\n<tr style=\"background-color: #9bc2e6;\">\n<td width=\"720\">SESSION 5<\/td>\n<td width=\"776\">ADVANCED ARCHITECTURES<\/td>\n<\/tr>\n<tr style=\"background-color: #bdd7ee;\">\n<td width=\"720\">Session chair: Theodoros Chondrogiannis<\/td>\n<td width=\"776\"><\/td>\n<\/tr>\n<tr>\n<td width=\"720\">Owais Qayyum and Weihai Yu<\/td>\n<td width=\"776\">Coordination-Free Parallel and Replicated Datalog Streams<\/td>\n<\/tr>\n<tr>\n<td width=\"720\">Andr\u00e9 Berthold, Lennart Schmidt, Anton Obersteiner, Dirk Habich, Wolfgang Lehner and Horst Schirmeier<\/td>\n<td width=\"776\">On-the-fly Data Distribution to Accelerate Query Processing in Heterogeneous Memory Systems<\/td>\n<\/tr>\n<tr>\n<td width=\"720\">Sayed Hoseini, Maximilian Ibbels and Christoph Quix<\/td>\n<td width=\"776\">Enhancing Machine Learning Capabilities in Data Lakes with AutoML and LLMs<\/td>\n<\/tr>\n<\/tbody>\n<\/table>\n<p>&nbsp;<\/p>\n<table id=\"session_6\" class=\" aligncenter\" style=\"width: 75%;\">\n<tbody>\n<tr style=\"background-color: #9bc2e6;\">\n<td width=\"720\">SESSION 6<\/td>\n<td width=\"776\">MACHINE LEARNING<\/td>\n<\/tr>\n<tr style=\"background-color: #bdd7ee;\">\n<td width=\"720\">Session chair: Amarnath Gupta<\/td>\n<td width=\"776\"><\/td>\n<\/tr>\n<tr>\n<td width=\"720\">Alexander Stahl and Ingo Schmitt<\/td>\n<td width=\"776\">BBQ-Tree &#8211; A Decision Tree with Boolean and Quantum Logic Decisions<\/td>\n<\/tr>\n<tr>\n<td width=\"720\">Michail Zervas and Alexandros Karakasidis<\/td>\n<td width=\"776\">FedeM: Federated Learning-Based Privacy-Preserving Record Matching (short)<\/td>\n<\/tr>\n<tr>\n<td width=\"720\">Mihalis Tsoukalos, Pantelis Chronis, Nikos Platis and Costas Vassilakis<\/td>\n<td width=\"776\">Estimating MPdist with SAX and Machine Learning (short)<\/td>\n<\/tr>\n<\/tbody>\n<\/table>\n<p>&nbsp;<\/p>\n<table id=\"session_7\" class=\" aligncenter\" style=\"width: 75%;\">\n<tbody>\n<tr style=\"background-color: #9bc2e6;\">\n<td width=\"720\">SESSION 7<\/td>\n<td width=\"776\">LARGE LANGUAGE MODELS<\/td>\n<\/tr>\n<tr style=\"background-color: #bdd7ee;\">\n<td width=\"720\">Session chair: Joe Tekli<\/td>\n<td width=\"776\"><\/td>\n<\/tr>\n<tr>\n<td width=\"720\">Alexander Brinkmann, Nick Baumann and Christian Bizer<\/td>\n<td width=\"776\">Using LLMs for the Extraction and Normalization of Product Attribute Values<\/td>\n<\/tr>\n<tr>\n<td width=\"720\">Diarmuid O&#8217;Reilly-Morgan, Elias Tragos, Erika Duriakova, Honghui Du, Neil Hurley and Aonghus Lawlor<\/td>\n<td width=\"776\">Entity Matching with Large Language Models as Weak and Strong labellers (short)<\/td>\n<\/tr>\n<tr>\n<td width=\"720\">Fabian Biester, Mohamed Abdelaal and Daniel Del Gaudio<\/td>\n<td width=\"776\">LLMClean: Context-Aware Tabular Data Cleaning via LLM-Generated OFDs (short)<\/td>\n<\/tr>\n<\/tbody>\n<\/table>\n<p>[\/vc_column_text][\/vc_column][\/vc_row]<\/p>\n","protected":false},"excerpt":{"rendered":"<p>[vc_row][vc_column][vc_column_text] ADBIS 2024 \u2013 Bayonne from August 28th to August 31th Program Wednesday, August 28th, 2024 Thursday, August 29th, 2024 Workshop sessions Main conference sessions Regisration 9:00-10:15 DC1: Session 1 , DOING 9:00-9:30 Opening Regisration 10:15-10:30 Coffee break 9:30-10:30 Plenary&#8230;<\/p>\n","protected":false},"author":1,"featured_media":0,"parent":0,"menu_order":0,"comment_status":"closed","ping_status":"closed","template":"","meta":{"footnotes":""},"class_list":["post-4256","page","type-page","status-publish","hentry"],"_links":{"self":[{"href":"https:\/\/conferences.sigappfr.org\/adbis2024\/wp-json\/wp\/v2\/pages\/4256","targetHints":{"allow":["GET"]}}],"collection":[{"href":"https:\/\/conferences.sigappfr.org\/adbis2024\/wp-json\/wp\/v2\/pages"}],"about":[{"href":"https:\/\/conferences.sigappfr.org\/adbis2024\/wp-json\/wp\/v2\/types\/page"}],"author":[{"embeddable":true,"href":"https:\/\/conferences.sigappfr.org\/adbis2024\/wp-json\/wp\/v2\/users\/1"}],"replies":[{"embeddable":true,"href":"https:\/\/conferences.sigappfr.org\/adbis2024\/wp-json\/wp\/v2\/comments?post=4256"}],"version-history":[{"count":172,"href":"https:\/\/conferences.sigappfr.org\/adbis2024\/wp-json\/wp\/v2\/pages\/4256\/revisions"}],"predecessor-version":[{"id":4994,"href":"https:\/\/conferences.sigappfr.org\/adbis2024\/wp-json\/wp\/v2\/pages\/4256\/revisions\/4994"}],"wp:attachment":[{"href":"https:\/\/conferences.sigappfr.org\/adbis2024\/wp-json\/wp\/v2\/media?parent=4256"}],"curies":[{"name":"wp","href":"https:\/\/api.w.org\/{rel}","templated":true}]}}