{"id":3468,"date":"2022-09-10T08:30:44","date_gmt":"2022-09-10T08:30:44","guid":{"rendered":"https:\/\/conferences.sigappfr.org\/adbis2024\/?page_id=3468"},"modified":"2024-06-19T09:34:09","modified_gmt":"2024-06-19T09:34:09","slug":"program-committee","status":"publish","type":"page","link":"https:\/\/conferences.sigappfr.org\/adbis2024\/program-committee\/","title":{"rendered":"Program Committee"},"content":{"rendered":"<p>[vc_row][vc_column][vc_column_text]<\/p>\n<table class=\"table table-bordered table-hover table-condensed\">\n<tbody>\n<tr>\n<td>Agata Filipowska<\/td>\n<td>Poznan University of Economics<\/td>\n<td>Poland<\/td>\n<\/tr>\n<tr>\n<td>Alberto Abello<\/td>\n<td>Universitat Polit\u00e8cnica de Catalunya<\/td>\n<td>Spain<\/td>\n<\/tr>\n<tr>\n<td>Alberto Guti\u00e9rrez Torre<\/td>\n<td>Barcelona Supercomputing Center<\/td>\n<td>Spain<\/td>\n<\/tr>\n<tr>\n<td>Alejandro Mat\u00e9<\/td>\n<td>University of Alicante<\/td>\n<td>Spain<\/td>\n<\/tr>\n<tr>\n<td>Aleksandra Karpus<\/td>\n<td>Gdansk University of Technology<\/td>\n<td>Poland<\/td>\n<\/tr>\n<tr>\n<td>Alexandre Chanson<\/td>\n<td>University of Tours<\/td>\n<td>France<\/td>\n<\/tr>\n<tr>\n<td>Alexandros Karakasidis<\/td>\n<td>University of Macedonia<\/td>\n<td>Greece<\/td>\n<\/tr>\n<tr>\n<td>Andreas Behrend<\/td>\n<td>University of Bonn<\/td>\n<td>Germany<\/td>\n<\/tr>\n<tr>\n<td>Andrzej Kozik<\/td>\n<td>Opole University<\/td>\n<td>Poland<\/td>\n<\/tr>\n<tr>\n<td>Angelo Montanari<\/td>\n<td>University of Udine<\/td>\n<td>Italy<\/td>\n<\/tr>\n<tr>\n<td>Anton Dignos<\/td>\n<td>Libera Universit\u00e0 di Bolzano<\/td>\n<td>Italy<\/td>\n<\/tr>\n<tr>\n<td>Antonio Corral<\/td>\n<td>University of Almeria<\/td>\n<td>Spain<\/td>\n<\/tr>\n<tr>\n<td>Arpita Dutta<\/td>\n<td>National University of Singapore<\/td>\n<td>Singapore<\/td>\n<\/tr>\n<tr>\n<td>Audrone Lupeikiene<\/td>\n<td>Vilnius University<\/td>\n<td>Lithuania<\/td>\n<\/tr>\n<tr>\n<td>Bentayeb Fadila<\/td>\n<td>Lyon University<\/td>\n<td>France<\/td>\n<\/tr>\n<tr>\n<td>Bernd Amann<\/td>\n<td>Sorbonne Universit\u00e9<\/td>\n<td>France<\/td>\n<\/tr>\n<tr>\n<td>Bernhard Thalheim<\/td>\n<td>Christian-Albrechts-Universit\u00e4t zu Kiel<\/td>\n<td>Germany<\/td>\n<\/tr>\n<tr>\n<td>Besim Bilalli<\/td>\n<td>Universitat Polit\u00e8cnica de Catalunya<\/td>\n<td>Spain<\/td>\n<\/tr>\n<tr>\n<td>Boris Novikov<\/td>\n<td><\/td>\n<td><\/td>\n<\/tr>\n<tr>\n<td>Boussaid Omar<\/td>\n<td>Universit\u00e9 Lyon 2<\/td>\n<td>France<\/td>\n<\/tr>\n<tr>\n<td>Carmem S. Hara<\/td>\n<td>Universidade Federal do Parana<\/td>\n<td>Brazil<\/td>\n<\/tr>\n<tr>\n<td>Chalachew Muluken Liyew<\/td>\n<td>University of Torino<\/td>\n<td>Italy<\/td>\n<\/tr>\n<tr>\n<td>Cheikh Ba<\/td>\n<td>Universit\u00e9 Gaston Berger de Saint-Louis<\/td>\n<td>Senegal<\/td>\n<\/tr>\n<tr>\n<td>Christos Doulkeridis<\/td>\n<td>University of Piraeus<\/td>\n<td>Greece<\/td>\n<\/tr>\n<tr>\n<td>Claudia Steinberger<\/td>\n<td>Universitaet Klagenfurt<\/td>\n<td>Austria<\/td>\n<\/tr>\n<tr>\n<td>Costin Badica<\/td>\n<td>University of Craiova<\/td>\n<td>Romania<\/td>\n<\/tr>\n<tr>\n<td>Cristina D. Aguiar<\/td>\n<td>Universidade de S\u00e3o Paulo<\/td>\n<td>Brazil<\/td>\n<\/tr>\n<tr>\n<td>Damiano Carra<\/td>\n<td>University of Verona<\/td>\n<td>Italy<\/td>\n<\/tr>\n<tr>\n<td>Daniele Apiletti<\/td>\n<td>Politecnico di Torino<\/td>\n<td>Italy<\/td>\n<\/tr>\n<tr>\n<td>Dejan Lavbic<\/td>\n<td>University of Ljubljana<\/td>\n<td>Solvenia<\/td>\n<\/tr>\n<tr>\n<td>Dijana Ore\u0161ki<\/td>\n<td>University of Zagreb<\/td>\n<td>Croatia<\/td>\n<\/tr>\n<tr>\n<td>Drazen Brdjanin<\/td>\n<td>University of Banja Luka<\/td>\n<td>Bosnia and Herzegovina<\/td>\n<\/tr>\n<tr>\n<td>Flavio Ferrarotti<\/td>\n<td>Software Competence Centre Hagenberg<\/td>\n<td>Austria<\/td>\n<\/tr>\n<tr>\n<td>Francesco Guerra<\/td>\n<td>Universit\u00e0 di Modena e Reggio Emilia<\/td>\n<td>Italy<\/td>\n<\/tr>\n<tr>\n<td>Franck Ravat<\/td>\n<td>Universit\u00e9 de Toulouse<\/td>\n<td>France<\/td>\n<\/tr>\n<tr>\n<td>George Papastefanatos<\/td>\n<td>ATHENA Research Center<\/td>\n<td>Greece<\/td>\n<\/tr>\n<tr>\n<td>Georgia Koloniari<\/td>\n<td>University of Macedonia<\/td>\n<td>Greece<\/td>\n<\/tr>\n<tr>\n<td>Georgios Evangelidis<\/td>\n<td>University of Macedonia<\/td>\n<td>Greece<\/td>\n<\/tr>\n<tr>\n<td>Giuseppe Polese<\/td>\n<td>University of Salerno<\/td>\n<td>Italy<\/td>\n<\/tr>\n<tr>\n<td>Goran Velinov<\/td>\n<td>Cyril and Methodius University in Skopje<\/td>\n<td>North Macedonia<\/td>\n<\/tr>\n<tr>\n<td>Gunter Saake<\/td>\n<td>University of Magdeburg<\/td>\n<td>Germany<\/td>\n<\/tr>\n<tr>\n<td>Haridimos Kondylakis<\/td>\n<td>Institute of Computer Science<\/td>\n<td>Greece<\/td>\n<\/tr>\n<tr>\n<td>Isabelle Comyn-Wattiau<\/td>\n<td>ESSEC Business School<\/td>\n<td>France<\/td>\n<\/tr>\n<tr>\n<td>Ivan Lukovic<\/td>\n<td>University of Belgrade<\/td>\n<td>Serbia<\/td>\n<\/tr>\n<tr>\n<td>Jaroslav Pokorny<\/td>\n<td>Charles University in Prague<\/td>\n<td>Czechia<\/td>\n<\/tr>\n<tr>\n<td>Javier A. Espinosa-Oviedo<\/td>\n<td>University of Lyon<\/td>\n<td>France<\/td>\n<\/tr>\n<tr>\n<td>J\u00e9r\u00f4me Darmont<\/td>\n<td>Universit\u00e9 Lyon 2<\/td>\n<td>France<\/td>\n<\/tr>\n<tr>\n<td>Joe Tekli<\/td>\n<td>Lebanese American University<\/td>\n<td>Lebanon<\/td>\n<\/tr>\n<tr>\n<td>Johann Eder<\/td>\n<td>Alpen Adria Universit\u00e4t Klagenfurt<\/td>\n<td>Austria<\/td>\n<\/tr>\n<tr>\n<td>Jos\u00e9 R.R. Viqueira<\/td>\n<td>University of Santiago de Compostela<\/td>\n<td>Spain<\/td>\n<\/tr>\n<tr>\n<td>Josep Berral<\/td>\n<td>Barcelona Supercomputing Center<\/td>\n<td>Spain<\/td>\n<\/tr>\n<tr>\n<td>Julius K\u00f6pke<\/td>\n<td>Universit\u00e4t Klagenfurt<\/td>\n<td>Austria<\/td>\n<\/tr>\n<tr>\n<td>Kemal Polat<\/td>\n<td>Abant Izzet Baysal University<\/td>\n<td>Turkey<\/td>\n<\/tr>\n<tr>\n<td>Khalid Belhajjame<\/td>\n<td>Universit\u00e9 Paris-Dauphine<\/td>\n<td>France<\/td>\n<\/tr>\n<tr>\n<td>Kjetil N\u00f8rv\u00e5g<\/td>\n<td>Norwegian University of Science and Technology<\/td>\n<td>Norway<\/td>\n<\/tr>\n<tr>\n<td>Ladjel Bellatreche<\/td>\n<td>University of Poitiers<\/td>\n<td>France<\/td>\n<\/tr>\n<tr>\n<td>Lorena Etcheverry<\/td>\n<td>Universidad de la Rep\u00fablica<\/td>\n<td>Uruguay<\/td>\n<\/tr>\n<tr>\n<td>Marcos Sfair Sunye<\/td>\n<td>Universidade Federal do Parana<\/td>\n<td>Brazil<\/td>\n<\/tr>\n<tr>\n<td>Mar\u00eda del Mar Rold\u00e1n<\/td>\n<td>Universidad de Malaga<\/td>\n<td>Spain<\/td>\n<\/tr>\n<tr>\n<td>Mariella Bonomo<\/td>\n<td>Universit\u00e0 degli Studi di Palermo<\/td>\n<td>Italy<\/td>\n<\/tr>\n<tr>\n<td>Markus Endres<\/td>\n<td>University of Applied Sciences Munich<\/td>\n<td>Germany<\/td>\n<\/tr>\n<tr>\n<td>Matteo Francia<\/td>\n<td>University of Bologna<\/td>\n<td>Italy<\/td>\n<\/tr>\n<tr>\n<td>Miguel A. Martinez-Prieto<\/td>\n<td>University of Valladolid<\/td>\n<td>Spain<\/td>\n<\/tr>\n<tr>\n<td>Milos Radovanovic<\/td>\n<td>University of Novi Sad<\/td>\n<td>Serbia<\/td>\n<\/tr>\n<tr>\n<td>Milos Savic<\/td>\n<td>University of Novi Sad<\/td>\n<td>Serbia<\/td>\n<\/tr>\n<tr>\n<td>Mirian Halfeld-Ferrari<\/td>\n<td>Universit\u00e9 d&#8217;Orl\u00e9ans<\/td>\n<td>France<\/td>\n<\/tr>\n<tr>\n<td>Moharram Challenger<\/td>\n<td>University of Antwerp<\/td>\n<td>Belgium<\/td>\n<\/tr>\n<tr>\n<td>Mounir Zrigui<\/td>\n<td>University of Monastir<\/td>\n<td>Tunisia<\/td>\n<\/tr>\n<tr>\n<td>Nicolas Labroche<\/td>\n<td>Universit\u00e9 de Tours<\/td>\n<td>France<\/td>\n<\/tr>\n<tr>\n<td>Nikolaos Polatidis<\/td>\n<td>University of Brighton<\/td>\n<td>United Kingdom<\/td>\n<\/tr>\n<tr>\n<td>Panos Vassiliadis<\/td>\n<td>University of Ioannina<\/td>\n<td>Greece<\/td>\n<\/tr>\n<tr>\n<td>Patrick Marcel<\/td>\n<td>University of Orl\u00e9ans<\/td>\n<td>France<\/td>\n<\/tr>\n<tr>\n<td>Pawel Boinski<\/td>\n<td>Poznan University of Technology<\/td>\n<td>Poland<\/td>\n<\/tr>\n<tr>\n<td>Petr Hajek<\/td>\n<td>University of Pardubice<\/td>\n<td>Czechia<\/td>\n<\/tr>\n<tr>\n<td>Richard Chbeir<\/td>\n<td>Universit\u00e9 de Pau et des Pays de l&#8217;Adour<\/td>\n<td>France<\/td>\n<\/tr>\n<tr>\n<td>Robert Wrembel<\/td>\n<td>Poznan Unviersity of Technology<\/td>\n<td>Poland<\/td>\n<\/tr>\n<tr>\n<td>Rog\u00e9rio Lu\u00eds De Carvalho Costa<\/td>\n<td>Polytechnic of Leiria<\/td>\n<td>Portugal<\/td>\n<\/tr>\n<tr>\n<td>Sandro Bimonte<\/td>\n<td>INRAE<\/td>\n<td>France<\/td>\n<\/tr>\n<tr>\n<td>Sara Migliorini<\/td>\n<td>Universit\u00e0 degli Studi di Verona<\/td>\n<td>Italy<\/td>\n<\/tr>\n<tr>\n<td>Sergey Stupnikov<\/td>\n<td>Russian Academy of Sciences<\/td>\n<td>Russia<\/td>\n<\/tr>\n<tr>\n<td>Sergi Nadal<\/td>\n<td>Universitat Polit\u00e8cnica de Catalunya<\/td>\n<td>Spain<\/td>\n<\/tr>\n<tr>\n<td>Simona E. Rombo<\/td>\n<td>Universit\u00e0 degli Studi di Palermo<\/td>\n<td>Italy<\/td>\n<\/tr>\n<tr>\n<td>Slavica Kordic<\/td>\n<td>University of Novi Sad<\/td>\n<td>Serbia<\/td>\n<\/tr>\n<tr>\n<td>Sonja Ristic<\/td>\n<td>University of Novi Sad<\/td>\n<td>Serbia<\/td>\n<\/tr>\n<tr>\n<td>Spiros Skiadopoulos<\/td>\n<td>University of Peloponnese<\/td>\n<td>Greece<\/td>\n<\/tr>\n<tr>\n<td>Stefan Jablonski<\/td>\n<td>University of Bayreuth<\/td>\n<td>Germany<\/td>\n<\/tr>\n<tr>\n<td>Stefano Rizzi<\/td>\n<td>University of Bologna<\/td>\n<td>Italy<\/td>\n<\/tr>\n<tr>\n<td>Sylvio Barbon<\/td>\n<td>University of Trieste<\/td>\n<td>Italy<\/td>\n<\/tr>\n<tr>\n<td>Tadeusz Morzy<\/td>\n<td>Poznan University of Technology<\/td>\n<td>Poland<\/td>\n<\/tr>\n<tr>\n<td>Tania Cerquitelli<\/td>\n<td>Politecnico di Torino<\/td>\n<td>Italy<\/td>\n<\/tr>\n<tr>\n<td>Veronika Peralta<\/td>\n<td>University of Tours<\/td>\n<td>France<\/td>\n<\/tr>\n<tr>\n<td>William Steingartner<\/td>\n<td>Technical university of Kosice<\/td>\n<td>Slovakia<\/td>\n<\/tr>\n<tr>\n<td>Witold Andrzejewski<\/td>\n<td>Poznan University of Technology<\/td>\n<td>Poland<\/td>\n<\/tr>\n<tr>\n<td>Yannis Manolopoulos<\/td>\n<td>Open University of Cyprus<\/td>\n<td>Cyprus<\/td>\n<\/tr>\n<tr>\n<td>Ylenia Galluzzo<\/td>\n<td>Universit\u00e0 degli Studi di Palermo<\/td>\n<td>Italy<\/td>\n<\/tr>\n<tr>\n<td>Yves Rybarczyk<\/td>\n<td>Dalarna University<\/td>\n<td>Sweden<\/td>\n<\/tr>\n<tr>\n<td>Zoubida Kedad<\/td>\n<td>University of Versailles<\/td>\n<td>France<\/td>\n<\/tr>\n<\/tbody>\n<\/table>\n<p>[\/vc_column_text][\/vc_column][\/vc_row][vc_row][vc_column][\/vc_column][\/vc_row]<\/p>\n","protected":false},"excerpt":{"rendered":"<p>[vc_row][vc_column][vc_column_text] Agata Filipowska Poznan University of Economics Poland Alberto Abello Universitat Polit\u00e8cnica de Catalunya Spain Alberto Guti\u00e9rrez Torre Barcelona Supercomputing Center Spain Alejandro Mat\u00e9 University of Alicante Spain Aleksandra Karpus Gdansk University of Technology Poland Alexandre Chanson University of Tours&#8230;<\/p>\n","protected":false},"author":1,"featured_media":0,"parent":0,"menu_order":0,"comment_status":"closed","ping_status":"closed","template":"","meta":{"footnotes":""},"class_list":["post-3468","page","type-page","status-publish","hentry"],"_links":{"self":[{"href":"https:\/\/conferences.sigappfr.org\/adbis2024\/wp-json\/wp\/v2\/pages\/3468","targetHints":{"allow":["GET"]}}],"collection":[{"href":"https:\/\/conferences.sigappfr.org\/adbis2024\/wp-json\/wp\/v2\/pages"}],"about":[{"href":"https:\/\/conferences.sigappfr.org\/adbis2024\/wp-json\/wp\/v2\/types\/page"}],"author":[{"embeddable":true,"href":"https:\/\/conferences.sigappfr.org\/adbis2024\/wp-json\/wp\/v2\/users\/1"}],"replies":[{"embeddable":true,"href":"https:\/\/conferences.sigappfr.org\/adbis2024\/wp-json\/wp\/v2\/comments?post=3468"}],"version-history":[{"count":17,"href":"https:\/\/conferences.sigappfr.org\/adbis2024\/wp-json\/wp\/v2\/pages\/3468\/revisions"}],"predecessor-version":[{"id":4793,"href":"https:\/\/conferences.sigappfr.org\/adbis2024\/wp-json\/wp\/v2\/pages\/3468\/revisions\/4793"}],"wp:attachment":[{"href":"https:\/\/conferences.sigappfr.org\/adbis2024\/wp-json\/wp\/v2\/media?parent=3468"}],"curies":[{"name":"wp","href":"https:\/\/api.w.org\/{rel}","templated":true}]}}